{"id":14164,"date":"2020-03-16T01:32:16","date_gmt":"2020-03-16T00:32:16","guid":{"rendered":"https:\/\/macchiaverde-bio.shop\/produkt\/huile-dolive-biologique-lo-smeraldo-bag-in-box-2-x-5-l\/"},"modified":"2024-06-22T12:06:17","modified_gmt":"2024-06-22T10:06:17","slug":"huile-d-olive-biologique-lo-smeraldo-bag-in-box-2-x-5-l","status":"publish","type":"product","link":"https:\/\/macchiaverde-bio.shop\/fr\/produkt\/huile-d-olive-biologique-lo-smeraldo-bag-in-box-2-x-5-l\/","title":{"rendered":"Huile d&rsquo;olive biologique &#8211; Lo Smeraldo &#8211; Bag in Box 2 x 5 L"},"content":{"rendered":"","protected":false},"excerpt":{"rendered":"<p>&#8211; <strong>2 BaginBox de 5 litres en carton<\/strong> &#8211;<br \/>\nLa Smeraldo est une olive verte brillante, au corps de haute qualit\u00e9, compos\u00e9e \u00e0 100% d&rsquo;olive Coratina. L&rsquo;ann\u00e9e derni\u00e8re, nous avons particip\u00e9 \u00e0 des concours nationaux et internationaux, remportant une m\u00e9daille d&rsquo;argent et une m\u00e9daille de platine dans la cat\u00e9gorie \u00ab Fruit Intense \u00bb, avec un maximum de <strong>1246 mg<\/strong> \/kg de polyph\u00e9nols, avec un maximum de 5-6 huiles. Dans le pratique \u00ab Bag in Box \u00bb, l&rsquo;huile d&rsquo;olive arrive fra\u00eeche d\u00e8s le premier jour de l&rsquo;ann\u00e9e.<\/p>\n","protected":false},"featured_media":14025,"comment_status":"closed","ping_status":"closed","template":"","meta":[],"product_brand":[],"product_cat":[1361,1279],"product_tag":[1282,1283,1347,1281],"class_list":{"0":"post-14164","1":"product","2":"type-product","3":"status-publish","4":"has-post-thumbnail","6":"product_cat-bag-in-box-dhuile-dolive","7":"product_cat-offres-speciales","8":"product_tag-fruite","9":"product_tag-intensif","10":"product_tag-offre","11":"product_tag-olivenoel-fr","12":"product_shipping_class-speditions-kosten-fr","14":"first","15":"instock","16":"taxable","17":"shipping-taxable","18":"purchasable","19":"product-type-simple"},"_links":{"self":[{"href":"https:\/\/macchiaverde-bio.shop\/fr\/wp-json\/wp\/v2\/product\/14164","targetHints":{"allow":["GET"]}}],"collection":[{"href":"https:\/\/macchiaverde-bio.shop\/fr\/wp-json\/wp\/v2\/product"}],"about":[{"href":"https:\/\/macchiaverde-bio.shop\/fr\/wp-json\/wp\/v2\/types\/product"}],"replies":[{"embeddable":true,"href":"https:\/\/macchiaverde-bio.shop\/fr\/wp-json\/wp\/v2\/comments?post=14164"}],"wp:featuredmedia":[{"embeddable":true,"href":"https:\/\/macchiaverde-bio.shop\/fr\/wp-json\/wp\/v2\/media\/14025"}],"wp:attachment":[{"href":"https:\/\/macchiaverde-bio.shop\/fr\/wp-json\/wp\/v2\/media?parent=14164"}],"wp:term":[{"taxonomy":"product_brand","embeddable":true,"href":"https:\/\/macchiaverde-bio.shop\/fr\/wp-json\/wp\/v2\/product_brand?post=14164"},{"taxonomy":"product_cat","embeddable":true,"href":"https:\/\/macchiaverde-bio.shop\/fr\/wp-json\/wp\/v2\/product_cat?post=14164"},{"taxonomy":"product_tag","embeddable":true,"href":"https:\/\/macchiaverde-bio.shop\/fr\/wp-json\/wp\/v2\/product_tag?post=14164"}],"curies":[{"name":"wp","href":"https:\/\/api.w.org\/{rel}","templated":true}]}}