{"id":14161,"date":"2020-03-12T00:00:28","date_gmt":"2020-03-11T23:00:28","guid":{"rendered":"https:\/\/macchiaverde-bio.shop\/produkt\/huile-dolive-biologique-lo-smeraldo-bag-in-box-5-l\/"},"modified":"2024-06-22T12:07:02","modified_gmt":"2024-06-22T10:07:02","slug":"huile-d-olive-bio-lo-smeraldo-bag-in-box-5-l","status":"publish","type":"product","link":"https:\/\/macchiaverde-bio.shop\/fr\/produkt\/huile-d-olive-bio-lo-smeraldo-bag-in-box-5-l\/","title":{"rendered":"Huile d&rsquo;Olive Biologique &#8211; Lo Smeraldo &#8211; Bag In Box 5 L"},"content":{"rendered":"","protected":false},"excerpt":{"rendered":"<p><strong>&#8211; Lo Smeraldo &#8211; Bag In Box 5 L &#8211;<\/strong><br \/>\nSmeraldo est une huile verte et cors\u00e9e de la plus haute qualit\u00e9, press\u00e9e \u00e0 partir d&rsquo;olives 100% Coratina. Il a particip\u00e9 ann\u00e9e apr\u00e8s ann\u00e9e \u00e0 tous les concours nationaux et internationaux et a \u00e9t\u00e9 r\u00e9compens\u00e9 d&rsquo;Or et de Platine dans la cat\u00e9gorie \u00ab Full Fruit \u00bb. Avec 1246 mg\/kg de polyph\u00e9nols, elle est l&rsquo;un des premiers producteurs internationaux d&rsquo;huile d&rsquo;olive. Dans le pratique \u00ab\u00a0Bag in Box\u00a0\u00bb, l&rsquo;huile d&rsquo;olive reste aussi fra\u00eeche que le premier jour, jusqu&rsquo;\u00e0 la derni\u00e8re goutte.<\/p>\n","protected":false},"featured_media":14022,"comment_status":"open","ping_status":"closed","template":"","meta":[],"product_brand":[],"product_cat":[1361,1279],"product_tag":[1282,1283,1347,1281],"class_list":{"0":"post-14161","1":"product","2":"type-product","3":"status-publish","4":"has-post-thumbnail","6":"product_cat-bag-in-box-dhuile-dolive","7":"product_cat-offres-speciales","8":"product_tag-fruite","9":"product_tag-intensif","10":"product_tag-offre","11":"product_tag-olivenoel-fr","13":"first","14":"instock","15":"taxable","16":"shipping-taxable","17":"purchasable","18":"product-type-simple"},"_links":{"self":[{"href":"https:\/\/macchiaverde-bio.shop\/fr\/wp-json\/wp\/v2\/product\/14161","targetHints":{"allow":["GET"]}}],"collection":[{"href":"https:\/\/macchiaverde-bio.shop\/fr\/wp-json\/wp\/v2\/product"}],"about":[{"href":"https:\/\/macchiaverde-bio.shop\/fr\/wp-json\/wp\/v2\/types\/product"}],"replies":[{"embeddable":true,"href":"https:\/\/macchiaverde-bio.shop\/fr\/wp-json\/wp\/v2\/comments?post=14161"}],"wp:featuredmedia":[{"embeddable":true,"href":"https:\/\/macchiaverde-bio.shop\/fr\/wp-json\/wp\/v2\/media\/14022"}],"wp:attachment":[{"href":"https:\/\/macchiaverde-bio.shop\/fr\/wp-json\/wp\/v2\/media?parent=14161"}],"wp:term":[{"taxonomy":"product_brand","embeddable":true,"href":"https:\/\/macchiaverde-bio.shop\/fr\/wp-json\/wp\/v2\/product_brand?post=14161"},{"taxonomy":"product_cat","embeddable":true,"href":"https:\/\/macchiaverde-bio.shop\/fr\/wp-json\/wp\/v2\/product_cat?post=14161"},{"taxonomy":"product_tag","embeddable":true,"href":"https:\/\/macchiaverde-bio.shop\/fr\/wp-json\/wp\/v2\/product_tag?post=14161"}],"curies":[{"name":"wp","href":"https:\/\/api.w.org\/{rel}","templated":true}]}}