{"id":14160,"date":"2015-03-08T22:24:30","date_gmt":"2015-03-08T21:24:30","guid":{"rendered":"https:\/\/macchiaverde-bio.shop\/produkt\/huile-dolive-biologique-lo-smeraldo-bouteilles-3-x-500-ml\/"},"modified":"2026-02-09T23:08:57","modified_gmt":"2026-02-09T22:08:57","slug":"huile-dolive-bio-lo-smeraldo-bouteilles-3-x-500-ml","status":"publish","type":"product","link":"https:\/\/macchiaverde-bio.shop\/fr\/produkt\/huile-dolive-bio-lo-smeraldo-bouteilles-3-x-500-ml\/","title":{"rendered":"Huile d&rsquo;olive biologique &#8211; Lo Smeraldo &#8211; Bouteilles 3 x 500 ml"},"content":{"rendered":"","protected":false},"excerpt":{"rendered":"<p>HUILE D&rsquo;OLIVE VIERGE EXTRA<br \/>\n&#8211; PRESS\u00c9 \u00c0 FROID &#8211;<br \/>\n<strong>&#8211; Carton de 3 bouteilles &#8211;<\/strong><\/p>\n<p id=\"tw-target-text\" class=\"tw-data-text tw-text-large tw-ta\" dir=\"ltr\" data-placeholder=\"\u00dcbersetzung\"><span lang=\"de\">Le Smeraldo (L&rsquo;\u00e9meraude) est une huile d&rsquo;olive verte et cors\u00e9e de la plus haute qualit\u00e9, elle est press\u00e9e \u00e0 partir d&rsquo;olives 100% Coratina. Ann\u00e9e apr\u00e8s ann\u00e9e, il participe \u00e0 tous les concours nationaux et internationaux et se voit d\u00e9cerner une <strong>m\u00e9daille de platine<\/strong> dans la cat\u00e9gorie <strong>\u00ab Full Fruity \u00bb<\/strong> .<br \/>\n<\/span><\/p>\n<p class=\"tw-data-text tw-text-large tw-ta\" dir=\"ltr\" data-placeholder=\"\u00dcbersetzung\"><span lang=\"de\">En raison de l&rsquo;utilisation exclusive d&rsquo; <strong>olives Coratina<\/strong> , le Smeraldo se caract\u00e9rise par sa teneur extr\u00eamement <strong>\u00e9lev\u00e9e<\/strong> <strong>en polyph\u00e9nols<\/strong> . La haute teneur en polyph\u00e9nols conf\u00e8re notamment \u00e0 l&rsquo;huile de Coratina un go\u00fbt <strong>intense, fruit\u00e9 et frais<\/strong> . L&rsquo;odeur des olives est claire et incomparable, il y a des notes claires de fruits crus au go\u00fbt et des notes d&rsquo;amandes vertes fra\u00eeches.<\/span><\/p>\n<p dir=\"ltr\" data-placeholder=\"\u00dcbersetzung\">Le Smeraldo est id\u00e9al pour les <strong>pizzas<\/strong> et les plats de <strong>p\u00e2tes<\/strong> , ainsi que pour la focaccia, <strong>le steak<\/strong> et <strong>les grillades<\/strong> . C&rsquo;est aussi l&rsquo;huile d&rsquo;olive id\u00e9ale pour <strong>faire des marinades et des marinades pour barbecue<\/strong> , car la teneur maximale en polyph\u00e9nols lui permet de p\u00e9n\u00e9trer profond\u00e9ment dans la viande et de transporter les ar\u00f4mes des \u00e9pices.<\/p>\n","protected":false},"featured_media":14058,"comment_status":"open","ping_status":"closed","template":"","meta":[],"product_brand":[],"product_cat":[1278],"product_tag":[1282,1283,1281],"class_list":{"0":"post-14160","1":"product","2":"type-product","3":"status-publish","4":"has-post-thumbnail","6":"product_cat-bouteilles-dhuile-dolive","7":"product_tag-fruite","8":"product_tag-intensif","9":"product_tag-olivenoel-fr","11":"first","12":"instock","13":"taxable","14":"shipping-taxable","15":"purchasable","16":"product-type-simple"},"_links":{"self":[{"href":"https:\/\/macchiaverde-bio.shop\/fr\/wp-json\/wp\/v2\/product\/14160","targetHints":{"allow":["GET"]}}],"collection":[{"href":"https:\/\/macchiaverde-bio.shop\/fr\/wp-json\/wp\/v2\/product"}],"about":[{"href":"https:\/\/macchiaverde-bio.shop\/fr\/wp-json\/wp\/v2\/types\/product"}],"replies":[{"embeddable":true,"href":"https:\/\/macchiaverde-bio.shop\/fr\/wp-json\/wp\/v2\/comments?post=14160"}],"wp:featuredmedia":[{"embeddable":true,"href":"https:\/\/macchiaverde-bio.shop\/fr\/wp-json\/wp\/v2\/media\/14058"}],"wp:attachment":[{"href":"https:\/\/macchiaverde-bio.shop\/fr\/wp-json\/wp\/v2\/media?parent=14160"}],"wp:term":[{"taxonomy":"product_brand","embeddable":true,"href":"https:\/\/macchiaverde-bio.shop\/fr\/wp-json\/wp\/v2\/product_brand?post=14160"},{"taxonomy":"product_cat","embeddable":true,"href":"https:\/\/macchiaverde-bio.shop\/fr\/wp-json\/wp\/v2\/product_cat?post=14160"},{"taxonomy":"product_tag","embeddable":true,"href":"https:\/\/macchiaverde-bio.shop\/fr\/wp-json\/wp\/v2\/product_tag?post=14160"}],"curies":[{"name":"wp","href":"https:\/\/api.w.org\/{rel}","templated":true}]}}