{"id":14158,"date":"2020-03-12T00:26:16","date_gmt":"2020-03-11T23:26:16","guid":{"rendered":"https:\/\/macchiaverde-bio.shop\/produkt\/huile-dolive-bio-leliodoro-bag-in-box-5-l\/"},"modified":"2024-06-22T12:06:53","modified_gmt":"2024-06-22T10:06:53","slug":"huile-d-olive-bio-leliodoro-bag-in-box-5-l","status":"publish","type":"product","link":"https:\/\/macchiaverde-bio.shop\/fr\/produkt\/huile-d-olive-bio-leliodoro-bag-in-box-5-l\/","title":{"rendered":"Huile d&rsquo;Olive Bio &#8211; L&rsquo;Eliodoro &#8211; Bag In Box 5 L"},"content":{"rendered":"","protected":false},"excerpt":{"rendered":"<p>\u2013 <strong>Sacchetto en scatola de 5 litres \u2013<\/strong><br \/>\nL&rsquo;Eliodoro (L&rsquo;H\u00e9liodor) est une huile d&rsquo;olive jaune d&rsquo;or et \u00e9quilibr\u00e9e de la plus haute qualit\u00e9, elle est obtenue \u00e0 partir de 70% de Coratina et 30% d&rsquo;olives d&rsquo;Ogliarola. Il a remport\u00e9 des prix dans des concours nationaux et internationaux, dont une m\u00e9daille d&rsquo;argent dans la cat\u00e9gorie \u00ab Moyennement Fruit\u00e9 \u00bb avec ses 714 mg\/kg de polyph\u00e9nols, il est l&rsquo;un des leaders de sa cat\u00e9gorie ; Dans le pratique \u00ab Bag in Box \u00bb, l\u2019huile d\u2019olive reste aussi fra\u00eeche que le premier jour jusqu\u2019\u00e0 la derni\u00e8re goutte.<\/p>\n","protected":false},"featured_media":14013,"comment_status":"open","ping_status":"closed","template":"","meta":[],"product_brand":[],"product_cat":[1361,1279],"product_tag":[1282,1283,1347,1281],"class_list":{"0":"post-14158","1":"product","2":"type-product","3":"status-publish","4":"has-post-thumbnail","6":"product_cat-bag-in-box-dhuile-dolive","7":"product_cat-offres-speciales","8":"product_tag-fruite","9":"product_tag-intensif","10":"product_tag-offre","11":"product_tag-olivenoel-fr","13":"first","14":"instock","15":"taxable","16":"shipping-taxable","17":"purchasable","18":"product-type-simple"},"_links":{"self":[{"href":"https:\/\/macchiaverde-bio.shop\/fr\/wp-json\/wp\/v2\/product\/14158","targetHints":{"allow":["GET"]}}],"collection":[{"href":"https:\/\/macchiaverde-bio.shop\/fr\/wp-json\/wp\/v2\/product"}],"about":[{"href":"https:\/\/macchiaverde-bio.shop\/fr\/wp-json\/wp\/v2\/types\/product"}],"replies":[{"embeddable":true,"href":"https:\/\/macchiaverde-bio.shop\/fr\/wp-json\/wp\/v2\/comments?post=14158"}],"wp:featuredmedia":[{"embeddable":true,"href":"https:\/\/macchiaverde-bio.shop\/fr\/wp-json\/wp\/v2\/media\/14013"}],"wp:attachment":[{"href":"https:\/\/macchiaverde-bio.shop\/fr\/wp-json\/wp\/v2\/media?parent=14158"}],"wp:term":[{"taxonomy":"product_brand","embeddable":true,"href":"https:\/\/macchiaverde-bio.shop\/fr\/wp-json\/wp\/v2\/product_brand?post=14158"},{"taxonomy":"product_cat","embeddable":true,"href":"https:\/\/macchiaverde-bio.shop\/fr\/wp-json\/wp\/v2\/product_cat?post=14158"},{"taxonomy":"product_tag","embeddable":true,"href":"https:\/\/macchiaverde-bio.shop\/fr\/wp-json\/wp\/v2\/product_tag?post=14158"}],"curies":[{"name":"wp","href":"https:\/\/api.w.org\/{rel}","templated":true}]}}