{"id":14156,"date":"2020-01-12T21:59:11","date_gmt":"2020-01-12T20:59:11","guid":{"rendered":"https:\/\/macchiaverde-bio.shop\/produkt\/trio-dhuiles-dolive-coffret-de-degustation\/"},"modified":"2025-02-25T18:26:43","modified_gmt":"2025-02-25T17:26:43","slug":"coffret-de-degustation-trio-dhuiles-dolive","status":"publish","type":"product","link":"https:\/\/macchiaverde-bio.shop\/fr\/produkt\/coffret-de-degustation-trio-dhuiles-dolive\/","title":{"rendered":"Trio d&rsquo;huiles d&rsquo;olive &#8211; coffret d&rsquo;\u00e9chantillons &#8211; 3 x 500 ml"},"content":{"rendered":"","protected":false},"excerpt":{"rendered":"<p>Coffret de d\u00e9part \u00e0 l&rsquo;huile d&rsquo;olive avec nos 3 huiles d&rsquo;olive bio pour les ind\u00e9cis ! Une bouteille de 500 ml chacune de \u00ab\u00a0Smeraldo\u00a0\u00bb, \u00ab\u00a0Eliodoro\u00a0\u00bb et 500 ml \u00ab\u00a0Classico\u00a0\u00bb \u00e0 essayer. D\u00e9cidez laquelle des 3 huiles vous pr\u00e9f\u00e9rez.<\/p>\n","protected":false},"featured_media":14040,"comment_status":"open","ping_status":"closed","template":"","meta":[],"product_brand":[],"product_cat":[1278,1279],"product_tag":[1357,1355,1356,1281],"class_list":{"0":"post-14156","1":"product","2":"type-product","3":"status-publish","4":"has-post-thumbnail","6":"product_cat-bouteilles-dhuile-dolive","7":"product_cat-offres-speciales","8":"product_tag-bestellen-fr","9":"product_tag-biologique","10":"product_tag-ensemble-dessai","11":"product_tag-olivenoel-fr","13":"first","14":"instock","15":"taxable","16":"shipping-taxable","17":"purchasable","18":"product-type-simple"},"_links":{"self":[{"href":"https:\/\/macchiaverde-bio.shop\/fr\/wp-json\/wp\/v2\/product\/14156","targetHints":{"allow":["GET"]}}],"collection":[{"href":"https:\/\/macchiaverde-bio.shop\/fr\/wp-json\/wp\/v2\/product"}],"about":[{"href":"https:\/\/macchiaverde-bio.shop\/fr\/wp-json\/wp\/v2\/types\/product"}],"replies":[{"embeddable":true,"href":"https:\/\/macchiaverde-bio.shop\/fr\/wp-json\/wp\/v2\/comments?post=14156"}],"wp:featuredmedia":[{"embeddable":true,"href":"https:\/\/macchiaverde-bio.shop\/fr\/wp-json\/wp\/v2\/media\/14040"}],"wp:attachment":[{"href":"https:\/\/macchiaverde-bio.shop\/fr\/wp-json\/wp\/v2\/media?parent=14156"}],"wp:term":[{"taxonomy":"product_brand","embeddable":true,"href":"https:\/\/macchiaverde-bio.shop\/fr\/wp-json\/wp\/v2\/product_brand?post=14156"},{"taxonomy":"product_cat","embeddable":true,"href":"https:\/\/macchiaverde-bio.shop\/fr\/wp-json\/wp\/v2\/product_cat?post=14156"},{"taxonomy":"product_tag","embeddable":true,"href":"https:\/\/macchiaverde-bio.shop\/fr\/wp-json\/wp\/v2\/product_tag?post=14156"}],"curies":[{"name":"wp","href":"https:\/\/api.w.org\/{rel}","templated":true}]}}