{"id":14155,"date":"2020-03-13T00:39:55","date_gmt":"2020-03-12T23:39:55","guid":{"rendered":"https:\/\/macchiaverde-bio.shop\/produkt\/huile-dolive-bio-classique-bouteilles-4-x-750-ml\/"},"modified":"2025-02-25T18:28:41","modified_gmt":"2025-02-25T17:28:41","slug":"bouteilles-classiques-dhuile-dolive-bio-6x-750-ml","status":"publish","type":"product","link":"https:\/\/macchiaverde-bio.shop\/fr\/produkt\/bouteilles-classiques-dhuile-dolive-bio-6x-750-ml\/","title":{"rendered":"Huile d&rsquo;Olive Bio &#8211; Classique &#8211; Bouteilles 6 x 750 ml"},"content":{"rendered":"","protected":false},"excerpt":{"rendered":"<p><strong>\u2013 carton 6 flacons de 750 ml \u2013<\/strong><br \/>\nLa Classic est une huile d&rsquo;olive extra vierge \u00e9quilibr\u00e9e de haute qualit\u00e9, un m\u00e9lange d&rsquo;olives Coratina et Ogliarola. Il appara\u00eet jaune dor\u00e9 avec des reflets verts, est moyennement fruit\u00e9, cors\u00e9, avec des notes d&rsquo;amandes et d&rsquo;artichauts. Elle convient \u00e0 une large gamme de plats et on pourrait aussi l&rsquo;appeler \u00ab\u00a0l&rsquo;huile d&rsquo;olive de tous les jours\u00a0\u00bb.<\/p>\n","protected":false},"featured_media":14461,"comment_status":"closed","ping_status":"closed","template":"","meta":[],"product_brand":[],"product_cat":[1278],"product_tag":[1354,1282,1347],"class_list":{"0":"post-14155","1":"product","2":"type-product","3":"status-publish","4":"has-post-thumbnail","6":"product_cat-bouteilles-dhuile-dolive","7":"product_tag-corse-fr","8":"product_tag-fruite","9":"product_tag-offre","11":"first","12":"instock","13":"taxable","14":"shipping-taxable","15":"purchasable","16":"product-type-simple"},"_links":{"self":[{"href":"https:\/\/macchiaverde-bio.shop\/fr\/wp-json\/wp\/v2\/product\/14155","targetHints":{"allow":["GET"]}}],"collection":[{"href":"https:\/\/macchiaverde-bio.shop\/fr\/wp-json\/wp\/v2\/product"}],"about":[{"href":"https:\/\/macchiaverde-bio.shop\/fr\/wp-json\/wp\/v2\/types\/product"}],"replies":[{"embeddable":true,"href":"https:\/\/macchiaverde-bio.shop\/fr\/wp-json\/wp\/v2\/comments?post=14155"}],"wp:featuredmedia":[{"embeddable":true,"href":"https:\/\/macchiaverde-bio.shop\/fr\/wp-json\/wp\/v2\/media\/14461"}],"wp:attachment":[{"href":"https:\/\/macchiaverde-bio.shop\/fr\/wp-json\/wp\/v2\/media?parent=14155"}],"wp:term":[{"taxonomy":"product_brand","embeddable":true,"href":"https:\/\/macchiaverde-bio.shop\/fr\/wp-json\/wp\/v2\/product_brand?post=14155"},{"taxonomy":"product_cat","embeddable":true,"href":"https:\/\/macchiaverde-bio.shop\/fr\/wp-json\/wp\/v2\/product_cat?post=14155"},{"taxonomy":"product_tag","embeddable":true,"href":"https:\/\/macchiaverde-bio.shop\/fr\/wp-json\/wp\/v2\/product_tag?post=14155"}],"curies":[{"name":"wp","href":"https:\/\/api.w.org\/{rel}","templated":true}]}}