{"id":14154,"date":"2020-01-14T22:32:03","date_gmt":"2020-01-14T21:32:03","guid":{"rendered":"https:\/\/macchiaverde-bio.shop\/produkt\/huile-dolive-bio-classique-bouteilles-2-x-750-ml\/"},"modified":"2026-02-09T23:09:03","modified_gmt":"2026-02-09T22:09:03","slug":"bouteilles-classiques-dhuile-dolive-bio-3x-750-ml","status":"publish","type":"product","link":"https:\/\/macchiaverde-bio.shop\/fr\/produkt\/bouteilles-classiques-dhuile-dolive-bio-3x-750-ml\/","title":{"rendered":"Huile d&rsquo;Olive Bio &#8211; Classique &#8211; Bouteilles 3 x 750 ml"},"content":{"rendered":"","protected":false},"excerpt":{"rendered":"<p><strong>&#8211; Carton 3 bouteilles 750ml &#8211;<\/strong><br \/>\nLe Classico est une huile d&rsquo;olive extra vierge \u00e9quilibr\u00e9e de haute qualit\u00e9, un m\u00e9lange d&rsquo;olives Coratina et Ogliarola. Il est jaune dor\u00e9 avec des reflets verts, moyennement fruit\u00e9, cors\u00e9, avec des notes d&rsquo;amande et d&rsquo;artichaut. Elle convient \u00e0 un large \u00e9ventail de plats et pourrait \u00e9galement \u00eatre d\u00e9crite comme \u00ab\u00a0l&rsquo;huile d&rsquo;olive de tous les jours\u00a0\u00bb.<\/p>\n","protected":false},"featured_media":14043,"comment_status":"open","ping_status":"closed","template":"","meta":[],"product_brand":[],"product_cat":[1278],"product_tag":[1354,1282],"class_list":{"0":"post-14154","1":"product","2":"type-product","3":"status-publish","4":"has-post-thumbnail","6":"product_cat-bouteilles-dhuile-dolive","7":"product_tag-corse-fr","8":"product_tag-fruite","10":"first","11":"instock","12":"taxable","13":"shipping-taxable","14":"purchasable","15":"product-type-simple"},"_links":{"self":[{"href":"https:\/\/macchiaverde-bio.shop\/fr\/wp-json\/wp\/v2\/product\/14154","targetHints":{"allow":["GET"]}}],"collection":[{"href":"https:\/\/macchiaverde-bio.shop\/fr\/wp-json\/wp\/v2\/product"}],"about":[{"href":"https:\/\/macchiaverde-bio.shop\/fr\/wp-json\/wp\/v2\/types\/product"}],"replies":[{"embeddable":true,"href":"https:\/\/macchiaverde-bio.shop\/fr\/wp-json\/wp\/v2\/comments?post=14154"}],"wp:featuredmedia":[{"embeddable":true,"href":"https:\/\/macchiaverde-bio.shop\/fr\/wp-json\/wp\/v2\/media\/14043"}],"wp:attachment":[{"href":"https:\/\/macchiaverde-bio.shop\/fr\/wp-json\/wp\/v2\/media?parent=14154"}],"wp:term":[{"taxonomy":"product_brand","embeddable":true,"href":"https:\/\/macchiaverde-bio.shop\/fr\/wp-json\/wp\/v2\/product_brand?post=14154"},{"taxonomy":"product_cat","embeddable":true,"href":"https:\/\/macchiaverde-bio.shop\/fr\/wp-json\/wp\/v2\/product_cat?post=14154"},{"taxonomy":"product_tag","embeddable":true,"href":"https:\/\/macchiaverde-bio.shop\/fr\/wp-json\/wp\/v2\/product_tag?post=14154"}],"curies":[{"name":"wp","href":"https:\/\/api.w.org\/{rel}","templated":true}]}}