{"id":14153,"date":"2019-12-09T18:20:33","date_gmt":"2019-12-09T17:20:33","guid":{"rendered":"https:\/\/macchiaverde-bio.shop\/produkt\/huile-dolive-bio-leliodoro-bouteilles-6-x-250-ml\/"},"modified":"2024-06-22T12:08:09","modified_gmt":"2024-06-22T10:08:09","slug":"bouteilles-dhuile-dolive-bio-leliodoro-6-x-250-ml","status":"publish","type":"product","link":"https:\/\/macchiaverde-bio.shop\/fr\/produkt\/bouteilles-dhuile-dolive-bio-leliodoro-6-x-250-ml\/","title":{"rendered":"Huile d&rsquo;Olive Bio &#8211; L&rsquo;Eliodoro &#8211; Bouteilles 6 x 250 ml"},"content":{"rendered":"","protected":false},"excerpt":{"rendered":"<p>OLIO EXTRA<br \/>\nVERGINE DI OLIVA &#8211; SPREMUTO A FREDDO &#8211; <strong>CARTONE DA 6 bouteilles &#8211;<\/strong><\/p>\n<p>L&rsquo;Eliodoro est une huile \u00e9quilibr\u00e9e, avec le meilleur de la haute qualit\u00e9, dont 70% d&rsquo;olive Coratina et 30% d&rsquo;Ogliarola. C&rsquo;est un prix dans les concours nationaux et internationaux, avec une m\u00e9daille d&rsquo;or dans la cat\u00e9gorie \u00ab\u00a0Fruttato medium\u00a0\u00bb, et est l&rsquo;un des enfants de cette cat\u00e9gorie avec une teneur en polyf\u00e9noles de 714 mg\/kg.<\/p>\n","protected":false},"featured_media":14052,"comment_status":"open","ping_status":"closed","template":"","meta":[],"product_brand":[],"product_cat":[1278],"product_tag":[1282,1283,1281],"class_list":{"0":"post-14153","1":"product","2":"type-product","3":"status-publish","4":"has-post-thumbnail","6":"product_cat-bouteilles-dhuile-dolive","7":"product_tag-fruite","8":"product_tag-intensif","9":"product_tag-olivenoel-fr","11":"first","12":"instock","13":"taxable","14":"shipping-taxable","15":"purchasable","16":"product-type-simple"},"_links":{"self":[{"href":"https:\/\/macchiaverde-bio.shop\/fr\/wp-json\/wp\/v2\/product\/14153","targetHints":{"allow":["GET"]}}],"collection":[{"href":"https:\/\/macchiaverde-bio.shop\/fr\/wp-json\/wp\/v2\/product"}],"about":[{"href":"https:\/\/macchiaverde-bio.shop\/fr\/wp-json\/wp\/v2\/types\/product"}],"replies":[{"embeddable":true,"href":"https:\/\/macchiaverde-bio.shop\/fr\/wp-json\/wp\/v2\/comments?post=14153"}],"wp:featuredmedia":[{"embeddable":true,"href":"https:\/\/macchiaverde-bio.shop\/fr\/wp-json\/wp\/v2\/media\/14052"}],"wp:attachment":[{"href":"https:\/\/macchiaverde-bio.shop\/fr\/wp-json\/wp\/v2\/media?parent=14153"}],"wp:term":[{"taxonomy":"product_brand","embeddable":true,"href":"https:\/\/macchiaverde-bio.shop\/fr\/wp-json\/wp\/v2\/product_brand?post=14153"},{"taxonomy":"product_cat","embeddable":true,"href":"https:\/\/macchiaverde-bio.shop\/fr\/wp-json\/wp\/v2\/product_cat?post=14153"},{"taxonomy":"product_tag","embeddable":true,"href":"https:\/\/macchiaverde-bio.shop\/fr\/wp-json\/wp\/v2\/product_tag?post=14153"}],"curies":[{"name":"wp","href":"https:\/\/api.w.org\/{rel}","templated":true}]}}