{"id":14152,"date":"2020-03-13T00:49:11","date_gmt":"2020-03-12T23:49:11","guid":{"rendered":"https:\/\/macchiaverde-bio.shop\/produkt\/huile-dolive-biologique-lo-smeraldo-bouteilles-6-x-500-ml\/"},"modified":"2025-02-25T18:26:59","modified_gmt":"2025-02-25T17:26:59","slug":"huile-dolive-bio-lo-smeraldo-bouteilles-6-x-500-ml","status":"publish","type":"product","link":"https:\/\/macchiaverde-bio.shop\/fr\/produkt\/huile-dolive-bio-lo-smeraldo-bouteilles-6-x-500-ml\/","title":{"rendered":"Huile d&rsquo;olive biologique &#8211; Lo Smeraldo &#8211; Bouteilles 6 x 500 ml"},"content":{"rendered":"","protected":false},"excerpt":{"rendered":"<p>HUILE D&rsquo;OLIVE VIERGE EXTRA<br \/>\n&#8211; PRESS\u00c9 \u00c0 FROID &#8211;<br \/>\n<strong>&#8211; carton de 6 bouteilles &#8211;<\/strong><\/p>\n<p>Smeraldo est une huile d&rsquo;olive verte riche, cors\u00e9e et de premi\u00e8re qualit\u00e9, press\u00e9e \u00e0 partir d&rsquo;olives 100% Coratina. Il participe ann\u00e9e apr\u00e8s ann\u00e9e \u00e0 tous les concours nationaux et internationaux et figure parmi les premiers producteurs internationaux. Gr\u00e2ce \u00e0 l&rsquo;utilisation exclusive d&rsquo; <strong>olives Coratina,<\/strong> le Smeraldo se caract\u00e9rise par une <strong>teneur tr\u00e8s \u00e9lev\u00e9e en polyph\u00e9nols<\/strong> . Surtout, la forte teneur en polyph\u00e9nols conf\u00e8re \u00e0 l&rsquo;huile de Coratina un go\u00fbt intense, fruit\u00e9 et frais. L&rsquo;odeur des olives est claire et sans \u00e9quivoque, en bouche il y a des notes de fruits crus et un soup\u00e7on d&rsquo;amandes vertes fra\u00eeches.<\/p>\n<p>Smeraldo est id\u00e9al pour <strong>les pizzas<\/strong> et les entr\u00e9es, la focaccia, <strong>les steaks et les grillades<\/strong> . C&rsquo;est \u00e9galement l&rsquo;huile d&rsquo;olive id\u00e9ale pour la <strong>pr\u00e9paration de marinades<\/strong> et d&rsquo;assaisonnements pour barbecue, car la teneur \u00e9lev\u00e9e en polyph\u00e9nols garantit qu&rsquo;elle p\u00e9n\u00e8tre profond\u00e9ment dans la viande et transmet les saveurs de la viande.<\/p>\n","protected":false},"featured_media":14055,"comment_status":"open","ping_status":"closed","template":"","meta":[],"product_brand":[],"product_cat":[1278,1279],"product_tag":[1282,1283,1347,1281],"class_list":{"0":"post-14152","1":"product","2":"type-product","3":"status-publish","4":"has-post-thumbnail","6":"product_cat-bouteilles-dhuile-dolive","7":"product_cat-offres-speciales","8":"product_tag-fruite","9":"product_tag-intensif","10":"product_tag-offre","11":"product_tag-olivenoel-fr","12":"product_shipping_class-speditions-kosten-fr","14":"first","15":"instock","16":"taxable","17":"shipping-taxable","18":"purchasable","19":"product-type-simple"},"_links":{"self":[{"href":"https:\/\/macchiaverde-bio.shop\/fr\/wp-json\/wp\/v2\/product\/14152","targetHints":{"allow":["GET"]}}],"collection":[{"href":"https:\/\/macchiaverde-bio.shop\/fr\/wp-json\/wp\/v2\/product"}],"about":[{"href":"https:\/\/macchiaverde-bio.shop\/fr\/wp-json\/wp\/v2\/types\/product"}],"replies":[{"embeddable":true,"href":"https:\/\/macchiaverde-bio.shop\/fr\/wp-json\/wp\/v2\/comments?post=14152"}],"wp:featuredmedia":[{"embeddable":true,"href":"https:\/\/macchiaverde-bio.shop\/fr\/wp-json\/wp\/v2\/media\/14055"}],"wp:attachment":[{"href":"https:\/\/macchiaverde-bio.shop\/fr\/wp-json\/wp\/v2\/media?parent=14152"}],"wp:term":[{"taxonomy":"product_brand","embeddable":true,"href":"https:\/\/macchiaverde-bio.shop\/fr\/wp-json\/wp\/v2\/product_brand?post=14152"},{"taxonomy":"product_cat","embeddable":true,"href":"https:\/\/macchiaverde-bio.shop\/fr\/wp-json\/wp\/v2\/product_cat?post=14152"},{"taxonomy":"product_tag","embeddable":true,"href":"https:\/\/macchiaverde-bio.shop\/fr\/wp-json\/wp\/v2\/product_tag?post=14152"}],"curies":[{"name":"wp","href":"https:\/\/api.w.org\/{rel}","templated":true}]}}