{"id":14151,"date":"2019-12-09T18:40:29","date_gmt":"2019-12-09T17:40:29","guid":{"rendered":"https:\/\/macchiaverde-bio.shop\/produkt\/huile-dolive-bio-leliodoro-bouteilles-3-x-500-ml\/"},"modified":"2024-06-22T12:07:57","modified_gmt":"2024-06-22T10:07:57","slug":"bouteilles-dhuile-dolive-bio-leliodoro-3-x-500-ml","status":"publish","type":"product","link":"https:\/\/macchiaverde-bio.shop\/fr\/produkt\/bouteilles-dhuile-dolive-bio-leliodoro-3-x-500-ml\/","title":{"rendered":"Huile d&rsquo;Olive Bio &#8211; L&rsquo;Eliodoro &#8211; Bouteilles 3 x 500 ml"},"content":{"rendered":"","protected":false},"excerpt":{"rendered":"<p>HUILE D&rsquo;OLIVE VIERGE EXTRA<br \/>\n&#8211; PRESS\u00c9 \u00c0 FROID &#8211;<br \/>\n<strong>&#8211; Carton de 3 bouteilles &#8211;<\/strong><br \/>\nHuile d&rsquo;olive de haute qualit\u00e9 de la classe extra, qui est obtenue directement de nos olives et uniquement par un proc\u00e9d\u00e9 m\u00e9canique. Notre huile d&rsquo;olive EXTRA VIERGE MACCHIA VERDE BIO est un produit artisanal issu du fruit de la tradition, de la passion et de l&rsquo;amour de la terre. Il est obtenu exclusivement \u00e0 partir d&rsquo;olives biologiques afin de prot\u00e9ger la nature et l&rsquo;environnement et est soigneusement contr\u00f4l\u00e9 \u00e0 chaque \u00e9tape de la production.<\/p>\n","protected":false},"featured_media":14064,"comment_status":"open","ping_status":"closed","template":"","meta":[],"product_brand":[],"product_cat":[1278],"product_tag":[1282,1283,1281],"class_list":{"0":"post-14151","1":"product","2":"type-product","3":"status-publish","4":"has-post-thumbnail","6":"product_cat-bouteilles-dhuile-dolive","7":"product_tag-fruite","8":"product_tag-intensif","9":"product_tag-olivenoel-fr","11":"first","12":"instock","13":"taxable","14":"shipping-taxable","15":"purchasable","16":"product-type-simple"},"_links":{"self":[{"href":"https:\/\/macchiaverde-bio.shop\/fr\/wp-json\/wp\/v2\/product\/14151","targetHints":{"allow":["GET"]}}],"collection":[{"href":"https:\/\/macchiaverde-bio.shop\/fr\/wp-json\/wp\/v2\/product"}],"about":[{"href":"https:\/\/macchiaverde-bio.shop\/fr\/wp-json\/wp\/v2\/types\/product"}],"replies":[{"embeddable":true,"href":"https:\/\/macchiaverde-bio.shop\/fr\/wp-json\/wp\/v2\/comments?post=14151"}],"wp:featuredmedia":[{"embeddable":true,"href":"https:\/\/macchiaverde-bio.shop\/fr\/wp-json\/wp\/v2\/media\/14064"}],"wp:attachment":[{"href":"https:\/\/macchiaverde-bio.shop\/fr\/wp-json\/wp\/v2\/media?parent=14151"}],"wp:term":[{"taxonomy":"product_brand","embeddable":true,"href":"https:\/\/macchiaverde-bio.shop\/fr\/wp-json\/wp\/v2\/product_brand?post=14151"},{"taxonomy":"product_cat","embeddable":true,"href":"https:\/\/macchiaverde-bio.shop\/fr\/wp-json\/wp\/v2\/product_cat?post=14151"},{"taxonomy":"product_tag","embeddable":true,"href":"https:\/\/macchiaverde-bio.shop\/fr\/wp-json\/wp\/v2\/product_tag?post=14151"}],"curies":[{"name":"wp","href":"https:\/\/api.w.org\/{rel}","templated":true}]}}