{"id":14150,"date":"2020-01-15T22:39:44","date_gmt":"2020-01-15T21:39:44","guid":{"rendered":"https:\/\/macchiaverde-bio.shop\/produkt\/huile-dolive-bio-classique-bidon-4-x-3-l\/"},"modified":"2024-06-22T12:07:18","modified_gmt":"2024-06-22T10:07:18","slug":"bidon-classique-d-huile-d-olive-biologique-4-x-3-l","status":"publish","type":"product","link":"https:\/\/macchiaverde-bio.shop\/fr\/produkt\/bidon-classique-d-huile-d-olive-biologique-4-x-3-l\/","title":{"rendered":"Huile d&rsquo;Olive Bio &#8211; Classique &#8211; Bidon 4 x 3 L"},"content":{"rendered":"","protected":false},"excerpt":{"rendered":"<p><strong>\u2013 Huile d&rsquo;Olive Bio &#8211; Classique &#8211; Bidon 4 x 3 L \u2013<\/strong><br \/>\nLa Classic est une huile d&rsquo;olive \u00e9quilibr\u00e9e de haute qualit\u00e9, un m\u00e9lange d&rsquo;olives Coratina et Ogliarola. Il a une couleur jaune dor\u00e9 avec des reflets verts, fruit\u00e9 moyen, cors\u00e9, avec des notes d&rsquo;amandes et d&rsquo;artichauts. Elle convient \u00e0 une large gamme de plats et pourrait \u00e9galement \u00eatre d\u00e9crite comme \u00ab\u00a0l&rsquo;huile d&rsquo;olive de tous les jours\u00a0\u00bb.<\/p>\n","protected":false},"featured_media":14031,"comment_status":"open","ping_status":"closed","template":"","meta":[],"product_brand":[],"product_cat":[1411],"product_tag":[1282,1283,1281],"class_list":{"0":"post-14150","1":"product","2":"type-product","3":"status-publish","4":"has-post-thumbnail","6":"product_cat-bidons-dhuile-dolive","7":"product_tag-fruite","8":"product_tag-intensif","9":"product_tag-olivenoel-fr","11":"first","12":"instock","13":"taxable","14":"shipping-taxable","15":"purchasable","16":"product-type-simple"},"_links":{"self":[{"href":"https:\/\/macchiaverde-bio.shop\/fr\/wp-json\/wp\/v2\/product\/14150","targetHints":{"allow":["GET"]}}],"collection":[{"href":"https:\/\/macchiaverde-bio.shop\/fr\/wp-json\/wp\/v2\/product"}],"about":[{"href":"https:\/\/macchiaverde-bio.shop\/fr\/wp-json\/wp\/v2\/types\/product"}],"replies":[{"embeddable":true,"href":"https:\/\/macchiaverde-bio.shop\/fr\/wp-json\/wp\/v2\/comments?post=14150"}],"wp:featuredmedia":[{"embeddable":true,"href":"https:\/\/macchiaverde-bio.shop\/fr\/wp-json\/wp\/v2\/media\/14031"}],"wp:attachment":[{"href":"https:\/\/macchiaverde-bio.shop\/fr\/wp-json\/wp\/v2\/media?parent=14150"}],"wp:term":[{"taxonomy":"product_brand","embeddable":true,"href":"https:\/\/macchiaverde-bio.shop\/fr\/wp-json\/wp\/v2\/product_brand?post=14150"},{"taxonomy":"product_cat","embeddable":true,"href":"https:\/\/macchiaverde-bio.shop\/fr\/wp-json\/wp\/v2\/product_cat?post=14150"},{"taxonomy":"product_tag","embeddable":true,"href":"https:\/\/macchiaverde-bio.shop\/fr\/wp-json\/wp\/v2\/product_tag?post=14150"}],"curies":[{"name":"wp","href":"https:\/\/api.w.org\/{rel}","templated":true}]}}