{"id":14115,"date":"2020-03-16T01:48:54","date_gmt":"2020-03-16T00:48:54","guid":{"rendered":"https:\/\/macchiaverde-bio.shop\/produkt\/huile-dolive-bio-leliodoro-bouteilles-6-x-500-ml\/"},"modified":"2024-06-22T12:06:08","modified_gmt":"2024-06-22T10:06:08","slug":"bouteilles-dhuile-dolive-bio-leliodoro-6-x-500-ml","status":"publish","type":"product","link":"https:\/\/macchiaverde-bio.shop\/fr\/produkt\/bouteilles-dhuile-dolive-bio-leliodoro-6-x-500-ml\/","title":{"rendered":"Huile d&rsquo;Olive Bio &#8211; L&rsquo;Eliodoro &#8211; Bouteilles 6 x 500 ml"},"content":{"rendered":"","protected":false},"excerpt":{"rendered":"<p>HUILE D&rsquo;OLIVE VIERGE EXTRA<br \/>\n&#8211; PRESS\u00c9 \u00c0 FROID &#8211;<br \/>\n<strong>&#8211; carton de 6 bouteilles &#8211;<\/strong><br \/>\nL&rsquo;Eliodoro est une huile d&rsquo;olive jaune dor\u00e9e \u00e9quilibr\u00e9e de la plus haute qualit\u00e9, obtenue \u00e0 partir de 70% d&rsquo;olives Coratina et 30% d&rsquo;olives Ogliarola. Il a remport\u00e9 des prix lors de concours nationaux et internationaux, dont une m\u00e9daille d&rsquo;argent dans la cat\u00e9gorie \u00ab\u00a0Medium Fruity\u00a0\u00bb, et figure parmi les meilleurs de sa cat\u00e9gorie avec une teneur en polyph\u00e9nols de 714 mg\/kg.<\/p>\n","protected":false},"featured_media":14061,"comment_status":"closed","ping_status":"closed","template":"","meta":[],"product_brand":[],"product_cat":[1278,1279],"product_tag":[1282,1283,1281],"class_list":{"0":"post-14115","1":"product","2":"type-product","3":"status-publish","4":"has-post-thumbnail","6":"product_cat-bouteilles-dhuile-dolive","7":"product_cat-offres-speciales","8":"product_tag-fruite","9":"product_tag-intensif","10":"product_tag-olivenoel-fr","12":"first","13":"instock","14":"taxable","15":"shipping-taxable","16":"purchasable","17":"product-type-simple"},"_links":{"self":[{"href":"https:\/\/macchiaverde-bio.shop\/fr\/wp-json\/wp\/v2\/product\/14115","targetHints":{"allow":["GET"]}}],"collection":[{"href":"https:\/\/macchiaverde-bio.shop\/fr\/wp-json\/wp\/v2\/product"}],"about":[{"href":"https:\/\/macchiaverde-bio.shop\/fr\/wp-json\/wp\/v2\/types\/product"}],"replies":[{"embeddable":true,"href":"https:\/\/macchiaverde-bio.shop\/fr\/wp-json\/wp\/v2\/comments?post=14115"}],"wp:featuredmedia":[{"embeddable":true,"href":"https:\/\/macchiaverde-bio.shop\/fr\/wp-json\/wp\/v2\/media\/14061"}],"wp:attachment":[{"href":"https:\/\/macchiaverde-bio.shop\/fr\/wp-json\/wp\/v2\/media?parent=14115"}],"wp:term":[{"taxonomy":"product_brand","embeddable":true,"href":"https:\/\/macchiaverde-bio.shop\/fr\/wp-json\/wp\/v2\/product_brand?post=14115"},{"taxonomy":"product_cat","embeddable":true,"href":"https:\/\/macchiaverde-bio.shop\/fr\/wp-json\/wp\/v2\/product_cat?post=14115"},{"taxonomy":"product_tag","embeddable":true,"href":"https:\/\/macchiaverde-bio.shop\/fr\/wp-json\/wp\/v2\/product_tag?post=14115"}],"curies":[{"name":"wp","href":"https:\/\/api.w.org\/{rel}","templated":true}]}}