{"id":14215,"date":"2019-08-21T19:34:58","date_gmt":"2019-08-21T17:34:58","guid":{"rendered":"https:\/\/macchiaverde-bio.shop\/methodes-de-payement\/"},"modified":"2024-01-11T18:17:06","modified_gmt":"2024-01-11T17:17:06","slug":"methodes-de-payement","status":"publish","type":"page","link":"https:\/\/macchiaverde-bio.shop\/fr\/methodes-de-payement\/","title":{"rendered":"M\u00e9thodes de payement"},"content":{"rendered":"\n<div class=\"container section-title-container\" ><h1 class=\"section-title section-title-normal\"><b aria-hidden=\"true\"><\/b><span class=\"section-title-main\" >options de paiement<\/span><b aria-hidden=\"true\"><\/b><\/h1><\/div>\n\n<section class=\"av_textblock_section\">\n<div class=\"avia_textblock\">\n<p>Passer une commande dans notre boutique en ligne d&rsquo;huile d&rsquo;olive est tr\u00e8s simple. <br>Peu importe que ce soit sur l&rsquo;appareil mobile ou avec un PC !<br>Avec une large s\u00e9lection des m\u00e9thodes de paiement les plus courantes, vous pouvez les traiter facilement sur notre plateforme.<\/p>\n<\/div>\n<\/section>\n<section class=\"av_textblock_section\">\n<div class=\"avia_textblock\">\n<h3>Pay Pal<\/h3>\n<p>Utilisez votre compte <strong>PayPal<\/strong> et commandez aussi facilement que d&rsquo;habitude.<\/p>\n<h3>cartes de cr\u00e9dit<strong><br><\/strong><\/h3>\n<p><strong>Mastercard, Visa, American Express<\/strong> sont \u00e0 votre disposition.<br>Veuillez noter que vous pourriez avoir besoin de votre mot de passe d&rsquo;acc\u00e8s pour votre carte de cr\u00e9dit <br>(V\u00e9rifi\u00e9 par Visa ou MasterCard 3D-Secured).<\/p>\n<h3>Giropay<\/h3>\n<p>Vous initiez le paiement directement via l&rsquo;acc\u00e8s en <strong>ligne dans la banque<\/strong> en ligne.<\/p>\n<\/div>\n<\/section>\n\t<div class=\"img has-hover x md-x lg-x y md-y lg-y\" id=\"image_430352870\">\n\t\t\t\t\t\t\t\t<div class=\"img-inner dark\" >\n\t\t\t<img loading=\"lazy\" decoding=\"async\" width=\"920\" height=\"90\" src=\"https:\/\/macchiaverde-bio.shop\/wp-content\/uploads\/2022\/03\/olivenoel-zahlungsmethoden.webp\" class=\"attachment-large size-large\" alt=\"\" srcset=\"https:\/\/macchiaverde-bio.shop\/wp-content\/uploads\/2022\/03\/olivenoel-zahlungsmethoden.webp 920w, https:\/\/macchiaverde-bio.shop\/wp-content\/uploads\/2022\/03\/olivenoel-zahlungsmethoden-800x78.webp 800w, https:\/\/macchiaverde-bio.shop\/wp-content\/uploads\/2022\/03\/olivenoel-zahlungsmethoden-768x75.webp 768w, https:\/\/macchiaverde-bio.shop\/wp-content\/uploads\/2022\/03\/olivenoel-zahlungsmethoden-510x50.webp 510w\" sizes=\"auto, (max-width: 920px) 100vw, 920px\" \/>\t\t\t\t\t\t\n\t\t\t\t\t<\/div>\n\t\t\t\t\t\t\t\t\n<style>\n#image_430352870 {\n  width: 100%;\n}\n<\/style>\n\t<\/div>\n\t\n\n\n","protected":false},"excerpt":{"rendered":"","protected":false},"author":1,"featured_media":0,"parent":0,"menu_order":11,"comment_status":"closed","ping_status":"closed","template":"","meta":{"footnotes":""},"class_list":["post-14215","page","type-page","status-publish","hentry"],"_links":{"self":[{"href":"https:\/\/macchiaverde-bio.shop\/fr\/wp-json\/wp\/v2\/pages\/14215","targetHints":{"allow":["GET"]}}],"collection":[{"href":"https:\/\/macchiaverde-bio.shop\/fr\/wp-json\/wp\/v2\/pages"}],"about":[{"href":"https:\/\/macchiaverde-bio.shop\/fr\/wp-json\/wp\/v2\/types\/page"}],"author":[{"embeddable":true,"href":"https:\/\/macchiaverde-bio.shop\/fr\/wp-json\/wp\/v2\/users\/1"}],"replies":[{"embeddable":true,"href":"https:\/\/macchiaverde-bio.shop\/fr\/wp-json\/wp\/v2\/comments?post=14215"}],"version-history":[{"count":0,"href":"https:\/\/macchiaverde-bio.shop\/fr\/wp-json\/wp\/v2\/pages\/14215\/revisions"}],"wp:attachment":[{"href":"https:\/\/macchiaverde-bio.shop\/fr\/wp-json\/wp\/v2\/media?parent=14215"}],"curies":[{"name":"wp","href":"https:\/\/api.w.org\/{rel}","templated":true}]}}