{"id":14211,"date":"2019-08-21T19:34:58","date_gmt":"2019-08-21T17:34:58","guid":{"rendered":"https:\/\/macchiaverde-bio.shop\/droit-de-retractation\/"},"modified":"2022-06-30T13:54:36","modified_gmt":"2022-06-30T11:54:36","slug":"droit-de-retractation","status":"publish","type":"page","link":"https:\/\/macchiaverde-bio.shop\/fr\/droit-de-retractation\/","title":{"rendered":"Droit de r\u00e9tractation"},"content":{"rendered":"\n  <div id=\"page-header-1786700928\" class=\"page-header-wrapper\">\n  <div class=\"page-title dark featured-title\">\n\n    \n    <div class=\"page-title-inner container align-center flex-row medium-flex-wrap\" >\n              <div class=\"title-wrapper uppercase flex-col text-left medium-text-center\">\n          <h1 class=\"entry-title mb-0\">\n            DROIT DE R\u00c9TRACTATION          <\/h1>\n        <\/div>\n                    <div class=\"title-content flex-col flex-right text-right medium-text-center\">\n        <div class=\"title-breadcrumbs pb-half pt-half\"><nav class=\"woocommerce-breadcrumb breadcrumbs uppercase\" aria-label=\"Breadcrumb\">Accueil<\/nav><\/div>      <\/div>\n    <\/div>\n\n       <\/div>\n    <\/div>\n  \n\n<p>Vous n&rsquo;\u00eates pas satisfait de l&rsquo;huile d&rsquo;olive achet\u00e9e ou d&rsquo;un des produits ? Vous trouverez ici les conditions-cadres formelles qui s&rsquo;appliquent \u00e0 votre achat chez olivenoel-muehle.de.<br>Vous disposez l\u00e9galement d&rsquo;un droit de r\u00e9tractation :<\/p>\n<p>Vous avez le droit de vous r\u00e9tracter du pr\u00e9sent contrat dans un d\u00e9lai de quatorze jours sans donner de motif.<\/p>\n<p>Veuillez noter que vos commandes seront automatiquement envoy\u00e9es \u00e0 notre centre d&rsquo;exp\u00e9dition pour une livraison acc\u00e9l\u00e9r\u00e9e et qu&rsquo;une annulation ult\u00e9rieure apr\u00e8s transmission n&rsquo;est plus possible pour des raisons de proc\u00e9dure !<\/p>\n<p>Le d\u00e9lai de r\u00e9tractation est de quatorze jours \u00e0 compter du jour o\u00f9 vous ou un tiers d\u00e9sign\u00e9 par vous qui n&rsquo;est pas le transporteur a pris possession de la marchandise. Pour exercer votre droit de r\u00e9tractation, vous devez nous adresser une d\u00e9claration claire \u00e0 :<\/p>\n<p><strong>Ol\u00e9ificio<\/strong><\/p>\n<p><strong>MACCHIA VERDE BIO<\/strong><br>par Caterina Scarola<\/p>\n<p>Via soldo Pasquale Giovanniello 1<br>70025 Grumo Appula (BA)<br>Italie<\/p>\n<p>Adresse e-mail : <a href=\"mailto:info@macchiaverdebio.it\">info@macchiaverdebio.it<\/a><\/p>\n<p>de votre d\u00e9cision de r\u00e9voquer ce contrat.<\/p>\n<h3>Cons\u00e9quences de la r\u00e9vocation<\/h3>\n<p>Si vous r\u00e9siliez ce contrat, nous vous devrons tous les paiements que nous avons re\u00e7us de votre part, y compris les frais de livraison &#8211; en fonction du montant des frais de commande (voir ci-dessous) (\u00e0 l&rsquo;exception des frais suppl\u00e9mentaires r\u00e9sultant du fait que vous choisissez un autre type de livraison de paiement comme la livraison standard la moins ch\u00e8re que nous proposons) imm\u00e9diatement et au plus tard dans les quatorze jours \u00e0 compter du jour o\u00f9 nous avons re\u00e7u la notification de votre annulation du pr\u00e9sent contrat. Pour ce remboursement, nous utilisons le m\u00eame moyen de paiement que celui que vous avez utilis\u00e9 lors de la transaction d&rsquo;origine, \u00e0 moins que quelque chose d&rsquo;autre n&rsquo;ait \u00e9t\u00e9 express\u00e9ment convenu avec vous&nbsp;; en aucun cas des frais ne vous seront factur\u00e9s pour ce remboursement. Vous devez nous retourner la marchandise imm\u00e9diatement et en tout \u00e9tat de cause au plus tard quatorze jours \u00e0 compter du jour o\u00f9 vous nous informez de la r\u00e9siliation du pr\u00e9sent contrat. Le d\u00e9lai est respect\u00e9 si vous renvoyez la marchandise avant l&rsquo;expiration du d\u00e9lai de quatorze jours.<\/p>\n<p>Pour les commandes sup\u00e9rieures \u00e0 59 euros, nous prendrons en charge les \u00e9ventuels frais de retour si vous avez demand\u00e9 un bon de retour. Pour les commandes inf\u00e9rieures \u00e0 59 euros, nous ne prenons pas en charge les frais de retour. Une commande de retour est \u00e9galement requise ici. Cette r\u00e8gle s&rsquo;applique \u00e9galement aux commandes annul\u00e9es apr\u00e8s la passation de la commande et avant leur exp\u00e9dition, car les volumes ne permettent pas d&rsquo;intervenir dans la cha\u00eene de traitement.<\/p>\n<p><strong>IMPORTANT:<\/strong><br> Veuillez nous contacter pour obtenir une commande de retour et une confirmation avant ! vous nous renvoyez la marchandise. Les marchandises ou les envois sans ordre de retour ne peuvent \u00eatre accept\u00e9s ou trait\u00e9s. Vous pouvez cr\u00e9er une commande de retour de mani\u00e8re informelle via le formulaire de contact.<\/p>\n<p>Les produits (bouteilles, bidons, baginbox) d\u00e9j\u00e0 ouverts (par exemple l&rsquo;huile d&rsquo;olive ou les produits d&rsquo;\u00e9picerie fine) ne peuvent pas \u00eatre retourn\u00e9s.<\/p>\n\n","protected":false},"excerpt":{"rendered":"","protected":false},"author":1,"featured_media":0,"parent":0,"menu_order":13,"comment_status":"closed","ping_status":"closed","template":"","meta":{"footnotes":""},"class_list":["post-14211","page","type-page","status-publish","hentry"],"_links":{"self":[{"href":"https:\/\/macchiaverde-bio.shop\/fr\/wp-json\/wp\/v2\/pages\/14211","targetHints":{"allow":["GET"]}}],"collection":[{"href":"https:\/\/macchiaverde-bio.shop\/fr\/wp-json\/wp\/v2\/pages"}],"about":[{"href":"https:\/\/macchiaverde-bio.shop\/fr\/wp-json\/wp\/v2\/types\/page"}],"author":[{"embeddable":true,"href":"https:\/\/macchiaverde-bio.shop\/fr\/wp-json\/wp\/v2\/users\/1"}],"replies":[{"embeddable":true,"href":"https:\/\/macchiaverde-bio.shop\/fr\/wp-json\/wp\/v2\/comments?post=14211"}],"version-history":[{"count":0,"href":"https:\/\/macchiaverde-bio.shop\/fr\/wp-json\/wp\/v2\/pages\/14211\/revisions"}],"wp:attachment":[{"href":"https:\/\/macchiaverde-bio.shop\/fr\/wp-json\/wp\/v2\/media?parent=14211"}],"curies":[{"name":"wp","href":"https:\/\/api.w.org\/{rel}","templated":true}]}}