{"id":14192,"date":"2019-04-02T16:17:42","date_gmt":"2019-04-02T14:17:42","guid":{"rendered":"https:\/\/macchiaverde-bio.shop\/protection-des-donnees\/"},"modified":"2022-06-30T13:54:39","modified_gmt":"2022-06-30T11:54:39","slug":"protection-des-donnees","status":"publish","type":"page","link":"https:\/\/macchiaverde-bio.shop\/fr\/protection-des-donnees\/","title":{"rendered":"Protection des donn\u00e9es"},"content":{"rendered":"\n<div class=\"container section-title-container\" ><h1 class=\"section-title section-title-normal\"><b aria-hidden=\"true\"><\/b><span class=\"section-title-main\" >Protection des donn\u00e9es<\/span><b aria-hidden=\"true\"><\/b><\/h1><\/div>\n\n<h5>1. G\u00e9n\u00e9ral<\/h5>\n<p>Tous les services fournis par <strong>macchiaverdie-bio.shop<\/strong> pour le client ou le visiteur sont exclusivement bas\u00e9s sur les conditions g\u00e9n\u00e9rales suivantes. Les r\u00e9glementations divergentes ne s&rsquo;appliquent que si elles ont \u00e9t\u00e9 convenues individuellement entre MACCHIA VERDE BIO et le client.<\/p>\n<h5>2. Conclusion du contrat<\/h5>\n<p>2.1&nbsp;&nbsp;&nbsp; Les offres de la boutique en ligne repr\u00e9sentent une demande d&rsquo;achat sans engagement du client pour commander des marchandises dans la boutique en ligne.<\/p>\n<p>2.2&nbsp;&nbsp;&nbsp; En commandant les marchandises souhait\u00e9es sur Internet, le client soumet une offre ferme pour conclure un contrat d&rsquo;achat.<\/p>\n<p>2.3&nbsp;&nbsp;&nbsp; Le moulin \u00e0 huile d&rsquo;olive Macchia Verde Bio confirme imm\u00e9diatement la r\u00e9ception de la commande, au plus tard apr\u00e8s r\u00e9ception de la commande. La confirmation de commande ne constitue pas une acceptation l\u00e9gale de notre part. L&rsquo;offre n&rsquo;est accept\u00e9e par nous que lorsque nous vous apportons la marchandise pour l&rsquo;exp\u00e9dition. Vous recevrez une confirmation d&rsquo;exp\u00e9dition \u00e9crite par e-mail. Toutefois, le client est li\u00e9 \u00e0 son offre pendant une dur\u00e9e maximale de 14 jours, sauf si d&rsquo;autres accords ont \u00e9t\u00e9 conclus (recommandation, livraison \u00e0 nouveau disponible).<\/p>\n<p>2.4&nbsp;&nbsp;&nbsp; L&rsquo;objet du contrat est la marchandise command\u00e9e par le client. En ce qui concerne la qualit\u00e9, la description de l&rsquo;offre s&rsquo;applique, sinon le \u00a7 434 alin\u00e9a 1 s&rsquo;applique Clause 3 BGB.<\/p>\n<h5>3. Accord sur les frais de retour, droit de r\u00e9tractation, exclusion du droit de r\u00e9tractation<\/h5>\n<p>Accord sur la prise en charge des frais : Si vous faites usage de votre droit de r\u00e9tractation, vous devez supporter les frais r\u00e9guliers de retour si la marchandise livr\u00e9e correspond \u00e0 celle command\u00e9e et si le prix de la marchandise \u00e0 retourner ne d\u00e9passe pas un montant de 40 euros ou si vous payez un prix plus \u00e9lev\u00e9 n&rsquo;avez pas encore fourni la contrepartie ou un paiement partiel convenu contractuellement pour l&rsquo;article au moment de la r\u00e9vocation. Sinon, le retour est gratuit pour vous.<\/p>\n<p>Droit de r\u00e9tractation:<br>Les dispositions consultables <a href=\"https:\/\/www.olivenoel-muehle.de\/widerrufsbelehrung\/\" target=\"_blank\" rel=\"noopener\"><strong><em>ici<\/em><\/strong><\/a> s&rsquo;appliquent.<\/p>\n<p>Exclusion du droit de r\u00e9tractation :<br>si les marchandises ont \u00e9t\u00e9 fabriqu\u00e9es selon les sp\u00e9cifications du client ou ont \u00e9t\u00e9 clairement adapt\u00e9es \u00e0 vos besoins personnels ou ne peuvent pas \u00eatre retourn\u00e9es en raison de leur nature. En outre, ils s&rsquo;appliquent aux autres cas du \u00a7 312d al. 4 BGB<\/p>\n<h5>4. Livraison<\/h5>\n<p>4.1. Tous les articles seront livr\u00e9s imm\u00e9diatement, \u00e0 condition qu&rsquo;ils soient disponibles en stock. Votre commande sera livr\u00e9e dans les pays de l&rsquo;Union europ\u00e9enne qui peuvent \u00eatre s\u00e9lectionn\u00e9s lors du paiement.<\/p>\n<p>4.2. Le d\u00e9lai de livraison au sein de l&rsquo;Union europ\u00e9enne est g\u00e9n\u00e9ralement de 5 \u00e0 7 jours, sauf indication contraire. Vous pouvez obtenir plus d&rsquo;informations avec le num\u00e9ro de suivi sur le suivi de l&rsquo;envoi ou sur les pages d&rsquo;informations du logisticien respectif.<\/p>\n<p>4.3. Si un article est temporairement indisponible et donc indisponible, nous vous informerons par e-mail du d\u00e9lai de livraison pr\u00e9vu ou vous proposerons un article de remplacement.<\/p>\n<h5>5. Frais d&#8217;emballage et d&rsquo;exp\u00e9dition<\/h5>\n<p>Les dispositions relatives aux frais d&#8217;emballage et d&rsquo;exp\u00e9dition s&rsquo;appliquent, qui peuvent \u00eatre consult\u00e9es <a href=\"https:\/\/www.olivenoel-muehle.de\/versandarten\/\" target=\"_blank\" rel=\"noopener\"><strong><em>ici<\/em><\/strong><\/a> .<\/p>\n<h5>6. Paiement, r\u00e9serve de propri\u00e9t\u00e9<\/h5>\n<p>6.1 Tous les prix indiqu\u00e9s sont des prix bruts en euros et incluent la TVA l\u00e9gale de la R\u00e9publique d&rsquo;Italie \u00e0 4% ou 21%. Les prix sont valables le jour de la passation des commandes.<\/p>\n<p>6.2 Les modes de paiement propos\u00e9s lors du paiement s&rsquo;appliquent. Lorsque la commande est termin\u00e9e, une pr\u00e9-autorisation a lieu, qui est autoris\u00e9e lors de l&rsquo;\u00e9mission de la facture. Celle-ci a lieu en m\u00eame temps que la mainlev\u00e9e pour l&rsquo;exp\u00e9dition. Vous recevrez un message s\u00e9par\u00e9 \u00e0 ce sujet. En outre, les conditions de paiement du prestataire de services PayPal Inc. et Stripe Inc.<\/p>\n<p>6.3 Les marchandises livr\u00e9es restent notre propri\u00e9t\u00e9 jusqu&rsquo;au paiement int\u00e9gral (r\u00e9serve de propri\u00e9t\u00e9 selon \u00a7\u00a7158, 449 BGB). Le client doit nous informer imm\u00e9diatement des mesures d&rsquo;ex\u00e9cution prises par des tiers concernant les marchandises sous r\u00e9serve de propri\u00e9t\u00e9 et nous remettre les documents n\u00e9cessaires \u00e0 une intervention&nbsp;; ceci s&rsquo;applique \u00e9galement aux d\u00e9ficiences de toute autre nature.Ind\u00e9pendamment de cela, le client doit informer au pr\u00e9alable les tiers des droits sur la marchandise.<\/p>\n<h5>7. Garantie<\/h5>\n<p>Si l&rsquo;ex\u00e9cution suppl\u00e9mentaire a eu lieu par le biais d&rsquo;une livraison de remplacement, le client est tenu de nous retourner la premi\u00e8re marchandise livr\u00e9e dans les 30 jours \u00e0 nos frais. Les marchandises d\u00e9fectueuses doivent \u00eatre retourn\u00e9es conform\u00e9ment aux dispositions l\u00e9gales. Nous nous r\u00e9servons le droit de r\u00e9clamer des dommages et int\u00e9r\u00eats dans les conditions l\u00e9gales. Les accords annexes ne sont valables que sous forme \u00e9crite.<\/p>\n<h5>8. Responsabilit\u00e9 pour les d\u00e9fauts<\/h5>\n<p>8.1&nbsp;&nbsp;&nbsp; olivenoele.com est responsable en cas d&rsquo;intention ou de n\u00e9gligence grave conform\u00e9ment aux dispositions l\u00e9gales. La responsabilit\u00e9 des garanties est ind\u00e9pendante de la faute. La boutique en ligne n&rsquo;est responsable qu&rsquo;en cas de n\u00e9gligence l\u00e9g\u00e8re conform\u00e9ment aux dispositions de la loi sur la responsabilit\u00e9 du fait des produits, en cas d&rsquo;atteinte \u00e0 la vie, \u00e0 l&rsquo;int\u00e9grit\u00e9 physique ou \u00e0 la sant\u00e9 ou en cas de violation d&rsquo;obligations contractuelles essentielles. Toutefois, la demande de dommages-int\u00e9r\u00eats pour violation par n\u00e9gligence l\u00e9g\u00e8re d&rsquo;obligations contractuelles essentielles est limit\u00e9e aux dommages pr\u00e9visibles typiques du contrat, dans la mesure o\u00f9 il n&rsquo;y a pas de responsabilit\u00e9 pour atteinte \u00e0 la vie, \u00e0 l&rsquo;int\u00e9grit\u00e9 physique ou \u00e0 la sant\u00e9. La boutique en ligne est responsable dans la m\u00eame mesure de la faute des auxiliaires d&rsquo;ex\u00e9cution et des repr\u00e9sentants.<\/p>\n<p>8.2&nbsp;&nbsp;&nbsp; La r\u00e9glementation du paragraphe (8.1) ci-dessus s&rsquo;\u00e9tend \u00e0 l&rsquo;indemnisation des dommages en plus du service, \u00e0 l&rsquo;indemnisation des dommages au lieu du service et \u00e0 la demande d&rsquo;indemnisation pour les d\u00e9penses inutiles, quelle que soit la raison l\u00e9gale, y compris la responsabilit\u00e9 pour d\u00e9fauts, retard ou impossibilit\u00e9 .<\/p>\n<h5>9. Confidentialit\u00e9<\/h5>\n<p>Notre d\u00e9claration de protection des donn\u00e9es s&rsquo;applique, accessible <a href=\"https:\/\/www.olivenoel-muehle.de\/datenschutzerklaerung\/\" target=\"_blank\" rel=\"noopener\"><strong><em>ici<\/em><\/strong><\/a> .<\/p>\n<h5>10. Droits d&rsquo;auteur<\/h5>\n<p>Le contenu et les \u0153uvres cr\u00e9\u00e9s par Macchia Verde Bio sur ces pages sont soumis au droit d&rsquo;auteur allemand. La duplication, l&rsquo;\u00e9dition, la distribution et tout type d&rsquo;exploitation en dehors des limites du droit d&rsquo;auteur n\u00e9cessitent le consentement \u00e9crit de l&rsquo;auteur ou du cr\u00e9ateur respectif. Les t\u00e9l\u00e9chargements et copies de ce site ne sont autoris\u00e9s que pour un usage priv\u00e9 et non commercial. Dans la mesure o\u00f9 le contenu de ce site n&rsquo;a pas \u00e9t\u00e9 cr\u00e9\u00e9 par l&rsquo;exploitant, les droits d&rsquo;auteur de tiers sont respect\u00e9s. En particulier, les contenus de tiers sont signal\u00e9s comme tels. Si vous avez n\u00e9anmoins connaissance d&rsquo;une violation du droit d&rsquo;auteur, nous vous demandons de nous en informer en cons\u00e9quence. D\u00e8s que nous aurons connaissance de violations l\u00e9gales, nous supprimerons imm\u00e9diatement ce contenu.<\/p>\n<h5>11. Contenu et liens sur nos sites<\/h5>\n<p>11.1&nbsp;&nbsp;&nbsp; Le contenu de nos pages a \u00e9t\u00e9 cr\u00e9\u00e9 avec le plus grand soin. Cependant, nous ne pouvons pas garantir que le contenu est correct, complet ou \u00e0 jour. En tant que prestataire de services, nous sommes conformes au \u00a7 7 Abs.1 TMG est responsable de son propre contenu sur ces pages conform\u00e9ment aux lois g\u00e9n\u00e9rales. Conform\u00e9ment aux \u00a7\u00a7 8 \u00e0 10 TMG, nous ne sommes toutefois pas tenus, en tant que prestataire de services, de surveiller les informations tierces transmises ou stock\u00e9es ou d&rsquo;enqu\u00eater sur les circonstances qui indiquent une activit\u00e9 ill\u00e9gale. Les obligations de supprimer ou de bloquer l&rsquo;utilisation des informations conform\u00e9ment aux lois g\u00e9n\u00e9rales restent inchang\u00e9es. Toutefois, la responsabilit\u00e9 \u00e0 cet \u00e9gard n&rsquo;est possible qu&rsquo;\u00e0 partir du moment o\u00f9 la connaissance d&rsquo;une infraction concr\u00e8te \u00e0 la loi est connue. D\u00e8s que nous prendrons connaissance de toute violation de la loi, nous supprimerons imm\u00e9diatement ce contenu.<\/p>\n<p>11.2 Notre offre contient des liens vers des sites Web externes de tiers sur le contenu desquels nous n&rsquo;avons aucune influence.<br>Nous ne pouvons donc assumer aucune responsabilit\u00e9 pour ce contenu tiers. Le fournisseur ou l&rsquo;exploitant respectif des pages est toujours responsable du contenu des pages li\u00e9es.<\/p>\n<p>Les pages li\u00e9es ont \u00e9t\u00e9 v\u00e9rifi\u00e9es pour d&rsquo;\u00e9ventuelles violations de la loi au moment de la liaison. Le contenu ill\u00e9gal n&rsquo;\u00e9tait pas reconnaissable au moment de la cr\u00e9ation du lien. Cependant, un contr\u00f4le permanent du contenu des pages li\u00e9es n&rsquo;est pas raisonnable sans preuves concr\u00e8tes d&rsquo;une infraction. D\u00e8s que nous aurons connaissance de violations l\u00e9gales, nous supprimerons imm\u00e9diatement ces liens.<\/p>\n<h5>12. Dispositions finales<\/h5>\n<p>La validit\u00e9 de la loi sur la vente des Nations Unies est exclue, la loi allemande s&rsquo;applique. Avec une commande, les conditions g\u00e9n\u00e9rales de la boutique en ligne sont accept\u00e9es.<br>Si le client n&rsquo;a pas de juridiction g\u00e9n\u00e9rale en Allemagne ou dans un autre \u00c9tat membre de l&rsquo;UE, la juridiction comp\u00e9tente pour tous les litiges d\u00e9coulant de ce contrat est notre si\u00e8ge social : <strong>Tribunal de district de Bari<\/strong>&nbsp; (BA)<\/p>\n","protected":false},"excerpt":{"rendered":"","protected":false},"author":1,"featured_media":0,"parent":0,"menu_order":7,"comment_status":"closed","ping_status":"closed","template":"","meta":{"footnotes":""},"class_list":["post-14192","page","type-page","status-publish","hentry"],"_links":{"self":[{"href":"https:\/\/macchiaverde-bio.shop\/fr\/wp-json\/wp\/v2\/pages\/14192","targetHints":{"allow":["GET"]}}],"collection":[{"href":"https:\/\/macchiaverde-bio.shop\/fr\/wp-json\/wp\/v2\/pages"}],"about":[{"href":"https:\/\/macchiaverde-bio.shop\/fr\/wp-json\/wp\/v2\/types\/page"}],"author":[{"embeddable":true,"href":"https:\/\/macchiaverde-bio.shop\/fr\/wp-json\/wp\/v2\/users\/1"}],"replies":[{"embeddable":true,"href":"https:\/\/macchiaverde-bio.shop\/fr\/wp-json\/wp\/v2\/comments?post=14192"}],"version-history":[{"count":0,"href":"https:\/\/macchiaverde-bio.shop\/fr\/wp-json\/wp\/v2\/pages\/14192\/revisions"}],"wp:attachment":[{"href":"https:\/\/macchiaverde-bio.shop\/fr\/wp-json\/wp\/v2\/media?parent=14192"}],"curies":[{"name":"wp","href":"https:\/\/api.w.org\/{rel}","templated":true}]}}