{"id":22077,"date":"2020-03-13T00:39:55","date_gmt":"2020-03-12T23:39:55","guid":{"rendered":"https:\/\/macchiaverde-bio.shop\/produkt\/luomu-oliivioeljy-classic-pullot-6-x-750-ml\/"},"modified":"2025-02-25T18:28:41","modified_gmt":"2025-02-25T17:28:41","slug":"luomu-oliivioeljy-classic-pullot-6-x-750-ml","status":"publish","type":"product","link":"https:\/\/macchiaverde-bio.shop\/fi\/produkt\/luomu-oliivioeljy-classic-pullot-6-x-750-ml\/","title":{"rendered":"Luomu oliivi\u00f6ljy &#8211; Classic &#8211; Pullot 6 x 750 ml"},"content":{"rendered":"","protected":false},"excerpt":{"rendered":"<p><strong>\u2013 Laatikko 6 x 750 ml pullo \u2013<\/strong><br \/>\n Classic on tasapainotettu ja korkealaatuinen ekstra-neitsytoliivi\u00f6ljy, sekoitus Coratina- ja Ogliarola-oliiveja. Se n\u00e4ytt\u00e4\u00e4 kullankeltaiselta vihreill\u00e4 heijastuksilla, on keski hedelm\u00e4inen, t\u00e4ytel\u00e4inen, manteleita ja artisokkia. Se sopii monenlaisiin ruokiin ja sit\u00e4 voisi kutsua my\u00f6s &#8221;arkip\u00e4iv\u00e4n oliivi\u00f6ljyksi&#8221;.  <\/p>\n","protected":false},"featured_media":22078,"comment_status":"closed","ping_status":"closed","template":"","meta":[],"product_brand":[],"product_cat":[1596],"product_tag":[1599,1613,1610],"class_list":{"0":"post-22077","1":"product","2":"type-product","3":"status-publish","4":"has-post-thumbnail","6":"product_cat-oliivioeljypulloja","7":"product_tag-hedelmaeinen","8":"product_tag-tarjous","9":"product_tag-taeytelaeinen","11":"first","12":"instock","13":"taxable","14":"shipping-taxable","15":"purchasable","16":"product-type-simple"},"_links":{"self":[{"href":"https:\/\/macchiaverde-bio.shop\/fi\/wp-json\/wp\/v2\/product\/22077","targetHints":{"allow":["GET"]}}],"collection":[{"href":"https:\/\/macchiaverde-bio.shop\/fi\/wp-json\/wp\/v2\/product"}],"about":[{"href":"https:\/\/macchiaverde-bio.shop\/fi\/wp-json\/wp\/v2\/types\/product"}],"replies":[{"embeddable":true,"href":"https:\/\/macchiaverde-bio.shop\/fi\/wp-json\/wp\/v2\/comments?post=22077"}],"wp:featuredmedia":[{"embeddable":true,"href":"https:\/\/macchiaverde-bio.shop\/fi\/wp-json\/wp\/v2\/media\/22078"}],"wp:attachment":[{"href":"https:\/\/macchiaverde-bio.shop\/fi\/wp-json\/wp\/v2\/media?parent=22077"}],"wp:term":[{"taxonomy":"product_brand","embeddable":true,"href":"https:\/\/macchiaverde-bio.shop\/fi\/wp-json\/wp\/v2\/product_brand?post=22077"},{"taxonomy":"product_cat","embeddable":true,"href":"https:\/\/macchiaverde-bio.shop\/fi\/wp-json\/wp\/v2\/product_cat?post=22077"},{"taxonomy":"product_tag","embeddable":true,"href":"https:\/\/macchiaverde-bio.shop\/fi\/wp-json\/wp\/v2\/product_tag?post=22077"}],"curies":[{"name":"wp","href":"https:\/\/api.w.org\/{rel}","templated":true}]}}