{"id":22075,"date":"2020-03-16T01:32:16","date_gmt":"2020-03-16T00:32:16","guid":{"rendered":"https:\/\/macchiaverde-bio.shop\/produkt\/luomuoliivioeljy-lo-smeraldo-pussi-laatikossa-2-x-5-l\/"},"modified":"2020-03-16T01:32:16","modified_gmt":"2020-03-16T00:32:16","slug":"luomuoliivioeljy-lo-smeraldo-pussi-laatikossa-2-x-5-l","status":"publish","type":"product","link":"https:\/\/macchiaverde-bio.shop\/fi\/produkt\/luomuoliivioeljy-lo-smeraldo-pussi-laatikossa-2-x-5-l\/","title":{"rendered":"Luomuoliivi\u00f6ljy \u2013 Lo Smeraldo \u2013 pussi laatikossa 2 x 5 l"},"content":{"rendered":"","protected":false},"excerpt":{"rendered":"<p>&#8211; <strong>2 BaginBox da 5 litraa pahvissa<\/strong> &#8211;<br \/>\n Smeraldo on loistavan vihre\u00e4 \u00f6ljy, korkealaatuinen runko, uutettu 100 % Coratina-oliiveista. Vuodesta toiseen se osallistui kaikkiin kansallisiin ja kansainv\u00e4lisiin kilpailuihin, voitti kulta- ja platinamitaleita &#8221;Intense Fruit&#8221; -kategoriassa ja <strong>1246 mg<\/strong> \/kg polyfenoleillaan verrattuna 5-6 arvokkaimpiin \u00f6ljyihin. K\u00e4yt\u00e4nn\u00f6ss\u00e4 &#8221;Bag in Box&#8221; \u00f6ljy pysyy raikkaana kuin ensimm\u00e4isen\u00e4 p\u00e4iv\u00e4n\u00e4 viimeisen pullon j\u00e4lkeen.  <\/p>\n","protected":false},"featured_media":22076,"comment_status":"closed","ping_status":"closed","template":"","meta":[],"product_brand":[],"product_cat":[1601,1612],"product_tag":[1599,1600,1598,1613],"class_list":{"0":"post-22075","1":"product","2":"type-product","3":"status-publish","4":"has-post-thumbnail","6":"product_cat-erikoistarjouksia","7":"product_cat-oliivioeljypussi-laatikossa","8":"product_tag-hedelmaeinen","9":"product_tag-intensiivinen","10":"product_tag-oliivioeljy","11":"product_tag-tarjous","12":"product_shipping_class-toimituskulut","14":"first","15":"instock","16":"taxable","17":"shipping-taxable","18":"purchasable","19":"product-type-simple"},"_links":{"self":[{"href":"https:\/\/macchiaverde-bio.shop\/fi\/wp-json\/wp\/v2\/product\/22075","targetHints":{"allow":["GET"]}}],"collection":[{"href":"https:\/\/macchiaverde-bio.shop\/fi\/wp-json\/wp\/v2\/product"}],"about":[{"href":"https:\/\/macchiaverde-bio.shop\/fi\/wp-json\/wp\/v2\/types\/product"}],"replies":[{"embeddable":true,"href":"https:\/\/macchiaverde-bio.shop\/fi\/wp-json\/wp\/v2\/comments?post=22075"}],"wp:featuredmedia":[{"embeddable":true,"href":"https:\/\/macchiaverde-bio.shop\/fi\/wp-json\/wp\/v2\/media\/22076"}],"wp:attachment":[{"href":"https:\/\/macchiaverde-bio.shop\/fi\/wp-json\/wp\/v2\/media?parent=22075"}],"wp:term":[{"taxonomy":"product_brand","embeddable":true,"href":"https:\/\/macchiaverde-bio.shop\/fi\/wp-json\/wp\/v2\/product_brand?post=22075"},{"taxonomy":"product_cat","embeddable":true,"href":"https:\/\/macchiaverde-bio.shop\/fi\/wp-json\/wp\/v2\/product_cat?post=22075"},{"taxonomy":"product_tag","embeddable":true,"href":"https:\/\/macchiaverde-bio.shop\/fi\/wp-json\/wp\/v2\/product_tag?post=22075"}],"curies":[{"name":"wp","href":"https:\/\/api.w.org\/{rel}","templated":true}]}}