{"id":22071,"date":"2020-04-05T04:05:37","date_gmt":"2020-04-05T02:05:37","guid":{"rendered":"https:\/\/macchiaverde-bio.shop\/produkt\/oliivioeljyn-lahjarasia-1\/"},"modified":"2020-04-05T04:05:37","modified_gmt":"2020-04-05T02:05:37","slug":"oliivioeljyn-lahjarasia-1","status":"publish","type":"product","link":"https:\/\/macchiaverde-bio.shop\/fi\/produkt\/oliivioeljyn-lahjarasia-1\/","title":{"rendered":"Oliivi\u00f6ljyn lahjarasia 1"},"content":{"rendered":"","protected":false},"excerpt":{"rendered":"<p><strong>&#8211; Oliivi\u00f6ljy lahjapaketti &#8211;<\/strong><br \/>\n T\u00e4m\u00e4 gourmet-lahjapaketti on suosittu lahjaidea vaativille.<\/p>\n<p>Se sis\u00e4lt\u00e4\u00e4:<br \/>\n 500 ml:n pullo Smeraldoa, t\u00e4ytel\u00e4ist\u00e4, korkealaatuista vihre\u00e4\u00e4 \u00f6ljy\u00e4, joka on puristettu 100 % Coratina-oliiveista. Vuodesta toiseen se on osallistunut kaikkiin kansallisiin ja kansainv\u00e4lisiin kilpailuihin, voittanut kultamitaleita &#8221;Full Fruit&#8221; -kategoriassa ja on kansainv\u00e4lisen oliivi\u00f6ljytuotannon k\u00e4rjess\u00e4 1081 mg\/kg polyfenoleillaan (2021\/2022 sato). <\/p>\n<p>Filippo Cea&#8221; mantelit, mantelien kuningatar aromin ja ainesosien suhteen (johtuen niiden kalsium-, magnesium-, kalium- ja E- ja B-vitamiinipitoisuudesta),<\/p>\n<p>ja j\u00e4ttim\u00e4iset suolatut oliivit oliivi\u00f6ljyss\u00e4mme.<\/p>\n","protected":false},"featured_media":22072,"comment_status":"open","ping_status":"closed","template":"","meta":[],"product_brand":[],"product_cat":[1618,1596],"product_tag":[1599,1600,1598,1613],"class_list":{"0":"post-22071","1":"product","2":"type-product","3":"status-publish","4":"has-post-thumbnail","6":"product_cat-lahjalaatikoita","7":"product_cat-oliivioeljypulloja","8":"product_tag-hedelmaeinen","9":"product_tag-intensiivinen","10":"product_tag-oliivioeljy","11":"product_tag-tarjous","13":"first","14":"instock","15":"taxable","16":"shipping-taxable","17":"purchasable","18":"product-type-simple"},"_links":{"self":[{"href":"https:\/\/macchiaverde-bio.shop\/fi\/wp-json\/wp\/v2\/product\/22071","targetHints":{"allow":["GET"]}}],"collection":[{"href":"https:\/\/macchiaverde-bio.shop\/fi\/wp-json\/wp\/v2\/product"}],"about":[{"href":"https:\/\/macchiaverde-bio.shop\/fi\/wp-json\/wp\/v2\/types\/product"}],"replies":[{"embeddable":true,"href":"https:\/\/macchiaverde-bio.shop\/fi\/wp-json\/wp\/v2\/comments?post=22071"}],"wp:featuredmedia":[{"embeddable":true,"href":"https:\/\/macchiaverde-bio.shop\/fi\/wp-json\/wp\/v2\/media\/22072"}],"wp:attachment":[{"href":"https:\/\/macchiaverde-bio.shop\/fi\/wp-json\/wp\/v2\/media?parent=22071"}],"wp:term":[{"taxonomy":"product_brand","embeddable":true,"href":"https:\/\/macchiaverde-bio.shop\/fi\/wp-json\/wp\/v2\/product_brand?post=22071"},{"taxonomy":"product_cat","embeddable":true,"href":"https:\/\/macchiaverde-bio.shop\/fi\/wp-json\/wp\/v2\/product_cat?post=22071"},{"taxonomy":"product_tag","embeddable":true,"href":"https:\/\/macchiaverde-bio.shop\/fi\/wp-json\/wp\/v2\/product_tag?post=22071"}],"curies":[{"name":"wp","href":"https:\/\/api.w.org\/{rel}","templated":true}]}}