{"id":22069,"date":"2020-04-05T04:36:31","date_gmt":"2020-04-05T02:36:31","guid":{"rendered":"https:\/\/macchiaverde-bio.shop\/produkt\/oliivioeljyn-lahjarasia-2\/"},"modified":"2020-04-05T04:36:31","modified_gmt":"2020-04-05T02:36:31","slug":"oliivioeljyn-lahjarasia-2","status":"publish","type":"product","link":"https:\/\/macchiaverde-bio.shop\/fi\/produkt\/oliivioeljyn-lahjarasia-2\/","title":{"rendered":"Oliivi\u00f6ljyn lahjarasia 2"},"content":{"rendered":"","protected":false},"excerpt":{"rendered":"<p><strong>&#8211; Oliivi\u00f6ljy lahjapakkaus &#8211;<\/strong><br \/>\n T\u00e4m\u00e4 gourmet-lahjalaatikko on hitti, kun annat lahjaksi vaativille ihmisille.<\/p>\n<p>Sis\u00e4lt\u00e4\u00e4 kaksi 500 ml:n pulloa:<br \/>\n 1 x Smeraldo, runsas, t\u00e4ytel\u00e4inen ja korkealaatuinen vihre\u00e4 \u00f6ljy<br \/>\n on puristettu 100 % Coratina-oliiveista. Vuodesta toiseen se on osallistunut kaikkiin kansallisiin ja kansainv\u00e4lisiin kilpailuihin ja on palkittu kultamitalilla &#8221;Full Fruit&#8221; -kategoriassa. 710 mg\/kg polyfenoleillaan (2019\/2020 sato) se on kansainv\u00e4lisen \u00f6ljyntuotannon k\u00e4rjess\u00e4.<br \/>\n 1x Eliodoro, tasapainoinen, kullankeltainen korkealaatuinen \u00f6ljy<br \/>\n on valmistettu 70 % Coratina-oliiveista ja 30 % Ogliarola-oliiveista. Se on osallistunut kaikkiin kansallisiin ja kansainv\u00e4lisiin kilpailuihin ja on palkittu hopeamitaliin asti &#8221;keskikokoisen hedelm\u00e4isen&#8221; kategoriassa.   <\/p>\n","protected":false},"featured_media":22070,"comment_status":"open","ping_status":"closed","template":"","meta":[],"product_brand":[],"product_cat":[1618,1596],"product_tag":[1599,1600,1598,1613],"class_list":{"0":"post-22069","1":"product","2":"type-product","3":"status-publish","4":"has-post-thumbnail","6":"product_cat-lahjalaatikoita","7":"product_cat-oliivioeljypulloja","8":"product_tag-hedelmaeinen","9":"product_tag-intensiivinen","10":"product_tag-oliivioeljy","11":"product_tag-tarjous","13":"first","14":"instock","15":"taxable","16":"shipping-taxable","17":"purchasable","18":"product-type-simple"},"_links":{"self":[{"href":"https:\/\/macchiaverde-bio.shop\/fi\/wp-json\/wp\/v2\/product\/22069","targetHints":{"allow":["GET"]}}],"collection":[{"href":"https:\/\/macchiaverde-bio.shop\/fi\/wp-json\/wp\/v2\/product"}],"about":[{"href":"https:\/\/macchiaverde-bio.shop\/fi\/wp-json\/wp\/v2\/types\/product"}],"replies":[{"embeddable":true,"href":"https:\/\/macchiaverde-bio.shop\/fi\/wp-json\/wp\/v2\/comments?post=22069"}],"wp:featuredmedia":[{"embeddable":true,"href":"https:\/\/macchiaverde-bio.shop\/fi\/wp-json\/wp\/v2\/media\/22070"}],"wp:attachment":[{"href":"https:\/\/macchiaverde-bio.shop\/fi\/wp-json\/wp\/v2\/media?parent=22069"}],"wp:term":[{"taxonomy":"product_brand","embeddable":true,"href":"https:\/\/macchiaverde-bio.shop\/fi\/wp-json\/wp\/v2\/product_brand?post=22069"},{"taxonomy":"product_cat","embeddable":true,"href":"https:\/\/macchiaverde-bio.shop\/fi\/wp-json\/wp\/v2\/product_cat?post=22069"},{"taxonomy":"product_tag","embeddable":true,"href":"https:\/\/macchiaverde-bio.shop\/fi\/wp-json\/wp\/v2\/product_tag?post=22069"}],"curies":[{"name":"wp","href":"https:\/\/api.w.org\/{rel}","templated":true}]}}