{"id":22067,"date":"2020-04-29T00:57:50","date_gmt":"2020-04-28T22:57:50","guid":{"rendered":"https:\/\/macchiaverde-bio.shop\/produkt\/luomuoliivioeljy-lo-smeraldo-leliodoro-pussi-laatikossa-2-x-5-l\/"},"modified":"2020-04-29T00:57:50","modified_gmt":"2020-04-28T22:57:50","slug":"luomuoliivioeljy-lo-smeraldo-leliodoro-pussi-laatikossa-2-x-5-l","status":"publish","type":"product","link":"https:\/\/macchiaverde-bio.shop\/fi\/produkt\/luomuoliivioeljy-lo-smeraldo-leliodoro-pussi-laatikossa-2-x-5-l\/","title":{"rendered":"Luomuoliivi\u00f6ljy &#8211; Lo Smeraldo + L&#8217;Eliodoro &#8211; Pussi laatikossa 2 x 5 L"},"content":{"rendered":"","protected":false},"excerpt":{"rendered":"<p><strong>Luomuoliivi\u00f6ljy: Smeraldo + Eliodoro &#8211; 2 x 5 litran pussi laatikossa &#8211;<\/strong><\/p>\n<p>Lo Smeraldo on korkealaatuinen, runsas ja t\u00e4ytel\u00e4inen vihre\u00e4 \u00f6ljy, joka on puristettu 100 % Coratina-oliiveista. Vuodesta toiseen se on osallistunut kaikkiin kansallisiin ja kansainv\u00e4lisiin kilpailuihin ja on palkittu useita kertoja platinalla kategoriassa &#8221;t\u00e4ysin hedelm\u00e4inen&#8221;. Polyfenoleineen <strong>1246 mg\/kg<\/strong> se on yksi johtavista kansainv\u00e4lisist\u00e4 oliivi\u00f6ljyist\u00e4. Eliodoro on tasapainoinen, kullankeltainen korkealaatuinen \u00f6ljy, joka on valmistettu 70 prosentista Coratina- ja 30 prosentista Ogliarola-oliiveista. Sille on my\u00f6nnetty hopeamitaleita luokassa &#8221;keskipitk\u00e4 hedelm\u00e4inen&#8221; kansallisissa ja kansainv\u00e4lisiss\u00e4 kilpailuissa ja se on t\u00e4m\u00e4n kategorian k\u00e4rjess\u00e4 714 mg\/kg polyfenoleilla.    <\/p>\n","protected":false},"featured_media":22068,"comment_status":"closed","ping_status":"closed","template":"","meta":[],"product_brand":[],"product_cat":[1601,1612],"product_tag":[1599,1598],"class_list":{"0":"post-22067","1":"product","2":"type-product","3":"status-publish","4":"has-post-thumbnail","6":"product_cat-erikoistarjouksia","7":"product_cat-oliivioeljypussi-laatikossa","8":"product_tag-hedelmaeinen","9":"product_tag-oliivioeljy","11":"first","12":"instock","13":"taxable","14":"shipping-taxable","15":"purchasable","16":"product-type-simple"},"_links":{"self":[{"href":"https:\/\/macchiaverde-bio.shop\/fi\/wp-json\/wp\/v2\/product\/22067","targetHints":{"allow":["GET"]}}],"collection":[{"href":"https:\/\/macchiaverde-bio.shop\/fi\/wp-json\/wp\/v2\/product"}],"about":[{"href":"https:\/\/macchiaverde-bio.shop\/fi\/wp-json\/wp\/v2\/types\/product"}],"replies":[{"embeddable":true,"href":"https:\/\/macchiaverde-bio.shop\/fi\/wp-json\/wp\/v2\/comments?post=22067"}],"wp:featuredmedia":[{"embeddable":true,"href":"https:\/\/macchiaverde-bio.shop\/fi\/wp-json\/wp\/v2\/media\/22068"}],"wp:attachment":[{"href":"https:\/\/macchiaverde-bio.shop\/fi\/wp-json\/wp\/v2\/media?parent=22067"}],"wp:term":[{"taxonomy":"product_brand","embeddable":true,"href":"https:\/\/macchiaverde-bio.shop\/fi\/wp-json\/wp\/v2\/product_brand?post=22067"},{"taxonomy":"product_cat","embeddable":true,"href":"https:\/\/macchiaverde-bio.shop\/fi\/wp-json\/wp\/v2\/product_cat?post=22067"},{"taxonomy":"product_tag","embeddable":true,"href":"https:\/\/macchiaverde-bio.shop\/fi\/wp-json\/wp\/v2\/product_tag?post=22067"}],"curies":[{"name":"wp","href":"https:\/\/api.w.org\/{rel}","templated":true}]}}