{"id":22065,"date":"2022-12-16T18:25:46","date_gmt":"2022-12-16T17:25:46","guid":{"rendered":"https:\/\/macchiaverde-bio.shop\/produkt\/luomumantelit-2-x-500-g\/"},"modified":"2022-12-16T18:25:46","modified_gmt":"2022-12-16T17:25:46","slug":"luomumantelit-2-x-500-g","status":"publish","type":"product","link":"https:\/\/macchiaverde-bio.shop\/fi\/produkt\/luomumantelit-2-x-500-g\/","title":{"rendered":"Luomumantelit 2 x 500 g"},"content":{"rendered":"","protected":false},"excerpt":{"rendered":"<p>Luomumantelit lajikkeesta &#8221;Filippo Cea&#8221; 500 gx 2<br \/>\n Tunturit pit\u00e4v\u00e4t &#8221;Filippo Cea&#8221; -mantelia mantelien kuningattarena, ja se on erinomainen manteli kondiittoreille Apuliassa, jossa sit\u00e4 p\u00e4\u00e4asiassa viljell\u00e4\u00e4n. Se on vertaansa vailla paitsi maun, my\u00f6s vitamiini- ja hivenainepitoisuutensa suhteen. Ne tulevat meille luomulaatuisina, juuri kuorittuina ja pakattuna.  <\/p>\n","protected":false},"featured_media":22066,"comment_status":"open","ping_status":"closed","template":"","meta":[],"product_brand":[],"product_cat":[1621,1623],"product_tag":[],"class_list":{"0":"post-22065","1":"product","2":"type-product","3":"status-publish","4":"has-post-thumbnail","6":"product_cat-gourmet-settejae","7":"product_cat-mantelit","8":"product_shipping_class-alennettu-kiinteae-maeaerae","10":"first","11":"instock","12":"taxable","13":"shipping-taxable","14":"purchasable","15":"product-type-simple"},"_links":{"self":[{"href":"https:\/\/macchiaverde-bio.shop\/fi\/wp-json\/wp\/v2\/product\/22065","targetHints":{"allow":["GET"]}}],"collection":[{"href":"https:\/\/macchiaverde-bio.shop\/fi\/wp-json\/wp\/v2\/product"}],"about":[{"href":"https:\/\/macchiaverde-bio.shop\/fi\/wp-json\/wp\/v2\/types\/product"}],"replies":[{"embeddable":true,"href":"https:\/\/macchiaverde-bio.shop\/fi\/wp-json\/wp\/v2\/comments?post=22065"}],"wp:featuredmedia":[{"embeddable":true,"href":"https:\/\/macchiaverde-bio.shop\/fi\/wp-json\/wp\/v2\/media\/22066"}],"wp:attachment":[{"href":"https:\/\/macchiaverde-bio.shop\/fi\/wp-json\/wp\/v2\/media?parent=22065"}],"wp:term":[{"taxonomy":"product_brand","embeddable":true,"href":"https:\/\/macchiaverde-bio.shop\/fi\/wp-json\/wp\/v2\/product_brand?post=22065"},{"taxonomy":"product_cat","embeddable":true,"href":"https:\/\/macchiaverde-bio.shop\/fi\/wp-json\/wp\/v2\/product_cat?post=22065"},{"taxonomy":"product_tag","embeddable":true,"href":"https:\/\/macchiaverde-bio.shop\/fi\/wp-json\/wp\/v2\/product_tag?post=22065"}],"curies":[{"name":"wp","href":"https:\/\/api.w.org\/{rel}","templated":true}]}}