{"id":22059,"date":"2022-12-16T18:34:08","date_gmt":"2022-12-16T17:34:08","guid":{"rendered":"https:\/\/macchiaverde-bio.shop\/produkt\/gourmet-setti-11-osaa\/"},"modified":"2022-12-16T18:34:08","modified_gmt":"2022-12-16T17:34:08","slug":"gourmet-setti-11-osaa","status":"publish","type":"product","link":"https:\/\/macchiaverde-bio.shop\/fi\/produkt\/gourmet-setti-11-osaa\/","title":{"rendered":"gourmet-setti (11 osaa)"},"content":{"rendered":"","protected":false},"excerpt":{"rendered":"<p><strong><span style=\"vertical-align: inherit\"><span style=\"vertical-align: inherit\"><span style=\"vertical-align: inherit\"><span style=\"vertical-align: inherit\">Setti gourmet-oliivi\u00f6ljy\u00e4, 11 kpl<\/span><\/span><\/span><\/span><\/strong><br \/>\n<span style=\"vertical-align: inherit\"><span style=\"vertical-align: inherit\"><span style=\"vertical-align: inherit\"><span style=\"vertical-align: inherit\">  Gourmet-sarjamme sis\u00e4lt\u00e4\u00e4 parhaat, yksinomaan k\u00e4sintehdyt tuotteet ja on koru jokaiseen makuun, ihanteellinen laadukkaaksi lahjaksi.  <\/span><\/span><\/span><span style=\"vertical-align: inherit\"><span style=\"vertical-align: inherit\"><span style=\"vertical-align: inherit\">Sis\u00e4lt\u00e4\u00e4 3 oliivi\u00f6ljy\u00e4, 3 erilaista salamioliiveja eri muodoissa, 3 makedonialaista tyyppi\u00e4 ja luomumanteleita &#8221;Filippo Cea&#8221; -lajikkeesta, Puglian leivonnaisten p\u00e4\u00e4lajitelmasta.  <\/span><\/span><\/span><span style=\"vertical-align: inherit\"><span style=\"vertical-align: inherit\"><span style=\"vertical-align: inherit\">Kaikki tuotteet on suojattu kaikilta kemialliselta k\u00e4sittelylt\u00e4 ja k\u00e4sittelylt\u00e4 perinteisten kanonien mukaisesti ja ne on valmistettu Macchia Verde luomuoliivi\u00f6ljyst\u00e4.  <\/span><\/span><\/span><\/span><br \/>\n<span style=\"vertical-align: inherit\"><span style=\"vertical-align: inherit\"><span style=\"vertical-align: inherit\"><span style=\"vertical-align: inherit\">Riceverai:  <\/span><\/span><\/span><\/span><br \/>\n<span style=\"vertical-align: inherit\"><span style=\"vertical-align: inherit\"><span style=\"vertical-align: inherit\"><span style=\"vertical-align: inherit\">3 pulloa oliivi\u00f6ljy\u00e4 (500 ml kukin)  <\/span><\/span><\/span><\/span><br \/>\n<span style=\"vertical-align: inherit\"><span style=\"vertical-align: inherit\"><span style=\"vertical-align: inherit\"><span style=\"vertical-align: inherit\">3 vasesetti di oliivia (220 g ciascunaa)  <\/span><\/span><\/span><\/span><br \/>\n<span style=\"vertical-align: inherit\"><span style=\"vertical-align: inherit\"><span style=\"vertical-align: inherit\"><span style=\"vertical-align: inherit\">3 vasesetti di pastaa (220 g ciascunaa)  <\/span><\/span><\/span><\/span><br \/>\n<span style=\"vertical-align: inherit\"><span style=\"vertical-align: inherit\"><span style=\"vertical-align: inherit\"><span style=\"vertical-align: inherit\">2 buste di mantelia (250 g ciascunaa)<\/span><\/span><\/span><\/span><\/p>\n","protected":false},"featured_media":22060,"comment_status":"open","ping_status":"closed","template":"","meta":[],"product_brand":[],"product_cat":[1621,1622,1623,1619,1596],"product_tag":[],"class_list":{"0":"post-22059","1":"product","2":"type-product","3":"status-publish","4":"has-post-thumbnail","6":"product_cat-gourmet-settejae","7":"product_cat-levitteet-voiteet","8":"product_cat-mantelit","9":"product_cat-oliiveja","10":"product_cat-oliivioeljypulloja","12":"first","13":"instock","14":"taxable","15":"shipping-taxable","16":"purchasable","17":"product-type-simple"},"_links":{"self":[{"href":"https:\/\/macchiaverde-bio.shop\/fi\/wp-json\/wp\/v2\/product\/22059","targetHints":{"allow":["GET"]}}],"collection":[{"href":"https:\/\/macchiaverde-bio.shop\/fi\/wp-json\/wp\/v2\/product"}],"about":[{"href":"https:\/\/macchiaverde-bio.shop\/fi\/wp-json\/wp\/v2\/types\/product"}],"replies":[{"embeddable":true,"href":"https:\/\/macchiaverde-bio.shop\/fi\/wp-json\/wp\/v2\/comments?post=22059"}],"wp:featuredmedia":[{"embeddable":true,"href":"https:\/\/macchiaverde-bio.shop\/fi\/wp-json\/wp\/v2\/media\/22060"}],"wp:attachment":[{"href":"https:\/\/macchiaverde-bio.shop\/fi\/wp-json\/wp\/v2\/media?parent=22059"}],"wp:term":[{"taxonomy":"product_brand","embeddable":true,"href":"https:\/\/macchiaverde-bio.shop\/fi\/wp-json\/wp\/v2\/product_brand?post=22059"},{"taxonomy":"product_cat","embeddable":true,"href":"https:\/\/macchiaverde-bio.shop\/fi\/wp-json\/wp\/v2\/product_cat?post=22059"},{"taxonomy":"product_tag","embeddable":true,"href":"https:\/\/macchiaverde-bio.shop\/fi\/wp-json\/wp\/v2\/product_tag?post=22059"}],"curies":[{"name":"wp","href":"https:\/\/api.w.org\/{rel}","templated":true}]}}