{"id":22057,"date":"2022-12-16T18:45:48","date_gmt":"2022-12-16T17:45:48","guid":{"rendered":"https:\/\/macchiaverde-bio.shop\/produkt\/oliivit-purkissa-1-kg-gourmet-laatua\/"},"modified":"2022-12-16T18:45:48","modified_gmt":"2022-12-16T17:45:48","slug":"oliivit-purkissa-1-kg-gourmet-laatua","status":"publish","type":"product","link":"https:\/\/macchiaverde-bio.shop\/fi\/produkt\/oliivit-purkissa-1-kg-gourmet-laatua\/","title":{"rendered":"Oliivit purkissa 1 kg &#8211; Gourmet-laatua"},"content":{"rendered":"","protected":false},"excerpt":{"rendered":"<p><strong>Oliivit purkissa, lajike &#8221;Termiti di Bitetto&#8221; 1 kg<\/strong><br \/>\n MACCHIA VERDE -oliivit ovat korkealaatuisia, puhtaasti k\u00e4sity\u00f6n\u00e4 valmistettuja tuotteita, paikallinen gourmetlajike &#8221;Termiti di Bitetto&#8221;, s\u00e4il\u00f6tty laakeri\u00f6ljyyn. Oliiveja ei ole k\u00e4sitelty kemiallisesti ja ne on prosessoitu perinteisten standardien mukaisesti, ne on marinoitu luomu Macchia Verde -oliivi\u00f6ljyll\u00e4, kannattaa k\u00e4ytt\u00e4\u00e4 my\u00f6s t\u00e4t\u00e4 mausteista laakeriliivit, kun oliivit on kulutettu. <\/p>\n","protected":false},"featured_media":22058,"comment_status":"open","ping_status":"closed","template":"","meta":[],"product_brand":[],"product_cat":[1619],"product_tag":[],"class_list":{"0":"post-22057","1":"product","2":"type-product","3":"status-publish","4":"has-post-thumbnail","6":"product_cat-oliiveja","8":"first","9":"instock","10":"taxable","11":"shipping-taxable","12":"purchasable","13":"product-type-simple"},"_links":{"self":[{"href":"https:\/\/macchiaverde-bio.shop\/fi\/wp-json\/wp\/v2\/product\/22057","targetHints":{"allow":["GET"]}}],"collection":[{"href":"https:\/\/macchiaverde-bio.shop\/fi\/wp-json\/wp\/v2\/product"}],"about":[{"href":"https:\/\/macchiaverde-bio.shop\/fi\/wp-json\/wp\/v2\/types\/product"}],"replies":[{"embeddable":true,"href":"https:\/\/macchiaverde-bio.shop\/fi\/wp-json\/wp\/v2\/comments?post=22057"}],"wp:featuredmedia":[{"embeddable":true,"href":"https:\/\/macchiaverde-bio.shop\/fi\/wp-json\/wp\/v2\/media\/22058"}],"wp:attachment":[{"href":"https:\/\/macchiaverde-bio.shop\/fi\/wp-json\/wp\/v2\/media?parent=22057"}],"wp:term":[{"taxonomy":"product_brand","embeddable":true,"href":"https:\/\/macchiaverde-bio.shop\/fi\/wp-json\/wp\/v2\/product_brand?post=22057"},{"taxonomy":"product_cat","embeddable":true,"href":"https:\/\/macchiaverde-bio.shop\/fi\/wp-json\/wp\/v2\/product_cat?post=22057"},{"taxonomy":"product_tag","embeddable":true,"href":"https:\/\/macchiaverde-bio.shop\/fi\/wp-json\/wp\/v2\/product_tag?post=22057"}],"curies":[{"name":"wp","href":"https:\/\/api.w.org\/{rel}","templated":true}]}}