{"id":22055,"date":"2022-12-16T18:48:11","date_gmt":"2022-12-16T17:48:11","guid":{"rendered":"https:\/\/macchiaverde-bio.shop\/produkt\/oliivit-purkissa-1-kg-2x-gourmet-laatua\/"},"modified":"2022-12-16T18:48:11","modified_gmt":"2022-12-16T17:48:11","slug":"oliivit-purkissa-1-kg-2x-gourmet-laatua","status":"publish","type":"product","link":"https:\/\/macchiaverde-bio.shop\/fi\/produkt\/oliivit-purkissa-1-kg-2x-gourmet-laatua\/","title":{"rendered":"Oliivit purkissa 1 kg (2x) &#8211; Gourmet-laatua"},"content":{"rendered":"","protected":false},"excerpt":{"rendered":"<p><strong>Oliiveja purkissa, lajike &#8221;Termiti di Bitetto&#8221; 1 kg x 2<\/strong><br \/>\n MACCHIA VERDE -oliivit ovat korkealaatuisia, puhtaasti k\u00e4sity\u00f6n\u00e4 valmistettuja tuotteita, paikallinen gourmetlajike &#8221;Termiti di Bitetto&#8221;, s\u00e4il\u00f6tty laakeri\u00f6ljyyn. Oliiveja ei ole k\u00e4sitelty kemiallisesti ja ne on prosessoitu perinteisten standardien mukaisesti, ne on marinoitu luomu Macchia Verde -oliivi\u00f6ljyll\u00e4, sinun tulee k\u00e4ytt\u00e4\u00e4 my\u00f6s t\u00e4t\u00e4 mausteista laakeriliivit, kun oliivit on kulutettu. <\/p>\n","protected":false},"featured_media":22056,"comment_status":"open","ping_status":"closed","template":"","meta":[],"product_brand":[],"product_cat":[1621,1619],"product_tag":[],"class_list":{"0":"post-22055","1":"product","2":"type-product","3":"status-publish","4":"has-post-thumbnail","6":"product_cat-gourmet-settejae","7":"product_cat-oliiveja","9":"first","10":"instock","11":"taxable","12":"shipping-taxable","13":"purchasable","14":"product-type-simple"},"_links":{"self":[{"href":"https:\/\/macchiaverde-bio.shop\/fi\/wp-json\/wp\/v2\/product\/22055","targetHints":{"allow":["GET"]}}],"collection":[{"href":"https:\/\/macchiaverde-bio.shop\/fi\/wp-json\/wp\/v2\/product"}],"about":[{"href":"https:\/\/macchiaverde-bio.shop\/fi\/wp-json\/wp\/v2\/types\/product"}],"replies":[{"embeddable":true,"href":"https:\/\/macchiaverde-bio.shop\/fi\/wp-json\/wp\/v2\/comments?post=22055"}],"wp:featuredmedia":[{"embeddable":true,"href":"https:\/\/macchiaverde-bio.shop\/fi\/wp-json\/wp\/v2\/media\/22056"}],"wp:attachment":[{"href":"https:\/\/macchiaverde-bio.shop\/fi\/wp-json\/wp\/v2\/media?parent=22055"}],"wp:term":[{"taxonomy":"product_brand","embeddable":true,"href":"https:\/\/macchiaverde-bio.shop\/fi\/wp-json\/wp\/v2\/product_brand?post=22055"},{"taxonomy":"product_cat","embeddable":true,"href":"https:\/\/macchiaverde-bio.shop\/fi\/wp-json\/wp\/v2\/product_cat?post=22055"},{"taxonomy":"product_tag","embeddable":true,"href":"https:\/\/macchiaverde-bio.shop\/fi\/wp-json\/wp\/v2\/product_tag?post=22055"}],"curies":[{"name":"wp","href":"https:\/\/api.w.org\/{rel}","templated":true}]}}