{"id":22045,"date":"2022-12-16T19:05:51","date_gmt":"2022-12-16T18:05:51","guid":{"rendered":"https:\/\/macchiaverde-bio.shop\/produkt\/levite-kerma-sekoitettu-220-g-6x\/"},"modified":"2022-12-16T19:05:51","modified_gmt":"2022-12-16T18:05:51","slug":"levite-kerma-sekoitettu-220-g-6x","status":"publish","type":"product","link":"https:\/\/macchiaverde-bio.shop\/fi\/produkt\/levite-kerma-sekoitettu-220-g-6x\/","title":{"rendered":"Levite, kerma sekoitettu 220 g (6x)"},"content":{"rendered":"","protected":false},"excerpt":{"rendered":"<p><strong>Voiteet\/voiteet purkissa 3 erilaista 220 g (6x)<\/strong><\/p>\n<p> MACCHIA VERDEN luomulevitteet ovat laadukkaita tuotteita, jotka valmistetaan kokonaan k\u00e4sin.<br \/>\n Saatavilla on 3 erityyppist\u00e4 voidetta:<\/p>\n<p> 1. kuivatuista kirsikkatomaateista<br \/>\n 2. suurista vihreist\u00e4 oliiveista<br \/>\n 3. valmistettu erilaisista vihanneksista mausteisilla mausteilla.<\/p>\n<p> Kaikissa kolmessa lajikkeessa ei ole kemiallista k\u00e4sittely\u00e4 ja ne on prosessoitu perinteisten standardien mukaisesti, ja kaikki on valmistettu luomu MACCHIA VERDE BIO -oliivi\u00f6ljyst\u00e4.<\/p>\n<p> Setti sis\u00e4lt\u00e4\u00e4 1 lasin kutakin lajiketta.<\/p>\n","protected":false},"featured_media":22046,"comment_status":"open","ping_status":"closed","template":"","meta":[],"product_brand":[],"product_cat":[1621,1622],"product_tag":[],"class_list":{"0":"post-22045","1":"product","2":"type-product","3":"status-publish","4":"has-post-thumbnail","6":"product_cat-gourmet-settejae","7":"product_cat-levitteet-voiteet","9":"first","10":"instock","11":"taxable","12":"shipping-taxable","13":"purchasable","14":"product-type-simple"},"_links":{"self":[{"href":"https:\/\/macchiaverde-bio.shop\/fi\/wp-json\/wp\/v2\/product\/22045","targetHints":{"allow":["GET"]}}],"collection":[{"href":"https:\/\/macchiaverde-bio.shop\/fi\/wp-json\/wp\/v2\/product"}],"about":[{"href":"https:\/\/macchiaverde-bio.shop\/fi\/wp-json\/wp\/v2\/types\/product"}],"replies":[{"embeddable":true,"href":"https:\/\/macchiaverde-bio.shop\/fi\/wp-json\/wp\/v2\/comments?post=22045"}],"wp:featuredmedia":[{"embeddable":true,"href":"https:\/\/macchiaverde-bio.shop\/fi\/wp-json\/wp\/v2\/media\/22046"}],"wp:attachment":[{"href":"https:\/\/macchiaverde-bio.shop\/fi\/wp-json\/wp\/v2\/media?parent=22045"}],"wp:term":[{"taxonomy":"product_brand","embeddable":true,"href":"https:\/\/macchiaverde-bio.shop\/fi\/wp-json\/wp\/v2\/product_brand?post=22045"},{"taxonomy":"product_cat","embeddable":true,"href":"https:\/\/macchiaverde-bio.shop\/fi\/wp-json\/wp\/v2\/product_cat?post=22045"},{"taxonomy":"product_tag","embeddable":true,"href":"https:\/\/macchiaverde-bio.shop\/fi\/wp-json\/wp\/v2\/product_tag?post=22045"}],"curies":[{"name":"wp","href":"https:\/\/api.w.org\/{rel}","templated":true}]}}