{"id":22043,"date":"2022-12-16T19:14:28","date_gmt":"2022-12-16T18:14:28","guid":{"rendered":"https:\/\/macchiaverde-bio.shop\/produkt\/sekoitettuja-oliiveja-220-g-3x\/"},"modified":"2022-12-16T19:14:28","modified_gmt":"2022-12-16T18:14:28","slug":"sekoitettuja-oliiveja-220-g-3x","status":"publish","type":"product","link":"https:\/\/macchiaverde-bio.shop\/fi\/produkt\/sekoitettuja-oliiveja-220-g-3x\/","title":{"rendered":"sekoitettuja oliiveja 220 g (3x)"},"content":{"rendered":"","protected":false},"excerpt":{"rendered":"<p><strong>Oliivit purkissa 3 lajiketta 220 g (3x)<\/strong><\/p>\n<p>MACCHIA VERDE -oliivit ovat puhtaasti k\u00e4sity\u00f6n\u00e4 valmistettu huipputuote, saat 3 erilaista oliiveja:<\/p>\n<p>1. Isot mantelilla t\u00e4ytetyt oliivit<br \/>\n 2. Sekoitettuja, kivett\u00f6mi\u00e4 ja mausteisia marinoituja pieni\u00e4 oliiveja<br \/>\n 3. Paikallinen gourmetlajike &#8221;Termiti di Bitetto&#8221; laakerilla marinoituna.<\/p>\n<p>Kaikissa kolmessa lajikkeessa ei ole kemiallista k\u00e4sittely\u00e4 ja ne on k\u00e4sitelty perinteisten standardien mukaisesti. Ne kaikki on marinoitu MACCHIA VERDE ORGANIC -oliivi\u00f6ljyll\u00e4. T\u00e4t\u00e4 mausteista \u00f6ljy\u00e4 kannattaa k\u00e4ytt\u00e4\u00e4 my\u00f6s, jos sen sis\u00e4lt\u00e4m\u00e4t oliivit on sy\u00f6ty.  <\/p>\n<p>Setti sis\u00e4lt\u00e4\u00e4 1 lasin kutakin lajiketta.<\/p>\n","protected":false},"featured_media":22044,"comment_status":"closed","ping_status":"closed","template":"","meta":[],"product_brand":[],"product_cat":[1621],"product_tag":[],"class_list":{"0":"post-22043","1":"product","2":"type-product","3":"status-publish","4":"has-post-thumbnail","6":"product_cat-gourmet-settejae","8":"first","9":"instock","10":"taxable","11":"shipping-taxable","12":"purchasable","13":"product-type-simple"},"_links":{"self":[{"href":"https:\/\/macchiaverde-bio.shop\/fi\/wp-json\/wp\/v2\/product\/22043","targetHints":{"allow":["GET"]}}],"collection":[{"href":"https:\/\/macchiaverde-bio.shop\/fi\/wp-json\/wp\/v2\/product"}],"about":[{"href":"https:\/\/macchiaverde-bio.shop\/fi\/wp-json\/wp\/v2\/types\/product"}],"replies":[{"embeddable":true,"href":"https:\/\/macchiaverde-bio.shop\/fi\/wp-json\/wp\/v2\/comments?post=22043"}],"wp:featuredmedia":[{"embeddable":true,"href":"https:\/\/macchiaverde-bio.shop\/fi\/wp-json\/wp\/v2\/media\/22044"}],"wp:attachment":[{"href":"https:\/\/macchiaverde-bio.shop\/fi\/wp-json\/wp\/v2\/media?parent=22043"}],"wp:term":[{"taxonomy":"product_brand","embeddable":true,"href":"https:\/\/macchiaverde-bio.shop\/fi\/wp-json\/wp\/v2\/product_brand?post=22043"},{"taxonomy":"product_cat","embeddable":true,"href":"https:\/\/macchiaverde-bio.shop\/fi\/wp-json\/wp\/v2\/product_cat?post=22043"},{"taxonomy":"product_tag","embeddable":true,"href":"https:\/\/macchiaverde-bio.shop\/fi\/wp-json\/wp\/v2\/product_tag?post=22043"}],"curies":[{"name":"wp","href":"https:\/\/api.w.org\/{rel}","templated":true}]}}