{"id":22034,"date":"2022-12-22T22:41:34","date_gmt":"2022-12-22T21:41:34","guid":{"rendered":"https:\/\/macchiaverde-bio.shop\/produkt\/luomu-oliivioeljy-leliodoro-pullot-12-x-250-ml\/"},"modified":"2022-12-22T22:41:34","modified_gmt":"2022-12-22T21:41:34","slug":"luomu-oliivioeljy-leliodoro-pullot-12-x-250-ml","status":"publish","type":"product","link":"https:\/\/macchiaverde-bio.shop\/fi\/produkt\/luomu-oliivioeljy-leliodoro-pullot-12-x-250-ml\/","title":{"rendered":"Luomu oliivi\u00f6ljy &#8211; L&#8217;Eliodoro &#8211; Pullot 12 x 250 ml"},"content":{"rendered":"","protected":false},"excerpt":{"rendered":"<p>&#8211;  <span><strong>12 pullon laatikko &#8211;<\/strong><br \/>\n Eliodoro on tasapainoinen, korkealaatuinen kullanruskea oliivi\u00f6ljy, joka on valmistettu 70 % Coratina-oliiveista ja 30 % Ogliarolasta. Se on palkittu kansallisissa ja kansainv\u00e4lisiss\u00e4 kilpailuissa hopeamitalilla &#8221;Medium Fruit&#8221; -kategoriassa, ja se on yksi parhaista luokassaan polyfenolipitoisuudella 714 mg\/kg. <\/span><\/p>\n","protected":false},"featured_media":22035,"comment_status":"open","ping_status":"closed","template":"","meta":[],"product_brand":[],"product_cat":[1596],"product_tag":[1599,1600,1598],"class_list":{"0":"post-22034","1":"product","2":"type-product","3":"status-publish","4":"has-post-thumbnail","6":"product_cat-oliivioeljypulloja","7":"product_tag-hedelmaeinen","8":"product_tag-intensiivinen","9":"product_tag-oliivioeljy","11":"first","12":"instock","13":"taxable","14":"shipping-taxable","15":"purchasable","16":"product-type-simple"},"_links":{"self":[{"href":"https:\/\/macchiaverde-bio.shop\/fi\/wp-json\/wp\/v2\/product\/22034","targetHints":{"allow":["GET"]}}],"collection":[{"href":"https:\/\/macchiaverde-bio.shop\/fi\/wp-json\/wp\/v2\/product"}],"about":[{"href":"https:\/\/macchiaverde-bio.shop\/fi\/wp-json\/wp\/v2\/types\/product"}],"replies":[{"embeddable":true,"href":"https:\/\/macchiaverde-bio.shop\/fi\/wp-json\/wp\/v2\/comments?post=22034"}],"wp:featuredmedia":[{"embeddable":true,"href":"https:\/\/macchiaverde-bio.shop\/fi\/wp-json\/wp\/v2\/media\/22035"}],"wp:attachment":[{"href":"https:\/\/macchiaverde-bio.shop\/fi\/wp-json\/wp\/v2\/media?parent=22034"}],"wp:term":[{"taxonomy":"product_brand","embeddable":true,"href":"https:\/\/macchiaverde-bio.shop\/fi\/wp-json\/wp\/v2\/product_brand?post=22034"},{"taxonomy":"product_cat","embeddable":true,"href":"https:\/\/macchiaverde-bio.shop\/fi\/wp-json\/wp\/v2\/product_cat?post=22034"},{"taxonomy":"product_tag","embeddable":true,"href":"https:\/\/macchiaverde-bio.shop\/fi\/wp-json\/wp\/v2\/product_tag?post=22034"}],"curies":[{"name":"wp","href":"https:\/\/api.w.org\/{rel}","templated":true}]}}