{"id":22032,"date":"2022-12-22T22:43:48","date_gmt":"2022-12-22T21:43:48","guid":{"rendered":"https:\/\/macchiaverde-bio.shop\/produkt\/luomuoliivioeljy-lo-smeraldo-pullot-12-x-250-ml\/"},"modified":"2022-12-22T22:43:48","modified_gmt":"2022-12-22T21:43:48","slug":"luomuoliivioeljy-lo-smeraldo-pullot-12-x-250-ml","status":"publish","type":"product","link":"https:\/\/macchiaverde-bio.shop\/fi\/produkt\/luomuoliivioeljy-lo-smeraldo-pullot-12-x-250-ml\/","title":{"rendered":"Luomuoliivi\u00f6ljy \u2013 Lo Smeraldo \u2013 Pullot 12 x 250 ml"},"content":{"rendered":"","protected":false},"excerpt":{"rendered":"<p><strong>&#8211; 12 pullon laatikko &#8211;<\/strong><\/p>\n<p id=\"tw-target-text\" class=\"tw-data-text tw-text-large tw-ta\" dir=\"ltr\" data-placeholder=\"\u00dcbersetzung\"><span lang=\"de\">Smeraldo on rikas vihre\u00e4 oliivi\u00f6ljy ja korkealaatuinen runko, valmistettu 100 % Coratina-oliiveista. Vuodesta toiseen se on osallistunut kaikkiin kansallisiin ja kansainv\u00e4lisiin kilpailuihin, ja se on palkittu platinamitalilla luokissa &#8221;Full fruity&#8221; ja &#8221;Health Claim&#8221;, mik\u00e4 liittyy kansainv\u00e4lisen oliivi\u00f6ljytuotannon palkinnon voittajiin. <\/span><\/p>\n<p class=\"tw-data-text tw-text-large tw-ta\" dir=\"ltr\" data-placeholder=\"\u00dcbersetzung\"><span lang=\"de\"><strong>Coratina-oliivin<\/strong> yksinomaisen k\u00e4yt\u00f6n ansiosta Smeraldolle on ominaista <strong>sen korkea<\/strong> <strong>polyfenolipitoisuus<\/strong> . Ennen kaikkea korkea polyfenolipitoisuus antaa Coratina-\u00f6ljylle <strong>intensiivisen, hedelm\u00e4isen ja raikkaan<\/strong> maun. Oliivi\u00f6ljyn tuoksu on pehme\u00e4 ja huomaamaton, siin\u00e4 on selkeit\u00e4 maukkaita raakahedelmi\u00e4 ja tuoreita vihreit\u00e4 manteleita.  <\/span><\/p>\n<p dir=\"ltr\" data-placeholder=\"\u00dcbersetzung\">Smeraldo sopii erinomaisesti <strong>pizzalle<\/strong> ja <strong>ensiruokille<\/strong> , mutta my\u00f6s focaccialle, <strong>kekseille<\/strong> ja <strong>grilliruokille<\/strong> . Oliivi\u00f6ljy sopii mainiosti my\u00f6s <strong>marinointiin, grillaukseen<\/strong> ja kapselin purkamiseen, koska suuri m\u00e4\u00e4r\u00e4 polyfenoleja tunkeutuu syv\u00e4lle lihaan ja kuljettaa kasvien aromit. <\/p>\n","protected":false},"featured_media":22033,"comment_status":"closed","ping_status":"closed","template":"","meta":[],"product_brand":[],"product_cat":[1596],"product_tag":[],"class_list":{"0":"post-22032","1":"product","2":"type-product","3":"status-publish","4":"has-post-thumbnail","6":"product_cat-oliivioeljypulloja","8":"first","9":"instock","10":"taxable","11":"shipping-taxable","12":"purchasable","13":"product-type-simple"},"_links":{"self":[{"href":"https:\/\/macchiaverde-bio.shop\/fi\/wp-json\/wp\/v2\/product\/22032","targetHints":{"allow":["GET"]}}],"collection":[{"href":"https:\/\/macchiaverde-bio.shop\/fi\/wp-json\/wp\/v2\/product"}],"about":[{"href":"https:\/\/macchiaverde-bio.shop\/fi\/wp-json\/wp\/v2\/types\/product"}],"replies":[{"embeddable":true,"href":"https:\/\/macchiaverde-bio.shop\/fi\/wp-json\/wp\/v2\/comments?post=22032"}],"wp:featuredmedia":[{"embeddable":true,"href":"https:\/\/macchiaverde-bio.shop\/fi\/wp-json\/wp\/v2\/media\/22033"}],"wp:attachment":[{"href":"https:\/\/macchiaverde-bio.shop\/fi\/wp-json\/wp\/v2\/media?parent=22032"}],"wp:term":[{"taxonomy":"product_brand","embeddable":true,"href":"https:\/\/macchiaverde-bio.shop\/fi\/wp-json\/wp\/v2\/product_brand?post=22032"},{"taxonomy":"product_cat","embeddable":true,"href":"https:\/\/macchiaverde-bio.shop\/fi\/wp-json\/wp\/v2\/product_cat?post=22032"},{"taxonomy":"product_tag","embeddable":true,"href":"https:\/\/macchiaverde-bio.shop\/fi\/wp-json\/wp\/v2\/product_tag?post=22032"}],"curies":[{"name":"wp","href":"https:\/\/api.w.org\/{rel}","templated":true}]}}