{"id":22030,"date":"2022-12-22T22:53:08","date_gmt":"2022-12-22T21:53:08","guid":{"rendered":"https:\/\/macchiaverde-bio.shop\/produkt\/oliivioeljy-lahjarasiasarja-4x\/"},"modified":"2022-12-22T22:53:08","modified_gmt":"2022-12-22T21:53:08","slug":"oliivioeljy-lahjarasiasarja-4x","status":"publish","type":"product","link":"https:\/\/macchiaverde-bio.shop\/fi\/produkt\/oliivioeljy-lahjarasiasarja-4x\/","title":{"rendered":"Oliivi\u00f6ljy lahjarasiasarja (4x)"},"content":{"rendered":"","protected":false},"excerpt":{"rendered":"<p><strong>&#8211; Oliivi\u00f6ljylahjapakkaus (4x) &#8211; Yrityksille ja yksityisille<br \/>\n<\/strong><\/p>\n<p>T\u00e4m\u00e4 gourmet-lahjalaatikko on hitti, kun annat lahjaksi vaativille ihmisille.<\/p>\n<p>Setti sis\u00e4lt\u00e4\u00e4 valikoiman tarjolla olevia lahjapakkauksia, valitse ja<br \/>\n K\u00e4yt\u00e4 tilauksen yhteydess\u00e4 huomautuskent\u00e4ss\u00e4 olevaa termi\u00e4:<br \/>\n<strong>Lahjarasia 1<\/strong> <strong>x 4 tai 2<\/strong> tai valikoima kaikkia 4 laatikkoa<strong><br \/>\n<\/strong>mm. kirjoita <strong>lahjarasia 1<\/strong> <strong>x 1, lahjarasia 2 x 1, lahjarasia 3 x 1, lahjarasia 4 x 1<br \/>\n<\/strong><br \/>\n Smeraldo, runsas, t\u00e4ytel\u00e4inen ja korkealaatuinen vihre\u00e4 \u00f6ljy<br \/>\n on puristettu 100 % Coratina-oliiveista. Vuodesta toiseen se on osallistunut kaikkiin kansallisiin ja kansainv\u00e4lisiin kilpailuihin, ja se on palkittu platinamitaliin asti terveysv\u00e4itteiden ja &#8221;t\u00e4ysin hedelm\u00e4isten&#8221; luokissa. Jopa 1081 mg\/kg polyfenoleillaan (2021\/2022 sato) se on kansainv\u00e4lisen \u00f6ljyntuotannon huipulla.<br \/>\n 1x Eliodoro, tasapainoinen, kullankeltainen korkealaatuinen \u00f6ljy<br \/>\n on valmistettu 70 % Coratina-oliiveista ja 30 % Ogliarola-oliiveista. Se on osallistunut kaikkiin kansallisiin ja kansainv\u00e4lisiin kilpailuihin, ja se on palkittu kultamitaliin asti &#8221;keskikokoisen hedelm\u00e4isen&#8221; kategoriassa.    <\/p>\n","protected":false},"featured_media":22031,"comment_status":"open","ping_status":"closed","template":"","meta":[],"product_brand":[],"product_cat":[1618,1596],"product_tag":[1599,1600,1598,1613],"class_list":{"0":"post-22030","1":"product","2":"type-product","3":"status-publish","4":"has-post-thumbnail","6":"product_cat-lahjalaatikoita","7":"product_cat-oliivioeljypulloja","8":"product_tag-hedelmaeinen","9":"product_tag-intensiivinen","10":"product_tag-oliivioeljy","11":"product_tag-tarjous","13":"first","14":"instock","15":"taxable","16":"shipping-taxable","17":"purchasable","18":"product-type-simple"},"_links":{"self":[{"href":"https:\/\/macchiaverde-bio.shop\/fi\/wp-json\/wp\/v2\/product\/22030","targetHints":{"allow":["GET"]}}],"collection":[{"href":"https:\/\/macchiaverde-bio.shop\/fi\/wp-json\/wp\/v2\/product"}],"about":[{"href":"https:\/\/macchiaverde-bio.shop\/fi\/wp-json\/wp\/v2\/types\/product"}],"replies":[{"embeddable":true,"href":"https:\/\/macchiaverde-bio.shop\/fi\/wp-json\/wp\/v2\/comments?post=22030"}],"wp:featuredmedia":[{"embeddable":true,"href":"https:\/\/macchiaverde-bio.shop\/fi\/wp-json\/wp\/v2\/media\/22031"}],"wp:attachment":[{"href":"https:\/\/macchiaverde-bio.shop\/fi\/wp-json\/wp\/v2\/media?parent=22030"}],"wp:term":[{"taxonomy":"product_brand","embeddable":true,"href":"https:\/\/macchiaverde-bio.shop\/fi\/wp-json\/wp\/v2\/product_brand?post=22030"},{"taxonomy":"product_cat","embeddable":true,"href":"https:\/\/macchiaverde-bio.shop\/fi\/wp-json\/wp\/v2\/product_cat?post=22030"},{"taxonomy":"product_tag","embeddable":true,"href":"https:\/\/macchiaverde-bio.shop\/fi\/wp-json\/wp\/v2\/product_tag?post=22030"}],"curies":[{"name":"wp","href":"https:\/\/api.w.org\/{rel}","templated":true}]}}