{"id":22026,"date":"2023-03-06T19:07:46","date_gmt":"2023-03-06T18:07:46","guid":{"rendered":"https:\/\/macchiaverde-bio.shop\/produkt\/mausteiset-oliivit-purkissa-1-kg-gourmetlaatua-2x\/"},"modified":"2023-03-06T19:07:46","modified_gmt":"2023-03-06T18:07:46","slug":"mausteiset-oliivit-purkissa-1-kg-gourmetlaatua-2x","status":"publish","type":"product","link":"https:\/\/macchiaverde-bio.shop\/fi\/produkt\/mausteiset-oliivit-purkissa-1-kg-gourmetlaatua-2x\/","title":{"rendered":"Mausteiset oliivit purkissa 1 kg &#8211; gourmetlaatua (2x)"},"content":{"rendered":"","protected":false},"excerpt":{"rendered":"<p><strong>Oliiveja purkissa, kivett\u00f6mi\u00e4 ja marinoituja 1 kg<\/strong><br \/>\n MACCHIA VERDE -oliivit ovat puhtaasti k\u00e4sity\u00f6n huipputuote, n\u00e4m\u00e4 paikalliset pienet \u00f6ljylajikkeet ovat huolellisesti kivettyneit\u00e4 ja marinoituja yrteill\u00e4 ja chilill\u00e4, tietysti lis\u00e4\u00e4m\u00e4ll\u00e4 oliivi\u00f6ljy\u00e4mme. Oliiveja ei ole k\u00e4sitelty kemiallisesti ja ne on prosessoitu perinteisten standardien mukaisesti, ne on marinoitu luomu Macchia Verde -oliivi\u00f6ljyll\u00e4, t\u00e4t\u00e4 mausteista \u00f6ljy\u00e4, jota kannattaa k\u00e4ytt\u00e4\u00e4 my\u00f6s heti, kun oliivit on kulutettu. <\/p>\n","protected":false},"featured_media":22027,"comment_status":"open","ping_status":"closed","template":"","meta":[],"product_brand":[],"product_cat":[1619],"product_tag":[],"class_list":{"0":"post-22026","1":"product","2":"type-product","3":"status-publish","4":"has-post-thumbnail","6":"product_cat-oliiveja","8":"first","9":"instock","10":"taxable","11":"shipping-taxable","12":"purchasable","13":"product-type-simple"},"_links":{"self":[{"href":"https:\/\/macchiaverde-bio.shop\/fi\/wp-json\/wp\/v2\/product\/22026","targetHints":{"allow":["GET"]}}],"collection":[{"href":"https:\/\/macchiaverde-bio.shop\/fi\/wp-json\/wp\/v2\/product"}],"about":[{"href":"https:\/\/macchiaverde-bio.shop\/fi\/wp-json\/wp\/v2\/types\/product"}],"replies":[{"embeddable":true,"href":"https:\/\/macchiaverde-bio.shop\/fi\/wp-json\/wp\/v2\/comments?post=22026"}],"wp:featuredmedia":[{"embeddable":true,"href":"https:\/\/macchiaverde-bio.shop\/fi\/wp-json\/wp\/v2\/media\/22027"}],"wp:attachment":[{"href":"https:\/\/macchiaverde-bio.shop\/fi\/wp-json\/wp\/v2\/media?parent=22026"}],"wp:term":[{"taxonomy":"product_brand","embeddable":true,"href":"https:\/\/macchiaverde-bio.shop\/fi\/wp-json\/wp\/v2\/product_brand?post=22026"},{"taxonomy":"product_cat","embeddable":true,"href":"https:\/\/macchiaverde-bio.shop\/fi\/wp-json\/wp\/v2\/product_cat?post=22026"},{"taxonomy":"product_tag","embeddable":true,"href":"https:\/\/macchiaverde-bio.shop\/fi\/wp-json\/wp\/v2\/product_tag?post=22026"}],"curies":[{"name":"wp","href":"https:\/\/api.w.org\/{rel}","templated":true}]}}