{"id":22024,"date":"2023-03-06T19:18:20","date_gmt":"2023-03-06T18:18:20","guid":{"rendered":"https:\/\/macchiaverde-bio.shop\/produkt\/suuret-taeytetyt-oliivit-mantelilla-purkissa-1-kg-gourmet-laatua\/"},"modified":"2023-03-06T19:18:20","modified_gmt":"2023-03-06T18:18:20","slug":"suuret-taeytetyt-oliivit-mantelilla-purkissa-1-kg-gourmet-laatua","status":"publish","type":"product","link":"https:\/\/macchiaverde-bio.shop\/fi\/produkt\/suuret-taeytetyt-oliivit-mantelilla-purkissa-1-kg-gourmet-laatua\/","title":{"rendered":"Suuret t\u00e4ytetyt oliivit mantelilla purkissa 1 kg &#8211; gourmet-laatua"},"content":{"rendered":"","protected":false},"excerpt":{"rendered":"<p><strong>Mantelilla t\u00e4ytetyt oliivit 1 kg<\/strong><br \/>\n MACCHIA VERDE -oliivit ovat puhtaasti k\u00e4sity\u00f6n\u00e4 valmistettu huippulaatuinen tuote, t\u00e4m\u00e4 paikallinen gourmet-lajike on huolellisesti kivetty ja t\u00e4ytetty &#8221;Filippo Cea&#8221; -lajikkeen mantelilla (n\u00e4it\u00e4 voi ostaa meilt\u00e4 my\u00f6s erikseen). Oliiveja ei ole k\u00e4sitelty kemiallisesti ja ne on prosessoitu perinteisten standardien mukaisesti, ne on marinoitu luomu Macchia Verde -oliivi\u00f6ljyll\u00e4, t\u00e4t\u00e4 mausteista \u00f6ljy\u00e4, jota kannattaa k\u00e4ytt\u00e4\u00e4 my\u00f6s heti, kun oliivit on kulutettu. <\/p>\n","protected":false},"featured_media":22017,"comment_status":"open","ping_status":"closed","template":"","meta":[],"product_brand":[],"product_cat":[1619],"product_tag":[],"class_list":{"0":"post-22024","1":"product","2":"type-product","3":"status-publish","4":"has-post-thumbnail","6":"product_cat-oliiveja","8":"first","9":"instock","10":"taxable","11":"shipping-taxable","12":"purchasable","13":"product-type-simple"},"_links":{"self":[{"href":"https:\/\/macchiaverde-bio.shop\/fi\/wp-json\/wp\/v2\/product\/22024","targetHints":{"allow":["GET"]}}],"collection":[{"href":"https:\/\/macchiaverde-bio.shop\/fi\/wp-json\/wp\/v2\/product"}],"about":[{"href":"https:\/\/macchiaverde-bio.shop\/fi\/wp-json\/wp\/v2\/types\/product"}],"replies":[{"embeddable":true,"href":"https:\/\/macchiaverde-bio.shop\/fi\/wp-json\/wp\/v2\/comments?post=22024"}],"wp:featuredmedia":[{"embeddable":true,"href":"https:\/\/macchiaverde-bio.shop\/fi\/wp-json\/wp\/v2\/media\/22017"}],"wp:attachment":[{"href":"https:\/\/macchiaverde-bio.shop\/fi\/wp-json\/wp\/v2\/media?parent=22024"}],"wp:term":[{"taxonomy":"product_brand","embeddable":true,"href":"https:\/\/macchiaverde-bio.shop\/fi\/wp-json\/wp\/v2\/product_brand?post=22024"},{"taxonomy":"product_cat","embeddable":true,"href":"https:\/\/macchiaverde-bio.shop\/fi\/wp-json\/wp\/v2\/product_cat?post=22024"},{"taxonomy":"product_tag","embeddable":true,"href":"https:\/\/macchiaverde-bio.shop\/fi\/wp-json\/wp\/v2\/product_tag?post=22024"}],"curies":[{"name":"wp","href":"https:\/\/api.w.org\/{rel}","templated":true}]}}