{"id":22012,"date":"2023-03-23T17:15:53","date_gmt":"2023-03-23T16:15:53","guid":{"rendered":"https:\/\/macchiaverde-bio.shop\/produkt\/oliivioeljy-lahjarasia-3-oil-olives\/"},"modified":"2023-03-23T17:15:53","modified_gmt":"2023-03-23T16:15:53","slug":"oliivioeljy-lahjarasia-3-oil-olives","status":"publish","type":"product","link":"https:\/\/macchiaverde-bio.shop\/fi\/produkt\/oliivioeljy-lahjarasia-3-oil-olives\/","title":{"rendered":"Oliivi\u00f6ljy lahjarasia 3 Oil &amp; Olives"},"content":{"rendered":"","protected":false},"excerpt":{"rendered":"<p><strong>&#8211; Lahjapakkaus oliivi\u00f6ljy\u00e4 ja oliiveja &#8211;<\/strong><br \/>\n T\u00e4m\u00e4 gourmet-lahjalaatikko on hitti, kun annat lahjaksi vaativille ihmisille.<\/p>\n<p>Se sis\u00e4lt\u00e4\u00e4 500 ml:n pullon korkealaatuista Smeraldo-\u00f6ljy\u00e4mme<br \/>\n ja valikoimamme marinoituja oliiveja: manteleilla t\u00e4ytettyj\u00e4 suuria vihreit\u00e4 oliiveja, mausteisilla mausteilla maustettuja kivett\u00f6mi\u00e4 pieni\u00e4 oliiveja ja gourmet-lajiketta Termiti di Bitetto laakeri\u00f6ljyss\u00e4.<br \/>\n Kaikki marinoitu luomuoliivi\u00f6ljyll\u00e4mme.<br \/>\n 1 x Smeraldo, runsas, t\u00e4ytel\u00e4inen ja korkealaatuinen vihre\u00e4 \u00f6ljy<br \/>\n on puristettu 100 % Coratina-oliiveista. Vuodesta toiseen se on osallistunut kaikkiin kansallisiin ja kansainv\u00e4lisiin kilpailuihin, ja se on palkittu platinamitaliin asti terveysv\u00e4itteiden ja &#8221;t\u00e4ysin hedelm\u00e4isen&#8221; luokissa. 1080 mg\/kg polyfenoleillaan (2019\/2020 sato) se on kansainv\u00e4lisen \u00f6ljyntuotannon huipulla.  <\/p>\n","protected":false},"featured_media":22013,"comment_status":"open","ping_status":"closed","template":"","meta":[],"product_brand":[],"product_cat":[1618,1596],"product_tag":[1599,1600,1598,1613],"class_list":{"0":"post-22012","1":"product","2":"type-product","3":"status-publish","4":"has-post-thumbnail","6":"product_cat-lahjalaatikoita","7":"product_cat-oliivioeljypulloja","8":"product_tag-hedelmaeinen","9":"product_tag-intensiivinen","10":"product_tag-oliivioeljy","11":"product_tag-tarjous","13":"first","14":"instock","15":"taxable","16":"shipping-taxable","17":"purchasable","18":"product-type-simple"},"_links":{"self":[{"href":"https:\/\/macchiaverde-bio.shop\/fi\/wp-json\/wp\/v2\/product\/22012","targetHints":{"allow":["GET"]}}],"collection":[{"href":"https:\/\/macchiaverde-bio.shop\/fi\/wp-json\/wp\/v2\/product"}],"about":[{"href":"https:\/\/macchiaverde-bio.shop\/fi\/wp-json\/wp\/v2\/types\/product"}],"replies":[{"embeddable":true,"href":"https:\/\/macchiaverde-bio.shop\/fi\/wp-json\/wp\/v2\/comments?post=22012"}],"wp:featuredmedia":[{"embeddable":true,"href":"https:\/\/macchiaverde-bio.shop\/fi\/wp-json\/wp\/v2\/media\/22013"}],"wp:attachment":[{"href":"https:\/\/macchiaverde-bio.shop\/fi\/wp-json\/wp\/v2\/media?parent=22012"}],"wp:term":[{"taxonomy":"product_brand","embeddable":true,"href":"https:\/\/macchiaverde-bio.shop\/fi\/wp-json\/wp\/v2\/product_brand?post=22012"},{"taxonomy":"product_cat","embeddable":true,"href":"https:\/\/macchiaverde-bio.shop\/fi\/wp-json\/wp\/v2\/product_cat?post=22012"},{"taxonomy":"product_tag","embeddable":true,"href":"https:\/\/macchiaverde-bio.shop\/fi\/wp-json\/wp\/v2\/product_tag?post=22012"}],"curies":[{"name":"wp","href":"https:\/\/api.w.org\/{rel}","templated":true}]}}