{"id":22009,"date":"2023-03-23T17:21:13","date_gmt":"2023-03-23T16:21:13","guid":{"rendered":"https:\/\/macchiaverde-bio.shop\/produkt\/oliivioeljy-lahjarasia-4-oil-pastes\/"},"modified":"2023-03-23T17:21:13","modified_gmt":"2023-03-23T16:21:13","slug":"oliivioeljy-lahjarasia-4-oil-pastes","status":"publish","type":"product","link":"https:\/\/macchiaverde-bio.shop\/fi\/produkt\/oliivioeljy-lahjarasia-4-oil-pastes\/","title":{"rendered":"Oliivi\u00f6ljy lahjarasia 4 Oil &amp; Pastes"},"content":{"rendered":"","protected":false},"excerpt":{"rendered":"<p><strong>&#8211; Lahjapakkaus oliivi\u00f6ljy\u00e4 ja levitteit\u00e4 &#8211;<\/strong><br \/>\n T\u00e4m\u00e4 gourmet-lahjalaatikko on hitti, kun annat lahjaksi vaativille ihmisille.<\/p>\n<p>Se sis\u00e4lt\u00e4\u00e4 500 ml:n pullon korkealaatuista Eliodoro-\u00f6ljy\u00e4mme<br \/>\n ja valikoimamme levitett\u00e4v\u00e4t tahnat: vihreit\u00e4 oliiveja, kuivattuja tomaatteja ja mausteisia vihanneksia.<br \/>\n Kaikki valmistettu luomuoliivi\u00f6ljyll\u00e4mme.<\/p>\n<p>1x Eliodoro, tasapainoinen, kullankeltainen korkealaatuinen \u00f6ljy, saadaan 70 % Coratina- ja 30 % Ogliarola-oliiveista. Se on osallistunut kaikkiin kansallisiin ja kansainv\u00e4lisiin kilpailuihin, ja se on palkittu kultamitaliin asti &#8221;keskikokoisen hedelm\u00e4isen&#8221; kategoriassa. <\/p>\n","protected":false},"featured_media":22010,"comment_status":"open","ping_status":"closed","template":"","meta":[],"product_brand":[],"product_cat":[1618,1596],"product_tag":[1599,1600,1598,1613],"class_list":{"0":"post-22009","1":"product","2":"type-product","3":"status-publish","4":"has-post-thumbnail","6":"product_cat-lahjalaatikoita","7":"product_cat-oliivioeljypulloja","8":"product_tag-hedelmaeinen","9":"product_tag-intensiivinen","10":"product_tag-oliivioeljy","11":"product_tag-tarjous","13":"first","14":"instock","15":"taxable","16":"shipping-taxable","17":"purchasable","18":"product-type-simple"},"_links":{"self":[{"href":"https:\/\/macchiaverde-bio.shop\/fi\/wp-json\/wp\/v2\/product\/22009","targetHints":{"allow":["GET"]}}],"collection":[{"href":"https:\/\/macchiaverde-bio.shop\/fi\/wp-json\/wp\/v2\/product"}],"about":[{"href":"https:\/\/macchiaverde-bio.shop\/fi\/wp-json\/wp\/v2\/types\/product"}],"replies":[{"embeddable":true,"href":"https:\/\/macchiaverde-bio.shop\/fi\/wp-json\/wp\/v2\/comments?post=22009"}],"wp:featuredmedia":[{"embeddable":true,"href":"https:\/\/macchiaverde-bio.shop\/fi\/wp-json\/wp\/v2\/media\/22010"}],"wp:attachment":[{"href":"https:\/\/macchiaverde-bio.shop\/fi\/wp-json\/wp\/v2\/media?parent=22009"}],"wp:term":[{"taxonomy":"product_brand","embeddable":true,"href":"https:\/\/macchiaverde-bio.shop\/fi\/wp-json\/wp\/v2\/product_brand?post=22009"},{"taxonomy":"product_cat","embeddable":true,"href":"https:\/\/macchiaverde-bio.shop\/fi\/wp-json\/wp\/v2\/product_cat?post=22009"},{"taxonomy":"product_tag","embeddable":true,"href":"https:\/\/macchiaverde-bio.shop\/fi\/wp-json\/wp\/v2\/product_tag?post=22009"}],"curies":[{"name":"wp","href":"https:\/\/api.w.org\/{rel}","templated":true}]}}