{"id":22004,"date":"2020-03-13T00:49:11","date_gmt":"2020-03-12T23:49:11","guid":{"rendered":"https:\/\/macchiaverde-bio.shop\/produkt\/luomu-oliivioeljy-lo-smeraldo-pullot-6-x-500-ml\/"},"modified":"2025-02-25T18:26:59","modified_gmt":"2025-02-25T17:26:59","slug":"luomu-oliivioeljy-lo-smeraldo-pullot-6-x-500-ml","status":"publish","type":"product","link":"https:\/\/macchiaverde-bio.shop\/fi\/produkt\/luomu-oliivioeljy-lo-smeraldo-pullot-6-x-500-ml\/","title":{"rendered":"Luomu oliivi\u00f6ljy &#8211; Lo Smeraldo &#8211; Pullot 6 x 500 ml"},"content":{"rendered":"","protected":false},"excerpt":{"rendered":"<p>EXTRA VIRGIN OLIIVI\u00d6LJY<br \/>\n &#8211; KYLM\u00c4PAINEISTETTU &#8211;<br \/>\n<strong>&#8211; Laatikko, jossa 6 pulloa &#8211;<\/strong><\/p>\n<p>Smeraldo on korkealaatuinen runsas, t\u00e4ytel\u00e4inen vihre\u00e4 oliivi\u00f6ljy, joka on puristettu 100 % Coratina-oliiveista. Se on osallistunut kaikkiin kansallisiin ja kansainv\u00e4lisiin kilpailuihin vuodesta toiseen ja on yksi parhaista kansainv\u00e4lisist\u00e4 tuottajista. <strong>Coratina-oliivien<\/strong> yksinomaisen k\u00e4yt\u00f6n ansiosta Smeraldolle on ominaista <strong>eritt\u00e4in korkea polyfenolipitoisuus<\/strong> . Ennen kaikkea korkea polyfenolipitoisuus antaa Coratina-\u00f6ljylle intensiivisen, hedelm\u00e4isen ja raikkaan maun. Oliivien tuoksu on selke\u00e4 ja erehtym\u00e4t\u00f6n, maussa on raakoja hedelmi\u00e4 ja aavistus tuoreita vihreit\u00e4 manteleita.    <\/p>\n<p>Smeraldo sopii erinomaisesti <strong>pizzaan<\/strong> ja ensiruokiin, focacciaan, <strong>pihveihin ja grillattuihin ruokiin<\/strong> . Se on my\u00f6s ihanteellinen oliivi\u00f6ljy <strong>marinaattien ja grillikastikkeiden valmistukseen<\/strong> , sill\u00e4 sen korkea polyfenolipitoisuus varmistaa sen tunkeutumisen syv\u00e4lle lihaan ja antaa lihalle makuja. <\/p>\n","protected":false},"featured_media":22006,"comment_status":"open","ping_status":"closed","template":"","meta":[],"product_brand":[],"product_cat":[1601,1596],"product_tag":[1599,1600,1598,1613],"class_list":{"0":"post-22004","1":"product","2":"type-product","3":"status-publish","4":"has-post-thumbnail","6":"product_cat-erikoistarjouksia","7":"product_cat-oliivioeljypulloja","8":"product_tag-hedelmaeinen","9":"product_tag-intensiivinen","10":"product_tag-oliivioeljy","11":"product_tag-tarjous","12":"product_shipping_class-toimituskulut","14":"first","15":"instock","16":"taxable","17":"shipping-taxable","18":"purchasable","19":"product-type-simple"},"_links":{"self":[{"href":"https:\/\/macchiaverde-bio.shop\/fi\/wp-json\/wp\/v2\/product\/22004","targetHints":{"allow":["GET"]}}],"collection":[{"href":"https:\/\/macchiaverde-bio.shop\/fi\/wp-json\/wp\/v2\/product"}],"about":[{"href":"https:\/\/macchiaverde-bio.shop\/fi\/wp-json\/wp\/v2\/types\/product"}],"replies":[{"embeddable":true,"href":"https:\/\/macchiaverde-bio.shop\/fi\/wp-json\/wp\/v2\/comments?post=22004"}],"wp:featuredmedia":[{"embeddable":true,"href":"https:\/\/macchiaverde-bio.shop\/fi\/wp-json\/wp\/v2\/media\/22006"}],"wp:attachment":[{"href":"https:\/\/macchiaverde-bio.shop\/fi\/wp-json\/wp\/v2\/media?parent=22004"}],"wp:term":[{"taxonomy":"product_brand","embeddable":true,"href":"https:\/\/macchiaverde-bio.shop\/fi\/wp-json\/wp\/v2\/product_brand?post=22004"},{"taxonomy":"product_cat","embeddable":true,"href":"https:\/\/macchiaverde-bio.shop\/fi\/wp-json\/wp\/v2\/product_cat?post=22004"},{"taxonomy":"product_tag","embeddable":true,"href":"https:\/\/macchiaverde-bio.shop\/fi\/wp-json\/wp\/v2\/product_tag?post=22004"}],"curies":[{"name":"wp","href":"https:\/\/api.w.org\/{rel}","templated":true}]}}