{"id":22000,"date":"2019-02-09T15:05:01","date_gmt":"2019-02-09T14:05:01","guid":{"rendered":"https:\/\/macchiaverde-bio.shop\/produkt\/luomuoliivioeljy-lo-smeraldo-pullot-6-x-250-ml\/"},"modified":"2019-02-09T15:05:01","modified_gmt":"2019-02-09T14:05:01","slug":"luomuoliivioeljy-lo-smeraldo-pullot-6-x-250-ml","status":"publish","type":"product","link":"https:\/\/macchiaverde-bio.shop\/fi\/produkt\/luomuoliivioeljy-lo-smeraldo-pullot-6-x-250-ml\/","title":{"rendered":"Luomuoliivi\u00f6ljy \u2013 Lo Smeraldo \u2013 Pullot 6 x 250 ml"},"content":{"rendered":"","protected":false},"excerpt":{"rendered":"<p><strong>&#8211; Laatikko, jossa 6 pulloa &#8211;<\/strong><\/p>\n<p>Smeraldo on korkealaatuinen runsas, t\u00e4ytel\u00e4inen vihre\u00e4 oliivi\u00f6ljy, joka on puristettu 100 % Coratina-oliiveista. Vuodesta toiseen se on osallistunut kaikkiin kansallisiin ja kansainv\u00e4lisiin kilpailuihin, voittanut kultamitaleita &#8221;Full Fruit&#8221; -kategoriassa ja on yksi parhaista kansainv\u00e4lisist\u00e4 tuotteista. <strong>Coratina-oliivien<\/strong> yksinomaisen k\u00e4yt\u00f6n ansiosta Smeraldolle on ominaista <strong>eritt\u00e4in korkea polyfenolipitoisuus<\/strong> . Ennen kaikkea korkea polyfenolipitoisuus antaa Coratina-\u00f6ljylle intensiivisen, hedelm\u00e4isen ja raikkaan maun. Oliivien tuoksu on selke\u00e4 ja erehtym\u00e4t\u00f6n, maussa on raakoja hedelmi\u00e4 ja aavistus tuoreita vihreit\u00e4 manteleita.    <\/p>\n<p>Smeraldo sopii erinomaisesti <strong>pizzaan<\/strong> ja ensiruokiin, focacciaan, <strong>pihveihin ja grillattuihin ruokiin<\/strong> . Se on my\u00f6s ihanteellinen oliivi\u00f6ljy <strong>marinaattien ja grillikastikkeiden valmistukseen<\/strong> , sill\u00e4 sen korkea polyfenolipitoisuus varmistaa sen tunkeutumisen syv\u00e4lle lihaan ja antaa lihalle makuja. <\/p>\n","protected":false},"featured_media":22002,"comment_status":"closed","ping_status":"closed","template":"","meta":[],"product_brand":[],"product_cat":[1596],"product_tag":[1599,1600,1616],"class_list":{"0":"post-22000","1":"product","2":"type-product","3":"status-publish","4":"has-post-thumbnail","6":"product_cat-oliivioeljypulloja","7":"product_tag-hedelmaeinen","8":"product_tag-intensiivinen","9":"product_tag-polyfenolit","11":"first","12":"instock","13":"taxable","14":"shipping-taxable","15":"purchasable","16":"product-type-simple"},"_links":{"self":[{"href":"https:\/\/macchiaverde-bio.shop\/fi\/wp-json\/wp\/v2\/product\/22000","targetHints":{"allow":["GET"]}}],"collection":[{"href":"https:\/\/macchiaverde-bio.shop\/fi\/wp-json\/wp\/v2\/product"}],"about":[{"href":"https:\/\/macchiaverde-bio.shop\/fi\/wp-json\/wp\/v2\/types\/product"}],"replies":[{"embeddable":true,"href":"https:\/\/macchiaverde-bio.shop\/fi\/wp-json\/wp\/v2\/comments?post=22000"}],"wp:featuredmedia":[{"embeddable":true,"href":"https:\/\/macchiaverde-bio.shop\/fi\/wp-json\/wp\/v2\/media\/22002"}],"wp:attachment":[{"href":"https:\/\/macchiaverde-bio.shop\/fi\/wp-json\/wp\/v2\/media?parent=22000"}],"wp:term":[{"taxonomy":"product_brand","embeddable":true,"href":"https:\/\/macchiaverde-bio.shop\/fi\/wp-json\/wp\/v2\/product_brand?post=22000"},{"taxonomy":"product_cat","embeddable":true,"href":"https:\/\/macchiaverde-bio.shop\/fi\/wp-json\/wp\/v2\/product_cat?post=22000"},{"taxonomy":"product_tag","embeddable":true,"href":"https:\/\/macchiaverde-bio.shop\/fi\/wp-json\/wp\/v2\/product_tag?post=22000"}],"curies":[{"name":"wp","href":"https:\/\/api.w.org\/{rel}","templated":true}]}}