{"id":21999,"date":"2020-03-16T00:31:53","date_gmt":"2020-03-15T23:31:53","guid":{"rendered":"https:\/\/macchiaverde-bio.shop\/produkt\/luomuoliivioeljy-leliodoro-laukku-2-x-5-l\/"},"modified":"2020-03-16T00:31:53","modified_gmt":"2020-03-15T23:31:53","slug":"luomuoliivioeljy-leliodoro-laukku-2-x-5-l","status":"publish","type":"product","link":"https:\/\/macchiaverde-bio.shop\/fi\/produkt\/luomuoliivioeljy-leliodoro-laukku-2-x-5-l\/","title":{"rendered":"Luomuoliivi\u00f6ljy &#8211; L&#8217;Eliodoro &#8211; Laukku 2 x 5 L"},"content":{"rendered":"","protected":false},"excerpt":{"rendered":"<p>&#8211; <strong>2 x 5 litran pussia laatikossa &#8211;<\/strong><br \/>\n Eliodoro on korkealaatuinen kultainen ja tasapainoinen keltainen oliivi\u00f6ljy, joka on valmistettu 70 % Coratina- ja 30 % Ogliarola-oliiveista. Se on palkittu kansallisissa ja kansainv\u00e4lisiss\u00e4 kilpailuissa hopeamitaliin asti &#8221;Medium Fruit&#8221; -kategoriassa, 714 mg\/kg polyfenoleillaan se on yksi luokkansa johtajista. K\u00e4yt\u00e4nn\u00f6ss\u00e4 &#8221;bag in box&#8221; oliivi\u00f6ljy pysyy tuoreena viimeiseen pisaraan kuten ensimm\u00e4isen\u00e4 p\u00e4iv\u00e4n\u00e4.  <\/p>\n","protected":false},"featured_media":22001,"comment_status":"open","ping_status":"closed","template":"","meta":[],"product_brand":[],"product_cat":[1601,1612],"product_tag":[1599,1600,1598,1613],"class_list":{"0":"post-21999","1":"product","2":"type-product","3":"status-publish","4":"has-post-thumbnail","6":"product_cat-erikoistarjouksia","7":"product_cat-oliivioeljypussi-laatikossa","8":"product_tag-hedelmaeinen","9":"product_tag-intensiivinen","10":"product_tag-oliivioeljy","11":"product_tag-tarjous","13":"first","14":"instock","15":"taxable","16":"shipping-taxable","17":"purchasable","18":"product-type-simple"},"_links":{"self":[{"href":"https:\/\/macchiaverde-bio.shop\/fi\/wp-json\/wp\/v2\/product\/21999","targetHints":{"allow":["GET"]}}],"collection":[{"href":"https:\/\/macchiaverde-bio.shop\/fi\/wp-json\/wp\/v2\/product"}],"about":[{"href":"https:\/\/macchiaverde-bio.shop\/fi\/wp-json\/wp\/v2\/types\/product"}],"replies":[{"embeddable":true,"href":"https:\/\/macchiaverde-bio.shop\/fi\/wp-json\/wp\/v2\/comments?post=21999"}],"wp:featuredmedia":[{"embeddable":true,"href":"https:\/\/macchiaverde-bio.shop\/fi\/wp-json\/wp\/v2\/media\/22001"}],"wp:attachment":[{"href":"https:\/\/macchiaverde-bio.shop\/fi\/wp-json\/wp\/v2\/media?parent=21999"}],"wp:term":[{"taxonomy":"product_brand","embeddable":true,"href":"https:\/\/macchiaverde-bio.shop\/fi\/wp-json\/wp\/v2\/product_brand?post=21999"},{"taxonomy":"product_cat","embeddable":true,"href":"https:\/\/macchiaverde-bio.shop\/fi\/wp-json\/wp\/v2\/product_cat?post=21999"},{"taxonomy":"product_tag","embeddable":true,"href":"https:\/\/macchiaverde-bio.shop\/fi\/wp-json\/wp\/v2\/product_tag?post=21999"}],"curies":[{"name":"wp","href":"https:\/\/api.w.org\/{rel}","templated":true}]}}