{"id":21996,"date":"2020-03-12T00:26:16","date_gmt":"2020-03-11T23:26:16","guid":{"rendered":"https:\/\/macchiaverde-bio.shop\/produkt\/luomu-oliivioeljy-leliodoro-bag-in-box-5-l\/"},"modified":"2020-03-12T00:26:16","modified_gmt":"2020-03-11T23:26:16","slug":"luomu-oliivioeljy-leliodoro-bag-in-box-5-l","status":"publish","type":"product","link":"https:\/\/macchiaverde-bio.shop\/fi\/produkt\/luomu-oliivioeljy-leliodoro-bag-in-box-5-l\/","title":{"rendered":"Luomu oliivi\u00f6ljy &#8211; L&#8217;Eliodoro &#8211; Bag In Box 5 L"},"content":{"rendered":"","protected":false},"excerpt":{"rendered":"<p>\u2013 <strong>Pussi 5 litran rasiassa \u2013<\/strong><br \/>\n L&#8217;Eliodoro (The Heliodor) on kullankeltainen ja tasapainoinen korkealaatuinen oliivi\u00f6ljy, joka on saatu 70 % Coratina- ja 30 % Ogliarola-oliiveista. Se on palkittu kansallisissa ja kansainv\u00e4lisiss\u00e4 kilpailuissa &#8221;Medium Fruity&#8221; -kategorian hopeamitaliin asti, ja 714 mg\/kg polyfenoleillaan se on yksi luokkansa johtavista. K\u00e4yt\u00e4nn\u00f6ss\u00e4 &#8221;Bag in Box&#8221; oliivi\u00f6ljy pysyy tuoreena kuin ensimm\u00e4isen\u00e4 p\u00e4iv\u00e4n\u00e4 viimeiseen pisaraan asti.  <\/p>\n","protected":false},"featured_media":21997,"comment_status":"open","ping_status":"closed","template":"","meta":[],"product_brand":[],"product_cat":[1601,1612],"product_tag":[1599,1600,1598,1613],"class_list":{"0":"post-21996","1":"product","2":"type-product","3":"status-publish","4":"has-post-thumbnail","6":"product_cat-erikoistarjouksia","7":"product_cat-oliivioeljypussi-laatikossa","8":"product_tag-hedelmaeinen","9":"product_tag-intensiivinen","10":"product_tag-oliivioeljy","11":"product_tag-tarjous","13":"first","14":"instock","15":"taxable","16":"shipping-taxable","17":"purchasable","18":"product-type-simple"},"_links":{"self":[{"href":"https:\/\/macchiaverde-bio.shop\/fi\/wp-json\/wp\/v2\/product\/21996","targetHints":{"allow":["GET"]}}],"collection":[{"href":"https:\/\/macchiaverde-bio.shop\/fi\/wp-json\/wp\/v2\/product"}],"about":[{"href":"https:\/\/macchiaverde-bio.shop\/fi\/wp-json\/wp\/v2\/types\/product"}],"replies":[{"embeddable":true,"href":"https:\/\/macchiaverde-bio.shop\/fi\/wp-json\/wp\/v2\/comments?post=21996"}],"wp:featuredmedia":[{"embeddable":true,"href":"https:\/\/macchiaverde-bio.shop\/fi\/wp-json\/wp\/v2\/media\/21997"}],"wp:attachment":[{"href":"https:\/\/macchiaverde-bio.shop\/fi\/wp-json\/wp\/v2\/media?parent=21996"}],"wp:term":[{"taxonomy":"product_brand","embeddable":true,"href":"https:\/\/macchiaverde-bio.shop\/fi\/wp-json\/wp\/v2\/product_brand?post=21996"},{"taxonomy":"product_cat","embeddable":true,"href":"https:\/\/macchiaverde-bio.shop\/fi\/wp-json\/wp\/v2\/product_cat?post=21996"},{"taxonomy":"product_tag","embeddable":true,"href":"https:\/\/macchiaverde-bio.shop\/fi\/wp-json\/wp\/v2\/product_tag?post=21996"}],"curies":[{"name":"wp","href":"https:\/\/api.w.org\/{rel}","templated":true}]}}