{"id":21995,"date":"2019-12-09T19:47:21","date_gmt":"2019-12-09T18:47:21","guid":{"rendered":"https:\/\/macchiaverde-bio.shop\/produkt\/luomuoliivioeljy-classic-kanisteri-2-x-5-l\/"},"modified":"2025-02-25T18:26:51","modified_gmt":"2025-02-25T17:26:51","slug":"luomuoliivioeljy-classic-kanisteri-2-x-5-l","status":"publish","type":"product","link":"https:\/\/macchiaverde-bio.shop\/fi\/produkt\/luomuoliivioeljy-classic-kanisteri-2-x-5-l\/","title":{"rendered":"Luomuoliivi\u00f6ljy &#8211; Classic &#8211; Kanisteri 2 x 5 L"},"content":{"rendered":"","protected":false},"excerpt":{"rendered":"<p><strong>\u2013 Luomuoliivi\u00f6ljy \u2013 Classic \u2013 Kanisteri 2&#215;5 L \u2013<\/strong><br \/>\n Classic on laadukas, tasapainoinen oliivi\u00f6ljy, sekoitus Coratina- ja Ogliarola-oliiveja. Se on v\u00e4rilt\u00e4\u00e4n kullankeltainen vihreill\u00e4 heijastuksilla, on keski hedelm\u00e4inen, t\u00e4ytel\u00e4inen, mantelia ja artisokkia. Se sopii monenlaisiin ruokiin ja sit\u00e4 voisi kutsua my\u00f6s &#8221;oliivi\u00f6ljyksi joka p\u00e4iv\u00e4lle&#8221;.  <\/p>\n","protected":false},"featured_media":21998,"comment_status":"open","ping_status":"closed","template":"","meta":[],"product_brand":[],"product_cat":[1608],"product_tag":[1599,1600,1598],"class_list":{"0":"post-21995","1":"product","2":"type-product","3":"status-publish","4":"has-post-thumbnail","6":"product_cat-oliivioeljykanisteri","7":"product_tag-hedelmaeinen","8":"product_tag-intensiivinen","9":"product_tag-oliivioeljy","11":"first","12":"instock","13":"taxable","14":"shipping-taxable","15":"purchasable","16":"product-type-simple"},"_links":{"self":[{"href":"https:\/\/macchiaverde-bio.shop\/fi\/wp-json\/wp\/v2\/product\/21995","targetHints":{"allow":["GET"]}}],"collection":[{"href":"https:\/\/macchiaverde-bio.shop\/fi\/wp-json\/wp\/v2\/product"}],"about":[{"href":"https:\/\/macchiaverde-bio.shop\/fi\/wp-json\/wp\/v2\/types\/product"}],"replies":[{"embeddable":true,"href":"https:\/\/macchiaverde-bio.shop\/fi\/wp-json\/wp\/v2\/comments?post=21995"}],"wp:featuredmedia":[{"embeddable":true,"href":"https:\/\/macchiaverde-bio.shop\/fi\/wp-json\/wp\/v2\/media\/21998"}],"wp:attachment":[{"href":"https:\/\/macchiaverde-bio.shop\/fi\/wp-json\/wp\/v2\/media?parent=21995"}],"wp:term":[{"taxonomy":"product_brand","embeddable":true,"href":"https:\/\/macchiaverde-bio.shop\/fi\/wp-json\/wp\/v2\/product_brand?post=21995"},{"taxonomy":"product_cat","embeddable":true,"href":"https:\/\/macchiaverde-bio.shop\/fi\/wp-json\/wp\/v2\/product_cat?post=21995"},{"taxonomy":"product_tag","embeddable":true,"href":"https:\/\/macchiaverde-bio.shop\/fi\/wp-json\/wp\/v2\/product_tag?post=21995"}],"curies":[{"name":"wp","href":"https:\/\/api.w.org\/{rel}","templated":true}]}}