{"id":21988,"date":"2020-03-12T00:00:28","date_gmt":"2020-03-11T23:00:28","guid":{"rendered":"https:\/\/macchiaverde-bio.shop\/produkt\/luomuoliivioeljy-lo-smeraldo-bag-in-box-5-l\/"},"modified":"2020-03-12T00:00:28","modified_gmt":"2020-03-11T23:00:28","slug":"luomuoliivioeljy-lo-smeraldo-bag-in-box-5-l","status":"publish","type":"product","link":"https:\/\/macchiaverde-bio.shop\/fi\/produkt\/luomuoliivioeljy-lo-smeraldo-bag-in-box-5-l\/","title":{"rendered":"Luomuoliivi\u00f6ljy &#8211; Lo Smeraldo &#8211; Bag In Box 5 L"},"content":{"rendered":"","protected":false},"excerpt":{"rendered":"<p><strong>&#8211; Lo Smeraldo &#8211; Bag In Box 5 L &#8211;<\/strong><br \/>\n Smeraldo on korkealaatuinen vihre\u00e4 ja t\u00e4ytel\u00e4inen \u00f6ljy, joka on puristettu 100 % Coratina-oliiveista. Vuodesta toiseen se on osallistunut kaikkiin kansallisiin ja kansainv\u00e4lisiin kilpailuihin ja on palkittu kulta- ja platinapalkinnolla &#8221;Full Fruit&#8221; -kategoriassa. Se kuuluu 1246 mg\/kg polyfenoleineen kansainv\u00e4liseen oliivi\u00f6ljyn tuottajien huippuryhm\u00e4\u00e4n. K\u00e4yt\u00e4nn\u00f6ss\u00e4 &#8221;Bag in Box&#8221; oliivi\u00f6ljy pysyy yht\u00e4 tuoreena kuin ensimm\u00e4isen\u00e4 p\u00e4iv\u00e4n\u00e4 viimeiseen pisaraan asti.   <\/p>\n","protected":false},"featured_media":21991,"comment_status":"open","ping_status":"closed","template":"","meta":[],"product_brand":[],"product_cat":[1601,1612],"product_tag":[1599,1600,1598,1613],"class_list":{"0":"post-21988","1":"product","2":"type-product","3":"status-publish","4":"has-post-thumbnail","6":"product_cat-erikoistarjouksia","7":"product_cat-oliivioeljypussi-laatikossa","8":"product_tag-hedelmaeinen","9":"product_tag-intensiivinen","10":"product_tag-oliivioeljy","11":"product_tag-tarjous","13":"first","14":"instock","15":"taxable","16":"shipping-taxable","17":"purchasable","18":"product-type-simple"},"_links":{"self":[{"href":"https:\/\/macchiaverde-bio.shop\/fi\/wp-json\/wp\/v2\/product\/21988","targetHints":{"allow":["GET"]}}],"collection":[{"href":"https:\/\/macchiaverde-bio.shop\/fi\/wp-json\/wp\/v2\/product"}],"about":[{"href":"https:\/\/macchiaverde-bio.shop\/fi\/wp-json\/wp\/v2\/types\/product"}],"replies":[{"embeddable":true,"href":"https:\/\/macchiaverde-bio.shop\/fi\/wp-json\/wp\/v2\/comments?post=21988"}],"wp:featuredmedia":[{"embeddable":true,"href":"https:\/\/macchiaverde-bio.shop\/fi\/wp-json\/wp\/v2\/media\/21991"}],"wp:attachment":[{"href":"https:\/\/macchiaverde-bio.shop\/fi\/wp-json\/wp\/v2\/media?parent=21988"}],"wp:term":[{"taxonomy":"product_brand","embeddable":true,"href":"https:\/\/macchiaverde-bio.shop\/fi\/wp-json\/wp\/v2\/product_brand?post=21988"},{"taxonomy":"product_cat","embeddable":true,"href":"https:\/\/macchiaverde-bio.shop\/fi\/wp-json\/wp\/v2\/product_cat?post=21988"},{"taxonomy":"product_tag","embeddable":true,"href":"https:\/\/macchiaverde-bio.shop\/fi\/wp-json\/wp\/v2\/product_tag?post=21988"}],"curies":[{"name":"wp","href":"https:\/\/api.w.org\/{rel}","templated":true}]}}