{"id":21978,"date":"2020-01-14T22:32:03","date_gmt":"2020-01-14T21:32:03","guid":{"rendered":"https:\/\/macchiaverde-bio.shop\/produkt\/luomu-oliivioeljy-classic-pullot-3-x-750-ml\/"},"modified":"2026-02-09T23:09:03","modified_gmt":"2026-02-09T22:09:03","slug":"luomu-oliivioeljy-classic-pullot-3-x-750-ml","status":"publish","type":"product","link":"https:\/\/macchiaverde-bio.shop\/fi\/produkt\/luomu-oliivioeljy-classic-pullot-3-x-750-ml\/","title":{"rendered":"Luomu oliivi\u00f6ljy &#8211; Classic &#8211; Pullot 3 x 750 ml"},"content":{"rendered":"","protected":false},"excerpt":{"rendered":"<p><strong>&#8211; Laatikko 3 pulloa 750 ml &#8211;<\/strong><br \/>\n Classico on tasapainoinen, korkealaatuinen ekstra-neitsytoliivi\u00f6ljy, sekoitus Coratina- ja Ogliarola-oliiveja. Se on kullankeltainen vihreill\u00e4 heijastuksilla, keski hedelm\u00e4inen, t\u00e4ytel\u00e4inen, mantelin ja artisokan vivahteita. Se sopii monenlaisiin ruokiin, ja sit\u00e4 voisi kutsua my\u00f6s &#8221;jokap\u00e4iv\u00e4iseksi oliivi\u00f6ljyksi&#8221;.  <\/p>\n","protected":false},"featured_media":21987,"comment_status":"open","ping_status":"closed","template":"","meta":[],"product_brand":[],"product_cat":[1596],"product_tag":[1599,1610],"class_list":{"0":"post-21978","1":"product","2":"type-product","3":"status-publish","4":"has-post-thumbnail","6":"product_cat-oliivioeljypulloja","7":"product_tag-hedelmaeinen","8":"product_tag-taeytelaeinen","10":"first","11":"instock","12":"taxable","13":"shipping-taxable","14":"purchasable","15":"product-type-simple"},"_links":{"self":[{"href":"https:\/\/macchiaverde-bio.shop\/fi\/wp-json\/wp\/v2\/product\/21978","targetHints":{"allow":["GET"]}}],"collection":[{"href":"https:\/\/macchiaverde-bio.shop\/fi\/wp-json\/wp\/v2\/product"}],"about":[{"href":"https:\/\/macchiaverde-bio.shop\/fi\/wp-json\/wp\/v2\/types\/product"}],"replies":[{"embeddable":true,"href":"https:\/\/macchiaverde-bio.shop\/fi\/wp-json\/wp\/v2\/comments?post=21978"}],"wp:featuredmedia":[{"embeddable":true,"href":"https:\/\/macchiaverde-bio.shop\/fi\/wp-json\/wp\/v2\/media\/21987"}],"wp:attachment":[{"href":"https:\/\/macchiaverde-bio.shop\/fi\/wp-json\/wp\/v2\/media?parent=21978"}],"wp:term":[{"taxonomy":"product_brand","embeddable":true,"href":"https:\/\/macchiaverde-bio.shop\/fi\/wp-json\/wp\/v2\/product_brand?post=21978"},{"taxonomy":"product_cat","embeddable":true,"href":"https:\/\/macchiaverde-bio.shop\/fi\/wp-json\/wp\/v2\/product_cat?post=21978"},{"taxonomy":"product_tag","embeddable":true,"href":"https:\/\/macchiaverde-bio.shop\/fi\/wp-json\/wp\/v2\/product_tag?post=21978"}],"curies":[{"name":"wp","href":"https:\/\/api.w.org\/{rel}","templated":true}]}}