{"id":21977,"date":"2015-03-08T22:24:30","date_gmt":"2015-03-08T21:24:30","guid":{"rendered":"https:\/\/macchiaverde-bio.shop\/produkt\/luomu-oliivioeljy-lo-smeraldo-pullot-3-x-500-ml\/"},"modified":"2026-02-09T23:08:58","modified_gmt":"2026-02-09T22:08:58","slug":"luomu-oliivioeljy-lo-smeraldo-pullot-3-x-500-ml","status":"publish","type":"product","link":"https:\/\/macchiaverde-bio.shop\/fi\/produkt\/luomu-oliivioeljy-lo-smeraldo-pullot-3-x-500-ml\/","title":{"rendered":"Luomu oliivi\u00f6ljy &#8211; Lo Smeraldo &#8211; Pullot 3 x 500 ml"},"content":{"rendered":"","protected":false},"excerpt":{"rendered":"<p>EXTRA VIRGIN OLIIVI\u00d6LJY<br \/>\n \u2013 KYLM\u00c4PURISTETTU \u2013<br \/>\n<strong>&#8211; 3 pulloa laatikko &#8211;<\/strong><\/p>\n<p id=\"tw-target-text\" class=\"tw-data-text tw-text-large tw-ta\" dir=\"ltr\" data-placeholder=\"\u00dcbersetzung\"><span lang=\"de\">Smeraldo (The Emerald) on korkealaatuinen t\u00e4ytel\u00e4inen vihre\u00e4 ja t\u00e4ytel\u00e4inen oliivi\u00f6ljy, joka on puristettu 100 % Coratina-oliiveista. Vuodesta toiseen se on osallistunut kaikkiin kansallisiin ja kansainv\u00e4lisiin kilpailuihin ja on palkittu <strong>platinamitaliin<\/strong> asti <strong>&#8221;Full Fruity&#8221;<\/strong> -kategoriassa.<br \/>\n<\/span><\/p>\n<p class=\"tw-data-text tw-text-large tw-ta\" dir=\"ltr\" data-placeholder=\"\u00dcbersetzung\"><span lang=\"de\"><strong>Coratina-oliivien<\/strong> yksinomaisen k\u00e4yt\u00f6n ansiosta Smeraldolle on ominaista sen eritt\u00e4in <strong>korkea<\/strong> <strong>polyfenolipitoisuus<\/strong> . Juuri korkea polyfenolipitoisuus antaa Coratina-\u00f6ljylle <strong>intensiivisen, hedelm\u00e4isen ja raikkaan<\/strong> maun. Oliivien tuoksu on selke\u00e4 ja erehtym\u00e4t\u00f6n, siin\u00e4 on selkeit\u00e4 raakoja hedelmi\u00e4 ja tuoreita vihreit\u00e4 manteleita.  <\/span><\/p>\n<p dir=\"ltr\" data-placeholder=\"\u00dcbersetzung\">Smeraldo on ihanteellinen <strong>pizza-<\/strong> ja <strong>pasta<\/strong> -ruokien sek\u00e4 focaccia-, <strong>pihvi-<\/strong> ja <strong>grilliruokien valmistamiseen<\/strong> . Se on my\u00f6s ihanteellinen oliivi\u00f6ljy <strong>grillimarinadien<\/strong> ja suolakurkkujen valmistukseen, koska korkean polyfenolipitoisuuden ansiosta se tunkeutuu syv\u00e4lle lihaan ja kuljettaa mausteiden aromit. <\/p>\n","protected":false},"featured_media":21979,"comment_status":"open","ping_status":"closed","template":"","meta":[],"product_brand":[],"product_cat":[1596],"product_tag":[1599,1600,1598],"class_list":{"0":"post-21977","1":"product","2":"type-product","3":"status-publish","4":"has-post-thumbnail","6":"product_cat-oliivioeljypulloja","7":"product_tag-hedelmaeinen","8":"product_tag-intensiivinen","9":"product_tag-oliivioeljy","11":"first","12":"instock","13":"taxable","14":"shipping-taxable","15":"purchasable","16":"product-type-simple"},"_links":{"self":[{"href":"https:\/\/macchiaverde-bio.shop\/fi\/wp-json\/wp\/v2\/product\/21977","targetHints":{"allow":["GET"]}}],"collection":[{"href":"https:\/\/macchiaverde-bio.shop\/fi\/wp-json\/wp\/v2\/product"}],"about":[{"href":"https:\/\/macchiaverde-bio.shop\/fi\/wp-json\/wp\/v2\/types\/product"}],"replies":[{"embeddable":true,"href":"https:\/\/macchiaverde-bio.shop\/fi\/wp-json\/wp\/v2\/comments?post=21977"}],"wp:featuredmedia":[{"embeddable":true,"href":"https:\/\/macchiaverde-bio.shop\/fi\/wp-json\/wp\/v2\/media\/21979"}],"wp:attachment":[{"href":"https:\/\/macchiaverde-bio.shop\/fi\/wp-json\/wp\/v2\/media?parent=21977"}],"wp:term":[{"taxonomy":"product_brand","embeddable":true,"href":"https:\/\/macchiaverde-bio.shop\/fi\/wp-json\/wp\/v2\/product_brand?post=21977"},{"taxonomy":"product_cat","embeddable":true,"href":"https:\/\/macchiaverde-bio.shop\/fi\/wp-json\/wp\/v2\/product_cat?post=21977"},{"taxonomy":"product_tag","embeddable":true,"href":"https:\/\/macchiaverde-bio.shop\/fi\/wp-json\/wp\/v2\/product_tag?post=21977"}],"curies":[{"name":"wp","href":"https:\/\/api.w.org\/{rel}","templated":true}]}}