{"id":21969,"date":"2020-01-12T21:59:11","date_gmt":"2020-01-12T20:59:11","guid":{"rendered":"https:\/\/macchiaverde-bio.shop\/produkt\/olive-oil-trio-tasting-set-3-x-500-ml\/"},"modified":"2025-02-25T18:26:43","modified_gmt":"2025-02-25T17:26:43","slug":"olive-oil-trio-tasting-set-3-x-500-ml","status":"publish","type":"product","link":"https:\/\/macchiaverde-bio.shop\/fi\/produkt\/olive-oil-trio-tasting-set-3-x-500-ml\/","title":{"rendered":"Olive Oil Trio &#8211; Tasting Set &#8211; 3 x 500 ml"},"content":{"rendered":"","protected":false},"excerpt":{"rendered":"<p>Oliivi\u00f6ljyaloitussetti, jossa on 3 luomuoliivi\u00f6ljy\u00e4mme ep\u00e4varmalle! Kokeile yksi 500 ml:n pullo &#8221;Smeraldo&#8221;, &#8221;Eliodoro&#8221; ja 500 ml &#8221;Classico&#8221;. P\u00e4\u00e4t\u00e4, mist\u00e4 kolmesta \u00f6ljyst\u00e4 pid\u00e4t eniten.  <\/p>\n","protected":false},"featured_media":21980,"comment_status":"open","ping_status":"closed","template":"","meta":[],"product_brand":[],"product_cat":[1601,1596],"product_tag":[1602,1604,1598,1607],"class_list":{"0":"post-21969","1":"product","2":"type-product","3":"status-publish","4":"has-post-thumbnail","6":"product_cat-erikoistarjouksia","7":"product_cat-oliivioeljypulloja","8":"product_tag-luomu","9":"product_tag-naeytesarja","10":"product_tag-oliivioeljy","11":"product_tag-tilata","13":"first","14":"instock","15":"taxable","16":"shipping-taxable","17":"purchasable","18":"product-type-simple"},"_links":{"self":[{"href":"https:\/\/macchiaverde-bio.shop\/fi\/wp-json\/wp\/v2\/product\/21969","targetHints":{"allow":["GET"]}}],"collection":[{"href":"https:\/\/macchiaverde-bio.shop\/fi\/wp-json\/wp\/v2\/product"}],"about":[{"href":"https:\/\/macchiaverde-bio.shop\/fi\/wp-json\/wp\/v2\/types\/product"}],"replies":[{"embeddable":true,"href":"https:\/\/macchiaverde-bio.shop\/fi\/wp-json\/wp\/v2\/comments?post=21969"}],"wp:featuredmedia":[{"embeddable":true,"href":"https:\/\/macchiaverde-bio.shop\/fi\/wp-json\/wp\/v2\/media\/21980"}],"wp:attachment":[{"href":"https:\/\/macchiaverde-bio.shop\/fi\/wp-json\/wp\/v2\/media?parent=21969"}],"wp:term":[{"taxonomy":"product_brand","embeddable":true,"href":"https:\/\/macchiaverde-bio.shop\/fi\/wp-json\/wp\/v2\/product_brand?post=21969"},{"taxonomy":"product_cat","embeddable":true,"href":"https:\/\/macchiaverde-bio.shop\/fi\/wp-json\/wp\/v2\/product_cat?post=21969"},{"taxonomy":"product_tag","embeddable":true,"href":"https:\/\/macchiaverde-bio.shop\/fi\/wp-json\/wp\/v2\/product_tag?post=21969"}],"curies":[{"name":"wp","href":"https:\/\/api.w.org\/{rel}","templated":true}]}}