{"id":21965,"date":"2019-12-09T18:40:29","date_gmt":"2019-12-09T17:40:29","guid":{"rendered":"https:\/\/macchiaverde-bio.shop\/produkt\/luomu-oliivioeljy-leliodoro-pullot-3-x-500-ml\/"},"modified":"2019-12-09T18:40:29","modified_gmt":"2019-12-09T17:40:29","slug":"luomu-oliivioeljy-leliodoro-pullot-3-x-500-ml","status":"publish","type":"product","link":"https:\/\/macchiaverde-bio.shop\/fi\/produkt\/luomu-oliivioeljy-leliodoro-pullot-3-x-500-ml\/","title":{"rendered":"Luomu oliivi\u00f6ljy &#8211; L&#8217;Eliodoro &#8211; Pullot 3 x 500 ml"},"content":{"rendered":"","protected":false},"excerpt":{"rendered":"<p>EXTRA VIRGIN OLIIVI\u00d6LJY<br \/>\n \u2013 KYLM\u00c4PAINEISTETTU \u2013<br \/>\n<strong>&#8211; 3 pullon laatikko &#8211;<\/strong><br \/>\n Korkealaatuinen, ekstraluokan oliivi\u00f6ljy, joka on saatu suoraan oliiveistamme ja vain mekaanisia prosesseja k\u00e4ytt\u00e4en. EXTRA VERGINE MACCHIA VERDE BIO -oliivi\u00f6ljymme on artesaanituote, joka on valmistettu perinteiden, intohimon ja rakkauden hedelm\u00e4st\u00e4 maata kohtaan. Se on saatu yksinomaan luomuoliiveista luonnon ja ymp\u00e4rist\u00f6n suojelemiseksi, ja sit\u00e4 valvotaan huolellisesti jokaisessa tuotantovaiheessa.  <\/p>\n","protected":false},"featured_media":21967,"comment_status":"open","ping_status":"closed","template":"","meta":[],"product_brand":[],"product_cat":[1596],"product_tag":[1599,1600,1598],"class_list":{"0":"post-21965","1":"product","2":"type-product","3":"status-publish","4":"has-post-thumbnail","6":"product_cat-oliivioeljypulloja","7":"product_tag-hedelmaeinen","8":"product_tag-intensiivinen","9":"product_tag-oliivioeljy","11":"first","12":"instock","13":"taxable","14":"shipping-taxable","15":"purchasable","16":"product-type-simple"},"_links":{"self":[{"href":"https:\/\/macchiaverde-bio.shop\/fi\/wp-json\/wp\/v2\/product\/21965","targetHints":{"allow":["GET"]}}],"collection":[{"href":"https:\/\/macchiaverde-bio.shop\/fi\/wp-json\/wp\/v2\/product"}],"about":[{"href":"https:\/\/macchiaverde-bio.shop\/fi\/wp-json\/wp\/v2\/types\/product"}],"replies":[{"embeddable":true,"href":"https:\/\/macchiaverde-bio.shop\/fi\/wp-json\/wp\/v2\/comments?post=21965"}],"wp:featuredmedia":[{"embeddable":true,"href":"https:\/\/macchiaverde-bio.shop\/fi\/wp-json\/wp\/v2\/media\/21967"}],"wp:attachment":[{"href":"https:\/\/macchiaverde-bio.shop\/fi\/wp-json\/wp\/v2\/media?parent=21965"}],"wp:term":[{"taxonomy":"product_brand","embeddable":true,"href":"https:\/\/macchiaverde-bio.shop\/fi\/wp-json\/wp\/v2\/product_brand?post=21965"},{"taxonomy":"product_cat","embeddable":true,"href":"https:\/\/macchiaverde-bio.shop\/fi\/wp-json\/wp\/v2\/product_cat?post=21965"},{"taxonomy":"product_tag","embeddable":true,"href":"https:\/\/macchiaverde-bio.shop\/fi\/wp-json\/wp\/v2\/product_tag?post=21965"}],"curies":[{"name":"wp","href":"https:\/\/api.w.org\/{rel}","templated":true}]}}