{"id":79,"date":"2019-08-21T19:34:58","date_gmt":"2019-08-21T17:34:58","guid":{"rendered":"https:\/\/www.olivenoel-muehle.de\/wp_oem\/widerrufsbelehrung\/"},"modified":"2021-12-28T15:33:33","modified_gmt":"2021-12-28T14:33:33","slug":"widerrufsbelehrung","status":"publish","type":"page","link":"https:\/\/macchiaverde-bio.shop\/fi\/widerrufsbelehrung\/","title":{"rendered":"Widerrufsbelehrung"},"content":{"rendered":"\n  <div id=\"page-header-1401640135\" class=\"page-header-wrapper\">\n  <div class=\"page-title dark featured-title\">\n\n    \n    <div class=\"page-title-inner container align-center flex-row medium-flex-wrap\" >\n              <div class=\"title-wrapper uppercase flex-col text-left medium-text-center\">\n          <h1 class=\"entry-title mb-0\">\n            WIDERRUFSBELEHRUNG          <\/h1>\n        <\/div>\n                    <div class=\"title-content flex-col flex-right text-right medium-text-center\">\n        <div class=\"title-breadcrumbs pb-half pt-half\"><nav class=\"woocommerce-breadcrumb breadcrumbs uppercase\" aria-label=\"Breadcrumb\">Etusivu<\/nav><\/div>      <\/div>\n    <\/div>\n\n       <\/div>\n    <\/div>\n  \n\n<p>Sie sind mit dem gekauften Oliven\u00f6l oder einem der Produkte nicht zufrieden? Hier finden Sie die formalen Rahmenbedingungen die f\u00fcr Ihren Einkauf bei olivenoel-muehle.de gelten.<br \/>Gesetzlich steht Ihnen ein Widerrufsrecht zu:<\/p>\n<p>Sie haben das Recht, binnen vierzehn Tagen ohne Angabe von Gr\u00fcnden diesen Vertrag zu widerrufen.<\/p>\n<p>Bitte beachten Sie, dass Ihre Bestellungen zur beschleunigten Auslieferung automatisiert an unser Versand-Zentrum \u00fcbermittelt werden und eine nachtr\u00e4gliche Stornierung nach \u00dcbermittlung aus prozessualen Gr\u00fcnden nicht mehr m\u00f6glich ist!<\/p>\n<p>Die Widerrufsfrist betr\u00e4gt vierzehn Tage ab dem Tag an dem Sie oder ein von Ihnen benannter Dritter, der nicht der Bef\u00f6rderer ist, die Waren in Besitz genommen haben bzw. hat. Um Ihr Widerrufsrecht auszu\u00fcben, m\u00fcssen Sie uns mittels einer eindeutigen Erkl\u00e4rung an:<\/p>\n<p><strong>Oleificio<\/strong><\/p>\n<p><strong>MACCHIA VERDE BIO<\/strong><br \/>di Caterina Scarola<\/p>\n<p>Via Soldato Pasquale Giovanniello Nr. 1<br \/>70025\u00a0Grumo Appula (BA)<br \/>Italy<\/p>\n<p>E-Mail-Adresse: <a href=\"mailto:info@macchiaverdebio.it\">info@macchiaverdebio.it<\/a><\/p>\n<p>\u00fcber Ihren Entschluss, diesen Vertrag zu widerrufen, informieren.<\/p>\n<h3>Widerrufsfolgen<\/h3>\n<p>Wenn Sie diesen Vertrag widerrufen, haben wir Ihnen alle Zahlungen, die wir von Ihnen erhalten haben, einschlie\u00dflich der Lieferkosten \u2013 in Abh\u00e4ngigkeit der H\u00f6he Bestellkosten (siehe unten) (mit Ausnahme der zus\u00e4tzlichen Kosten, die sich daraus ergeben, dass Sie eine andere Art der Lieferung als die von uns angebotene, g\u00fcnstigste Standardlieferung gew\u00e4hlt haben), unverz\u00fcglich und sp\u00e4testens binnen vierzehn Tagen ab dem Tag zur\u00fcckzuzahlen, an dem die Mitteilung \u00fcber Ihren Widerruf dieses Vertrags bei uns eingegangen ist. F\u00fcr diese R\u00fcckzahlung verwenden wir dasselbe Zahlungsmittel, das Sie bei der urspr\u00fcnglichen Transaktion eingesetzt haben, es sei denn, mit Ihnen wurde ausdr\u00fccklich etwas anderes vereinbart; in keinem Fall werden Ihnen wegen dieser R\u00fcckzahlung Entgelte berechnet. Sie haben die Waren unverz\u00fcglich und in jedem Fall sp\u00e4testens binnen vierzehn Tagen ab dem Tag, an dem Sie uns \u00fcber den Widerruf dieses Vertrags unterrichten, an uns zur\u00fcckzusenden. Die Frist ist gewahrt, wenn Sie die Waren vor Ablauf der Frist von vierzehn Tagen absenden.<\/p>\n<p>F\u00fcr Bestellungen \u00fcber 59 Euro \u00fcbernehmen wir eventuelle R\u00fccksendekosten, sofern Sie einen Retourenauftrag beantragt haben. F\u00fcr Bestellungen unter 59 Euro \u00fcbernehmen wir die R\u00fccksendekosten nicht. Auch hier ist ein Retourenauftrag notwendig. Diese Regelung gilt auch f\u00fcr Bestellungen, die nach Auftragserteilung noch vor der Versendung storniert werden, da ein Eingriff in die Prozesskette aufgrund der Volumina nicht m\u00f6glich ist.<\/p>\n<p><strong>WICHTIG:<br \/><\/strong>Bitte kontaktieren Sie uns um einen Retourenauftrag und eine Best\u00e4tigung zu erhalten bevor ! Sie die Ware an uns zur\u00fcck senden. Waren oder Sendungen ohne Retouren-Auftrag k\u00f6nnen nicht angenommen oder verarbeitet werden. Einen Retourenauftrag k\u00f6nnen Sie formlos via Kontaktformular erstellen.<\/p>\n<p>Produkte (Flaschen, Kanister, Baginbox) die bereits ge\u00f6ffnet (z.B. Oliven\u00f6l oder Feinkostartikel) wurden sind von der R\u00fcckgabe ausgeschlossen.<\/p>\n\n","protected":false},"excerpt":{"rendered":"","protected":false},"author":1,"featured_media":0,"parent":0,"menu_order":13,"comment_status":"closed","ping_status":"closed","template":"","meta":{"footnotes":""},"class_list":["post-79","page","type-page","status-publish","hentry"],"_links":{"self":[{"href":"https:\/\/macchiaverde-bio.shop\/fi\/wp-json\/wp\/v2\/pages\/79","targetHints":{"allow":["GET"]}}],"collection":[{"href":"https:\/\/macchiaverde-bio.shop\/fi\/wp-json\/wp\/v2\/pages"}],"about":[{"href":"https:\/\/macchiaverde-bio.shop\/fi\/wp-json\/wp\/v2\/types\/page"}],"author":[{"embeddable":true,"href":"https:\/\/macchiaverde-bio.shop\/fi\/wp-json\/wp\/v2\/users\/1"}],"replies":[{"embeddable":true,"href":"https:\/\/macchiaverde-bio.shop\/fi\/wp-json\/wp\/v2\/comments?post=79"}],"version-history":[{"count":0,"href":"https:\/\/macchiaverde-bio.shop\/fi\/wp-json\/wp\/v2\/pages\/79\/revisions"}],"wp:attachment":[{"href":"https:\/\/macchiaverde-bio.shop\/fi\/wp-json\/wp\/v2\/media?parent=79"}],"curies":[{"name":"wp","href":"https:\/\/api.w.org\/{rel}","templated":true}]}}