{"id":22089,"date":"2019-08-21T19:34:58","date_gmt":"2019-08-21T17:34:58","guid":{"rendered":"https:\/\/macchiaverde-bio.shop\/toimitustavat\/"},"modified":"2025-02-25T18:32:19","modified_gmt":"2025-02-25T17:32:19","slug":"toimitustavat","status":"publish","type":"page","link":"https:\/\/macchiaverde-bio.shop\/fi\/toimitustavat\/","title":{"rendered":"toimitustavat"},"content":{"rendered":"\n<div class=\"container section-title-container\" ><h1 class=\"section-title section-title-normal\"><b aria-hidden=\"true\"><\/b><span class=\"section-title-main\" >toimitustavat<\/span><b aria-hidden=\"true\"><\/b><\/h1><\/div>\n\n<p> <\/p>\n<h3><span style=\"color: #555555;\"><span style=\"caret-color: #555555;\">Kansalliset ritarikunnat<br><\/span><\/span><\/h3>\n<p>Emme <strong>veloita toimituskuluja<\/strong> kaikista macchiaverde-bio.shop-tilauksista <strong>Saksassa<\/strong> ja <strong>It\u00e4vallassa<\/strong> .<br> T\u00e4m\u00e4 koskee kaikkia l\u00e4hetyksi\u00e4, joiden kokonaispaino on enint\u00e4\u00e4n 16,5 kg.<br> Oliivi\u00f6ljytilauksesi l\u00e4hetet\u00e4\u00e4n suoraan Italiasta eri kuriirien avulla.<\/p>\n<p> <\/p>\n<h3><span style=\"color: #555555;\"><span style=\"caret-color: #555555;\">Kansainv\u00e4liset tilaukset<br><\/span><\/span><\/h3>\n<p>Toimitamme\/toimitamme seuraaviin maihin:<\/p>\n<div class=\"row row-small\" style=\"max-width:75%\" id=\"row-1040588318\">\n\n\n\t<div id=\"col-334359858\" class=\"col medium-3 small-12 large-3\"  >\n\t\t\t\t<div class=\"col-inner\"  >\n\t\t\t\n\t\t\t\n\n<ul>\n<li class=\"av-special-heading-tag\">Belgia<\/li>\n<li>Tanska<\/li>\n<li>Englanti<\/li>\n<li>Suomi<\/li>\n<li>Ranska<\/li>\n<li class=\"av-special-heading-tag\">Liechtenstein<\/li>\n<\/ul>\n\n\t\t<\/div>\n\t\t\t\t\t<\/div>\n\n\t\n\n\t<div id=\"col-1768826484\" class=\"col medium-3 small-12 large-3\"  >\n\t\t\t\t<div class=\"col-inner\"  >\n\t\t\t\n\t\t\t\n\n<ul>\n<li class=\"av-special-heading-tag\">Luxemburg<\/li>\n<li class=\"av-special-heading-tag\">Alankomaat<\/li>\n<li>Norja<\/li>\n<li class=\"av-special-heading-tag\">Puola<\/li>\n<li>Ruotsi<\/li>\n<\/ul>\n\n\t\t<\/div>\n\t\t\t\t\t<\/div>\n\n\t\n\n\t<div id=\"col-1923465441\" class=\"col medium-3 small-12 large-3\"  >\n\t\t\t\t<div class=\"col-inner\"  >\n\t\t\t\n\t\t\t\n\n<ul>\n<li class=\"av-special-heading-tag\">Sveitsi<\/li>\n<li class=\"av-special-heading-tag\">Slovakia<\/li>\n<li class=\"av-special-heading-tag\">Slovenia<\/li>\n<li class=\"av-special-heading-tag\">T\u0161ekin tasavalta<\/li>\n<li class=\"av-special-heading-tag\">Unkari<\/li>\n<\/ul>\n\n\t\t<\/div>\n\t\t\t\t\t<\/div>\n\n\t\n\n<\/div>\n<h3>Kansainv\u00e4liset toimituskulut<\/h3>\n<p>Korkeampien toimituskulujen vuoksi veloitamme 14,90 euron toimitusmaksun.<\/p>\n<div class=\"is-divider divider clearfix\" style=\"max-width:100%;height:1px;\"><\/div>\n\n<h3 class=\"av-special-heading-tag\">Toimituskumppanimme<\/h3>\n<div class=\"row align-middle align-center\"  id=\"row-1773075118\">\n\n\n\t<div id=\"col-1202141667\" class=\"col medium-3 small-6 large-3\"  >\n\t\t\t\t<div class=\"col-inner\"  >\n\t\t\t\n\t\t\t\n\n\t<div class=\"img has-hover x md-x lg-x y md-y lg-y\" id=\"image_894395810\">\n\t\t\t\t\t\t\t\t<div class=\"img-inner dark\" >\n\t\t\t\t\t\t\t\t\t\n\t\t\t\t\t<\/div>\n\t\t\t\t\t\t\t\t\n<style>\n#image_894395810 {\n  width: 100%;\n}\n<\/style>\n\t<\/div>\n\t\n\n\n\t\t<\/div>\n\t\t\t\t\t<\/div>\n\n\t\n\n\t<div id=\"col-1310203144\" class=\"col medium-3 small-6 large-3\"  >\n\t\t\t\t<div class=\"col-inner\"  >\n\t\t\t\n\t\t\t\n\n\t<div class=\"img has-hover x md-x lg-x y md-y lg-y\" id=\"image_1270170398\">\n\t\t\t\t\t\t\t\t<div class=\"img-inner dark\" >\n\t\t\t\t\t\t\t\t\t\n\t\t\t\t\t<\/div>\n\t\t\t\t\t\t\t\t\n<style>\n#image_1270170398 {\n  width: 100%;\n}\n<\/style>\n\t<\/div>\n\t\n\n\n\t\t<\/div>\n\t\t\t\t\t<\/div>\n\n\t\n\n\t<div id=\"col-618436552\" class=\"col medium-3 small-6 large-3\"  >\n\t\t\t\t<div class=\"col-inner\"  >\n\t\t\t\n\t\t\t\n\n\t<div class=\"img has-hover x md-x lg-x y md-y lg-y\" id=\"image_274816945\">\n\t\t\t\t\t\t\t\t<div class=\"img-inner dark\" >\n\t\t\t\t\t\t\t\t\t\n\t\t\t\t\t<\/div>\n\t\t\t\t\t\t\t\t\n<style>\n#image_274816945 {\n  width: 100%;\n}\n<\/style>\n\t<\/div>\n\t\n\n\n\t\t<\/div>\n\t\t\t\t\t<\/div>\n\n\t\n\n\t<div id=\"col-839440344\" class=\"col medium-3 small-6 large-3\"  >\n\t\t\t\t<div class=\"col-inner\"  >\n\t\t\t\n\t\t\t\n\n\t<div class=\"img has-hover x md-x lg-x y md-y lg-y\" id=\"image_255296549\">\n\t\t\t\t\t\t\t\t<div class=\"img-inner dark\" >\n\t\t\t\t\t\t\t\t\t\n\t\t\t\t\t<\/div>\n\t\t\t\t\t\t\t\t\n<style>\n#image_255296549 {\n  width: 100%;\n}\n<\/style>\n\t<\/div>\n\t\n\n\n\t\t<\/div>\n\t\t\t\t\t<\/div>\n\n\t\n\n<\/div>\n\n","protected":false},"excerpt":{"rendered":"","protected":false},"author":1,"featured_media":0,"parent":0,"menu_order":12,"comment_status":"closed","ping_status":"closed","template":"","meta":{"footnotes":""},"class_list":["post-22089","page","type-page","status-publish","hentry"],"_links":{"self":[{"href":"https:\/\/macchiaverde-bio.shop\/fi\/wp-json\/wp\/v2\/pages\/22089","targetHints":{"allow":["GET"]}}],"collection":[{"href":"https:\/\/macchiaverde-bio.shop\/fi\/wp-json\/wp\/v2\/pages"}],"about":[{"href":"https:\/\/macchiaverde-bio.shop\/fi\/wp-json\/wp\/v2\/types\/page"}],"author":[{"embeddable":true,"href":"https:\/\/macchiaverde-bio.shop\/fi\/wp-json\/wp\/v2\/users\/1"}],"replies":[{"embeddable":true,"href":"https:\/\/macchiaverde-bio.shop\/fi\/wp-json\/wp\/v2\/comments?post=22089"}],"version-history":[{"count":0,"href":"https:\/\/macchiaverde-bio.shop\/fi\/wp-json\/wp\/v2\/pages\/22089\/revisions"}],"wp:attachment":[{"href":"https:\/\/macchiaverde-bio.shop\/fi\/wp-json\/wp\/v2\/media?parent=22089"}],"curies":[{"name":"wp","href":"https:\/\/api.w.org\/{rel}","templated":true}]}}