{"id":8552,"date":"2020-04-29T00:57:50","date_gmt":"2020-04-28T22:57:50","guid":{"rendered":"https:\/\/www.olivenoel-muehle.de\/?post_type=product&#038;p=8552"},"modified":"2024-03-28T03:12:08","modified_gmt":"2024-03-28T02:12:08","slug":"bio-olivenoel-lo-smeraldo-leliodoro-bag-in-box-2-x-5-l","status":"publish","type":"product","link":"https:\/\/macchiaverde-bio.shop\/de\/produkt\/bio-olivenoel-lo-smeraldo-leliodoro-bag-in-box-2-x-5-l\/","title":{"rendered":"Bio Oliven\u00f6l \u2013 Lo Smeraldo + L&#8217;Eliodoro &#8211; Bag in Box 2 x 5 L"},"content":{"rendered":"","protected":false},"excerpt":{"rendered":"<p><strong>Bio-Oliven\u00f6l: Smeraldo + Eliodoro &#8211; 2 x 5 Liter Bag in Box &#8211;<\/strong><\/p>\n<p>Lo Smeraldo ist ein hochwertiges, reichhaltiges und vollmundiges gr\u00fcnes \u00d6l, das aus 100% Coratina-Oliven gepresst wird. Es hat Jahr f\u00fcr Jahr an allen nationalen und internationalen Wettbewerben teilgenommen und wurde mehrfach mit Platin in der Kategorie &#8222;voll Fruchtig&#8220; ausgezeichnet. Mit <strong>1246 mg\/kg<\/strong> Polyphenolen geh\u00f6rt es zu den f\u00fchrenden internationalen Oliven\u00f6len. Eliodoro ist ein ausgewogenes, goldgelbes \u00d6l von h\u00f6chster Qualit\u00e4t, das zu 70 Prozent aus Coratina- und zu 30 Prozent aus Ogliarola-Oliven gewonnen wird. Es wurde bei nationalen und internationalen Wettbewerben mit Silbermedaillen in der Kategorie &#8222;mittel-fruchtig&#8220; ausgezeichnet und liegt mit 714 mg\/kg Polyphenolen an der Spitze dieser Kategorie.<\/p>\n","protected":false},"featured_media":13230,"comment_status":"closed","ping_status":"closed","template":"","meta":[],"product_brand":[],"product_cat":[576,574],"product_tag":[56,54],"class_list":{"0":"post-8552","1":"product","2":"type-product","3":"status-publish","4":"has-post-thumbnail","6":"product_cat-olivenoel-sonderangebote","7":"product_cat-olivenoel-bag-in-box","8":"product_tag-fruchtig","9":"product_tag-olivenoel","11":"first","12":"instock","13":"taxable","14":"shipping-taxable","15":"purchasable","16":"product-type-simple"},"_links":{"self":[{"href":"https:\/\/macchiaverde-bio.shop\/de\/wp-json\/wp\/v2\/product\/8552","targetHints":{"allow":["GET"]}}],"collection":[{"href":"https:\/\/macchiaverde-bio.shop\/de\/wp-json\/wp\/v2\/product"}],"about":[{"href":"https:\/\/macchiaverde-bio.shop\/de\/wp-json\/wp\/v2\/types\/product"}],"replies":[{"embeddable":true,"href":"https:\/\/macchiaverde-bio.shop\/de\/wp-json\/wp\/v2\/comments?post=8552"}],"wp:featuredmedia":[{"embeddable":true,"href":"https:\/\/macchiaverde-bio.shop\/de\/wp-json\/wp\/v2\/media\/13230"}],"wp:attachment":[{"href":"https:\/\/macchiaverde-bio.shop\/de\/wp-json\/wp\/v2\/media?parent=8552"}],"wp:term":[{"taxonomy":"product_brand","embeddable":true,"href":"https:\/\/macchiaverde-bio.shop\/de\/wp-json\/wp\/v2\/product_brand?post=8552"},{"taxonomy":"product_cat","embeddable":true,"href":"https:\/\/macchiaverde-bio.shop\/de\/wp-json\/wp\/v2\/product_cat?post=8552"},{"taxonomy":"product_tag","embeddable":true,"href":"https:\/\/macchiaverde-bio.shop\/de\/wp-json\/wp\/v2\/product_tag?post=8552"}],"curies":[{"name":"wp","href":"https:\/\/api.w.org\/{rel}","templated":true}]}}