{"id":7749,"date":"2020-04-05T04:36:31","date_gmt":"2020-04-05T02:36:31","guid":{"rendered":"https:\/\/www.olivenoel-muehle.de\/?post_type=product&#038;p=7749"},"modified":"2026-01-02T00:25:02","modified_gmt":"2026-01-01T23:25:02","slug":"olivenoel-geschenkbox-2","status":"publish","type":"product","link":"https:\/\/macchiaverde-bio.shop\/de\/produkt\/olivenoel-geschenkbox-2\/","title":{"rendered":"Oliven\u00f6l Geschenkbox 2"},"content":{"rendered":"","protected":false},"excerpt":{"rendered":"<p><strong>&#8211; Geschenkpackung Oliven\u00f6l &#8211;<\/strong><br \/>\nDiese Geschenkbox f\u00fcr Feinschmecker wird ein Hit sein, wenn Sie anspruchsvolle Menschen beschenken.<\/p>\n<p>Sie enth\u00e4lt zwei 500-ml-Flaschen:<br \/>\n1 x Smeraldo, ein reichhaltiges, vollmundiges gr\u00fcnes \u00d6l von h\u00f6chster Qualit\u00e4t, wird<br \/>\nwird aus 100% Coratina-Oliven gepresst. Es hat Jahr f\u00fcr Jahr an allen nationalen und internationalen Wettbewerben teilgenommen und wurde mit einer Goldmedaille in der Kategorie &#8222;Vollfruchtig&#8220; ausgezeichnet. Mit seinen 710 mg\/kg Polyphenolen (Ernte 2019\/2020) steht es an der Spitze der internationalen \u00d6lproduktion.<br \/>\n1x Eliodoro, ein ausgewogenes, goldgelbes \u00d6l von h\u00f6chster Qualit\u00e4t, wird<br \/>\nwird zu 70% aus Coratina- und zu 30% aus Ogliarola-Oliven gewonnen. Es hat an allen nationalen und internationalen Wettbewerben teilgenommen und wurde bis zur Silbermedaille in der Kategorie &#8222;mittel-fruchtig&#8220; ausgezeichnet.<\/p>\n","protected":false},"featured_media":7750,"comment_status":"open","ping_status":"closed","template":"","meta":[],"product_brand":[],"product_cat":[677,52],"product_tag":[565,56,57,54],"class_list":{"0":"post-7749","1":"product","2":"type-product","3":"status-publish","4":"has-post-thumbnail","6":"product_cat-geschenkboxen","7":"product_cat-olivenoel-flaschen","8":"product_tag-angebot","9":"product_tag-fruchtig","10":"product_tag-intensiv","11":"product_tag-olivenoel","13":"first","14":"instock","15":"taxable","16":"shipping-taxable","17":"purchasable","18":"product-type-simple"},"_links":{"self":[{"href":"https:\/\/macchiaverde-bio.shop\/de\/wp-json\/wp\/v2\/product\/7749","targetHints":{"allow":["GET"]}}],"collection":[{"href":"https:\/\/macchiaverde-bio.shop\/de\/wp-json\/wp\/v2\/product"}],"about":[{"href":"https:\/\/macchiaverde-bio.shop\/de\/wp-json\/wp\/v2\/types\/product"}],"replies":[{"embeddable":true,"href":"https:\/\/macchiaverde-bio.shop\/de\/wp-json\/wp\/v2\/comments?post=7749"}],"wp:featuredmedia":[{"embeddable":true,"href":"https:\/\/macchiaverde-bio.shop\/de\/wp-json\/wp\/v2\/media\/7750"}],"wp:attachment":[{"href":"https:\/\/macchiaverde-bio.shop\/de\/wp-json\/wp\/v2\/media?parent=7749"}],"wp:term":[{"taxonomy":"product_brand","embeddable":true,"href":"https:\/\/macchiaverde-bio.shop\/de\/wp-json\/wp\/v2\/product_brand?post=7749"},{"taxonomy":"product_cat","embeddable":true,"href":"https:\/\/macchiaverde-bio.shop\/de\/wp-json\/wp\/v2\/product_cat?post=7749"},{"taxonomy":"product_tag","embeddable":true,"href":"https:\/\/macchiaverde-bio.shop\/de\/wp-json\/wp\/v2\/product_tag?post=7749"}],"curies":[{"name":"wp","href":"https:\/\/api.w.org\/{rel}","templated":true}]}}