{"id":7746,"date":"2020-04-05T04:05:37","date_gmt":"2020-04-05T02:05:37","guid":{"rendered":"https:\/\/www.olivenoel-muehle.de\/?post_type=product&#038;p=7746"},"modified":"2026-01-02T00:25:19","modified_gmt":"2026-01-01T23:25:19","slug":"olivenoel-geschenkbox-1","status":"publish","type":"product","link":"https:\/\/macchiaverde-bio.shop\/de\/produkt\/olivenoel-geschenkbox-1\/","title":{"rendered":"Oliven\u00f6l Geschenkbox 1"},"content":{"rendered":"","protected":false},"excerpt":{"rendered":"<p><strong>&#8211; Oliven\u00f6l-Geschenkpaket &#8211;<\/strong><br \/>\nDieses Gourmet-Geschenkpaket ist ein Hit unter den Geschenken f\u00fcr Anspruchsvolle.<\/p>\n<p>Es enth\u00e4lt:<br \/>\nEine 500-ml-Flasche Smeraldo, ein \u00fcppiges, vollmundiges gr\u00fcnes \u00d6l von h\u00f6chster Qualit\u00e4t, gepresst aus 100% Coratina-Oliven. Es hat Jahr f\u00fcr Jahr an allen nationalen und internationalen Wettbewerben teilgenommen, Goldmedaillen in der Kategorie &#8222;Vollfruchtig&#8220; gewonnen und steht mit seinen Polyphenolen von 1081 mg\/kg (Ernte 2021\/2022) an der Spitze der internationalen Oliven\u00f6lproduktion.<\/p>\n<p>Filippo Cea&#8220;-Mandeln, die K\u00f6nigin der Mandeln in Bezug auf Aroma und Inhaltsstoffe (dank ihres Gehalts an Kalzium, Magnesium, Kalium sowie Vitamin E und B),<\/p>\n<p>und unsere riesigen, in Salzlake gef\u00fcllten Oliven in unserem Oliven\u00f6l.<\/p>\n","protected":false},"featured_media":7745,"comment_status":"open","ping_status":"closed","template":"","meta":[],"product_brand":[],"product_cat":[677,52],"product_tag":[565,56,57,54],"class_list":{"0":"post-7746","1":"product","2":"type-product","3":"status-publish","4":"has-post-thumbnail","6":"product_cat-geschenkboxen","7":"product_cat-olivenoel-flaschen","8":"product_tag-angebot","9":"product_tag-fruchtig","10":"product_tag-intensiv","11":"product_tag-olivenoel","13":"first","14":"instock","15":"taxable","16":"shipping-taxable","17":"purchasable","18":"product-type-simple"},"_links":{"self":[{"href":"https:\/\/macchiaverde-bio.shop\/de\/wp-json\/wp\/v2\/product\/7746","targetHints":{"allow":["GET"]}}],"collection":[{"href":"https:\/\/macchiaverde-bio.shop\/de\/wp-json\/wp\/v2\/product"}],"about":[{"href":"https:\/\/macchiaverde-bio.shop\/de\/wp-json\/wp\/v2\/types\/product"}],"replies":[{"embeddable":true,"href":"https:\/\/macchiaverde-bio.shop\/de\/wp-json\/wp\/v2\/comments?post=7746"}],"wp:featuredmedia":[{"embeddable":true,"href":"https:\/\/macchiaverde-bio.shop\/de\/wp-json\/wp\/v2\/media\/7745"}],"wp:attachment":[{"href":"https:\/\/macchiaverde-bio.shop\/de\/wp-json\/wp\/v2\/media?parent=7746"}],"wp:term":[{"taxonomy":"product_brand","embeddable":true,"href":"https:\/\/macchiaverde-bio.shop\/de\/wp-json\/wp\/v2\/product_brand?post=7746"},{"taxonomy":"product_cat","embeddable":true,"href":"https:\/\/macchiaverde-bio.shop\/de\/wp-json\/wp\/v2\/product_cat?post=7746"},{"taxonomy":"product_tag","embeddable":true,"href":"https:\/\/macchiaverde-bio.shop\/de\/wp-json\/wp\/v2\/product_tag?post=7746"}],"curies":[{"name":"wp","href":"https:\/\/api.w.org\/{rel}","templated":true}]}}