{"id":7094,"date":"2020-03-16T01:48:54","date_gmt":"2020-03-16T00:48:54","guid":{"rendered":"https:\/\/www.olivenoel-muehle.de\/?post_type=product&#038;p=7094"},"modified":"2023-12-25T03:07:50","modified_gmt":"2023-12-25T02:07:50","slug":"bio-olivenoel-leliodoro-flaschen-6-x-500-ml","status":"publish","type":"product","link":"https:\/\/macchiaverde-bio.shop\/de\/produkt\/bio-olivenoel-leliodoro-flaschen-6-x-500-ml\/","title":{"rendered":"Bio Oliven\u00f6l \u2013 L\u2019Eliodoro &#8211; Flaschen 6 x 500 ml"},"content":{"rendered":"","protected":false},"excerpt":{"rendered":"<p>NATIVES OLIVEN\u00d6L EXTRA<br \/>\n&#8211; KALTGEPRESST &#8211;<br \/>\n<strong>&#8211; Karton mit 6 Flaschen &#8211;<\/strong><br \/>\nL&#8217;Eliodoro ist ein ausgewogenes, goldgelbes Oliven\u00f6l von h\u00f6chster Qualit\u00e4t, das zu 70 % aus Coratina- und zu 30 % aus Ogliarola-Oliven gewonnen wird. Er wurde bei nationalen und internationalen Wettbewerben ausgezeichnet, u. a. mit einer Silbermedaille in der Kategorie &#8222;Medium Fruity&#8220;, und geh\u00f6rt mit einem Polyphenolgehalt von 714 mg\/kg zu den Besten seiner Kategorie.<\/p>\n","protected":false},"featured_media":13357,"comment_status":"closed","ping_status":"closed","template":"","meta":[],"product_brand":[],"product_cat":[52,576],"product_tag":[56,57,54],"class_list":{"0":"post-7094","1":"product","2":"type-product","3":"status-publish","4":"has-post-thumbnail","6":"product_cat-olivenoel-flaschen","7":"product_cat-olivenoel-sonderangebote","8":"product_tag-fruchtig","9":"product_tag-intensiv","10":"product_tag-olivenoel","12":"first","13":"instock","14":"taxable","15":"shipping-taxable","16":"purchasable","17":"product-type-simple"},"_links":{"self":[{"href":"https:\/\/macchiaverde-bio.shop\/de\/wp-json\/wp\/v2\/product\/7094","targetHints":{"allow":["GET"]}}],"collection":[{"href":"https:\/\/macchiaverde-bio.shop\/de\/wp-json\/wp\/v2\/product"}],"about":[{"href":"https:\/\/macchiaverde-bio.shop\/de\/wp-json\/wp\/v2\/types\/product"}],"replies":[{"embeddable":true,"href":"https:\/\/macchiaverde-bio.shop\/de\/wp-json\/wp\/v2\/comments?post=7094"}],"wp:featuredmedia":[{"embeddable":true,"href":"https:\/\/macchiaverde-bio.shop\/de\/wp-json\/wp\/v2\/media\/13357"}],"wp:attachment":[{"href":"https:\/\/macchiaverde-bio.shop\/de\/wp-json\/wp\/v2\/media?parent=7094"}],"wp:term":[{"taxonomy":"product_brand","embeddable":true,"href":"https:\/\/macchiaverde-bio.shop\/de\/wp-json\/wp\/v2\/product_brand?post=7094"},{"taxonomy":"product_cat","embeddable":true,"href":"https:\/\/macchiaverde-bio.shop\/de\/wp-json\/wp\/v2\/product_cat?post=7094"},{"taxonomy":"product_tag","embeddable":true,"href":"https:\/\/macchiaverde-bio.shop\/de\/wp-json\/wp\/v2\/product_tag?post=7094"}],"curies":[{"name":"wp","href":"https:\/\/api.w.org\/{rel}","templated":true}]}}