{"id":7083,"date":"2020-03-16T00:31:53","date_gmt":"2020-03-15T23:31:53","guid":{"rendered":"https:\/\/www.olivenoel-muehle.de\/?post_type=product&#038;p=7083"},"modified":"2023-12-25T03:08:38","modified_gmt":"2023-12-25T02:08:38","slug":"bio-olivenoel-eliodoro-bag-in-box-2-x-5-l","status":"publish","type":"product","link":"https:\/\/macchiaverde-bio.shop\/de\/produkt\/bio-olivenoel-eliodoro-bag-in-box-2-x-5-l\/","title":{"rendered":"Bio Oliven\u00f6l &#8211; L&#8217;Eliodoro &#8211; Bag In Box 2 x 5 L"},"content":{"rendered":"","protected":false},"excerpt":{"rendered":"<p>&#8211; <strong>2 x 5 litri sacchetto in scatola &#8211;<\/strong><br \/>\nL&#8217;Eliodoro \u00e8 un olio d&#8217;oliva giallo dorato ed equilibrato di altissima qualit\u00e0, \u00e8 ottenuto dal 70% di Coratina e per il 30% da olive dell&#8217;Ogliarola. \u00c8 stato premiato in concorsi nazionali e internazionali fino alla medaglia d&#8217;argento nella categoria &#8222;Fruttato medio&#8220;, con i suoi 714 mg\/kg di polifenoli \u00e8 uno dei leader della sua categoria. Nel pratico &#8222;bag in box&#8220;, l&#8217;olio d&#8217;oliva rimane fresco fino all&#8217;ultima goccia come il primo giorno.<\/p>\n","protected":false},"featured_media":13225,"comment_status":"open","ping_status":"closed","template":"","meta":[],"product_brand":[],"product_cat":[574,576],"product_tag":[565,56,57,54],"class_list":{"0":"post-7083","1":"product","2":"type-product","3":"status-publish","4":"has-post-thumbnail","6":"product_cat-olivenoel-bag-in-box","7":"product_cat-olivenoel-sonderangebote","8":"product_tag-angebot","9":"product_tag-fruchtig","10":"product_tag-intensiv","11":"product_tag-olivenoel","13":"first","14":"instock","15":"taxable","16":"shipping-taxable","17":"purchasable","18":"product-type-simple"},"_links":{"self":[{"href":"https:\/\/macchiaverde-bio.shop\/de\/wp-json\/wp\/v2\/product\/7083","targetHints":{"allow":["GET"]}}],"collection":[{"href":"https:\/\/macchiaverde-bio.shop\/de\/wp-json\/wp\/v2\/product"}],"about":[{"href":"https:\/\/macchiaverde-bio.shop\/de\/wp-json\/wp\/v2\/types\/product"}],"replies":[{"embeddable":true,"href":"https:\/\/macchiaverde-bio.shop\/de\/wp-json\/wp\/v2\/comments?post=7083"}],"wp:featuredmedia":[{"embeddable":true,"href":"https:\/\/macchiaverde-bio.shop\/de\/wp-json\/wp\/v2\/media\/13225"}],"wp:attachment":[{"href":"https:\/\/macchiaverde-bio.shop\/de\/wp-json\/wp\/v2\/media?parent=7083"}],"wp:term":[{"taxonomy":"product_brand","embeddable":true,"href":"https:\/\/macchiaverde-bio.shop\/de\/wp-json\/wp\/v2\/product_brand?post=7083"},{"taxonomy":"product_cat","embeddable":true,"href":"https:\/\/macchiaverde-bio.shop\/de\/wp-json\/wp\/v2\/product_cat?post=7083"},{"taxonomy":"product_tag","embeddable":true,"href":"https:\/\/macchiaverde-bio.shop\/de\/wp-json\/wp\/v2\/product_tag?post=7083"}],"curies":[{"name":"wp","href":"https:\/\/api.w.org\/{rel}","templated":true}]}}